{"id":150,"date":"2015-09-24T20:13:19","date_gmt":"2015-09-24T19:13:19","guid":{"rendered":"http:\/\/www.en-autarcie.ch\/?page_id=150"},"modified":"2015-10-03T21:51:55","modified_gmt":"2015-10-03T20:51:55","slug":"permaculture","status":"publish","type":"page","link":"http:\/\/www.en-autarcie.ch\/index.php\/maison-autarcique\/permaculture\/","title":{"rendered":"Permaculture"},"content":{"rendered":"<div class=\"fcbkbttn_buttons_block\" id=\"fcbkbttn_left\"><div class=\"fcbkbttn_button\">\n\t\t\t\t\t<a href=\"https:\/\/www.facebook.com\/\" target=\"_blank\">\n\t\t\t\t\t\t<img src=\"http:\/\/www.en-autarcie.ch\/wp-content\/plugins\/facebook-button-plugin\/images\/standard-facebook-ico.png\" alt=\"Fb-Button\" \/>\n\t\t\t\t\t<\/a>\n\t\t\t\t<\/div><div class=\"fcbkbttn_like \"><fb:like href=\"http:\/\/www.en-autarcie.ch\/index.php\/maison-autarcique\/permaculture\/\" action=\"like\" colorscheme=\"light\" layout=\"standard\"  width=\"225px\" size=\"small\"><\/fb:like><\/div><\/div><p>La permaculture consiste \u00e0 mettre en place un syst\u00e8me d\u2019\u00e9changes productif et harmonieux entre l\u2019homme et la nature. Un lieu am\u00e9nag\u00e9 en pensant aux interactions avec l\u2019environnement permet \u00e0 la nature de travailler de fa\u00e7on autonome et p\u00e9renne.<\/p>\n<p><a href=\"http:\/\/www.en-autarcie.ch\/wp-content\/uploads\/2015\/09\/potager-arrosoir-homme-plante-jardin-main-10570161.jpg\"><img loading=\"lazy\" class=\"size-medium wp-image-152 alignleft\" src=\"http:\/\/www.en-autarcie.ch\/wp-content\/uploads\/2015\/09\/potager-arrosoir-homme-plante-jardin-main-10570161-300x200.jpg\" alt=\"potager-arrosoir-homme-plante-jardin-main-10570161\" width=\"300\" height=\"200\" srcset=\"http:\/\/www.en-autarcie.ch\/wp-content\/uploads\/2015\/09\/potager-arrosoir-homme-plante-jardin-main-10570161-300x200.jpg 300w, http:\/\/www.en-autarcie.ch\/wp-content\/uploads\/2015\/09\/potager-arrosoir-homme-plante-jardin-main-10570161.jpg 499w\" sizes=\"(max-width: 300px) 100vw, 300px\" \/><\/a>Afin de maximiser ces interactions, la maison et son environnement doivent faire partie d\u2019un tout fonctionnel. Discipline se d\u00e9veloppant partout dans le monde, mais encore peu connue en\u00a0Suisse, elle est enseign\u00e9e depuis peu dans plusieurs universit\u00e9s helv\u00e9tiques.<\/p>\n<p>&nbsp;<\/p>\n<p>Suivant ce pr\u00e9cepte, la maison sera construite autour des services qu\u2019elle peut \u00e9changer de fa\u00e7on durable avec son environnement : chaleur, rayonnement, pluie, ombre, lumi\u00e8re, d\u00e9chets v\u00e9g\u00e9taux, production alimentaire. Gr\u00e2ce \u00e0 cela la maison n\u00e9cessite moins d\u2019importation et d\u2019exportation de ressources et g\u00e9n\u00e8re donc moins de pollutions et de d\u00e9sagr\u00e9ments.<\/p>\n<p>&nbsp;<\/p>\n<p>L\u2019utilisation du soleil pour les besoins \u00e9nerg\u00e9tiques de la maison en est un exemple courant, mais la permaculture va plus loin en se pr\u00e9occupant principalement du vivant et de la production alimentaire.<\/p>\n<p>&nbsp;<\/p>\n<p><a href=\"http:\/\/www.en-autarcie.ch\/wp-content\/uploads\/2015\/09\/Graphique-Bill-Mollison.png\"><img loading=\"lazy\" class=\"aligncenter size-full wp-image-129\" src=\"http:\/\/www.en-autarcie.ch\/wp-content\/uploads\/2015\/09\/Graphique-Bill-Mollison.png\" alt=\"Graphique Bill Mollison\" width=\"951\" height=\"401\" srcset=\"http:\/\/www.en-autarcie.ch\/wp-content\/uploads\/2015\/09\/Graphique-Bill-Mollison.png 951w, http:\/\/www.en-autarcie.ch\/wp-content\/uploads\/2015\/09\/Graphique-Bill-Mollison-300x126.png 300w\" sizes=\"(max-width: 951px) 100vw, 951px\" \/><\/a><\/p>\n<p>&nbsp;<\/p>\n","protected":false},"excerpt":{"rendered":"<p>La permaculture consiste \u00e0 mettre en place un syst\u00e8me d\u2019\u00e9changes productif et harmonieux entre l\u2019homme et la nature. Un lieu am\u00e9nag\u00e9 en pensant aux interactions avec l\u2019environnement permet \u00e0 la nature de travailler de fa\u00e7on autonome et p\u00e9renne. Afin de maximiser ces interactions, la maison et son environnement doivent faire partie d\u2019un tout fonctionnel. Discipline [&hellip;]<\/p>\n","protected":false},"author":1,"featured_media":152,"parent":18,"menu_order":0,"comment_status":"open","ping_status":"closed","template":"","meta":{"ngg_post_thumbnail":0},"yoast_head":"<!-- This site is optimized with the Yoast SEO plugin v20.6 - https:\/\/yoast.com\/wordpress\/plugins\/seo\/ -->\n<title>Permaculture - Maison Autarcique<\/title>\n<meta name=\"robots\" content=\"index, follow, max-snippet:-1, max-image-preview:large, max-video-preview:-1\" \/>\n<link rel=\"canonical\" href=\"https:\/\/www.en-autarcie.ch\/index.php\/maison-autarcique\/permaculture\/\" \/>\n<meta property=\"og:locale\" content=\"fr_FR\" \/>\n<meta property=\"og:type\" content=\"article\" \/>\n<meta property=\"og:title\" content=\"Permaculture - Maison Autarcique\" \/>\n<meta property=\"og:description\" content=\"La permaculture consiste \u00e0 mettre en place un syst\u00e8me d\u2019\u00e9changes productif et harmonieux entre l\u2019homme et la nature. Un lieu am\u00e9nag\u00e9 en pensant aux interactions avec l\u2019environnement permet \u00e0 la nature de travailler de fa\u00e7on autonome et p\u00e9renne. Afin de maximiser ces interactions, la maison et son environnement doivent faire partie d\u2019un tout fonctionnel. Discipline [&hellip;]\" \/>\n<meta property=\"og:url\" content=\"https:\/\/www.en-autarcie.ch\/index.php\/maison-autarcique\/permaculture\/\" \/>\n<meta property=\"og:site_name\" content=\"Maison Autarcique\" \/>\n<meta property=\"article:modified_time\" content=\"2015-10-03T20:51:55+00:00\" \/>\n<meta property=\"og:image\" content=\"https:\/\/www.en-autarcie.ch\/wp-content\/uploads\/2015\/09\/potager-arrosoir-homme-plante-jardin-main-10570161.jpg\" \/>\n\t<meta property=\"og:image:width\" content=\"499\" \/>\n\t<meta property=\"og:image:height\" content=\"333\" \/>\n\t<meta property=\"og:image:type\" content=\"image\/jpeg\" \/>\n<meta name=\"twitter:card\" content=\"summary_large_image\" \/>\n<meta name=\"twitter:label1\" content=\"Dur\u00e9e de lecture estim\u00e9e\" \/>\n\t<meta name=\"twitter:data1\" content=\"1 minute\" \/>\n<script type=\"application\/ld+json\" class=\"yoast-schema-graph\">{\"@context\":\"https:\/\/schema.org\",\"@graph\":[{\"@type\":\"WebPage\",\"@id\":\"https:\/\/www.en-autarcie.ch\/index.php\/maison-autarcique\/permaculture\/\",\"url\":\"https:\/\/www.en-autarcie.ch\/index.php\/maison-autarcique\/permaculture\/\",\"name\":\"Permaculture - Maison Autarcique\",\"isPartOf\":{\"@id\":\"http:\/\/www.en-autarcie.ch\/#website\"},\"datePublished\":\"2015-09-24T19:13:19+00:00\",\"dateModified\":\"2015-10-03T20:51:55+00:00\",\"breadcrumb\":{\"@id\":\"https:\/\/www.en-autarcie.ch\/index.php\/maison-autarcique\/permaculture\/#breadcrumb\"},\"inLanguage\":\"fr-FR\",\"potentialAction\":[{\"@type\":\"ReadAction\",\"target\":[\"https:\/\/www.en-autarcie.ch\/index.php\/maison-autarcique\/permaculture\/\"]}]},{\"@type\":\"BreadcrumbList\",\"@id\":\"https:\/\/www.en-autarcie.ch\/index.php\/maison-autarcique\/permaculture\/#breadcrumb\",\"itemListElement\":[{\"@type\":\"ListItem\",\"position\":1,\"name\":\"Accueil\",\"item\":\"http:\/\/www.en-autarcie.ch\/\"},{\"@type\":\"ListItem\",\"position\":2,\"name\":\"Maison autarcique\",\"item\":\"http:\/\/www.en-autarcie.ch\/index.php\/maison-autarcique\/\"},{\"@type\":\"ListItem\",\"position\":3,\"name\":\"Permaculture\"}]},{\"@type\":\"WebSite\",\"@id\":\"http:\/\/www.en-autarcie.ch\/#website\",\"url\":\"http:\/\/www.en-autarcie.ch\/\",\"name\":\"Maison Autarcique\",\"description\":\"Premi\u00e8re maison autarcique, low-tech et permaculture de Suisse.\",\"potentialAction\":[{\"@type\":\"SearchAction\",\"target\":{\"@type\":\"EntryPoint\",\"urlTemplate\":\"http:\/\/www.en-autarcie.ch\/?s={search_term_string}\"},\"query-input\":\"required name=search_term_string\"}],\"inLanguage\":\"fr-FR\"}]}<\/script>\n<!-- \/ Yoast SEO plugin. -->","yoast_head_json":{"title":"Permaculture - Maison Autarcique","robots":{"index":"index","follow":"follow","max-snippet":"max-snippet:-1","max-image-preview":"max-image-preview:large","max-video-preview":"max-video-preview:-1"},"canonical":"https:\/\/www.en-autarcie.ch\/index.php\/maison-autarcique\/permaculture\/","og_locale":"fr_FR","og_type":"article","og_title":"Permaculture - Maison Autarcique","og_description":"La permaculture consiste \u00e0 mettre en place un syst\u00e8me d\u2019\u00e9changes productif et harmonieux entre l\u2019homme et la nature. Un lieu am\u00e9nag\u00e9 en pensant aux interactions avec l\u2019environnement permet \u00e0 la nature de travailler de fa\u00e7on autonome et p\u00e9renne. Afin de maximiser ces interactions, la maison et son environnement doivent faire partie d\u2019un tout fonctionnel. Discipline [&hellip;]","og_url":"https:\/\/www.en-autarcie.ch\/index.php\/maison-autarcique\/permaculture\/","og_site_name":"Maison Autarcique","article_modified_time":"2015-10-03T20:51:55+00:00","og_image":[{"width":499,"height":333,"url":"https:\/\/www.en-autarcie.ch\/wp-content\/uploads\/2015\/09\/potager-arrosoir-homme-plante-jardin-main-10570161.jpg","type":"image\/jpeg"}],"twitter_card":"summary_large_image","twitter_misc":{"Dur\u00e9e de lecture estim\u00e9e":"1 minute"},"schema":{"@context":"https:\/\/schema.org","@graph":[{"@type":"WebPage","@id":"https:\/\/www.en-autarcie.ch\/index.php\/maison-autarcique\/permaculture\/","url":"https:\/\/www.en-autarcie.ch\/index.php\/maison-autarcique\/permaculture\/","name":"Permaculture - Maison Autarcique","isPartOf":{"@id":"http:\/\/www.en-autarcie.ch\/#website"},"datePublished":"2015-09-24T19:13:19+00:00","dateModified":"2015-10-03T20:51:55+00:00","breadcrumb":{"@id":"https:\/\/www.en-autarcie.ch\/index.php\/maison-autarcique\/permaculture\/#breadcrumb"},"inLanguage":"fr-FR","potentialAction":[{"@type":"ReadAction","target":["https:\/\/www.en-autarcie.ch\/index.php\/maison-autarcique\/permaculture\/"]}]},{"@type":"BreadcrumbList","@id":"https:\/\/www.en-autarcie.ch\/index.php\/maison-autarcique\/permaculture\/#breadcrumb","itemListElement":[{"@type":"ListItem","position":1,"name":"Accueil","item":"http:\/\/www.en-autarcie.ch\/"},{"@type":"ListItem","position":2,"name":"Maison autarcique","item":"http:\/\/www.en-autarcie.ch\/index.php\/maison-autarcique\/"},{"@type":"ListItem","position":3,"name":"Permaculture"}]},{"@type":"WebSite","@id":"http:\/\/www.en-autarcie.ch\/#website","url":"http:\/\/www.en-autarcie.ch\/","name":"Maison Autarcique","description":"Premi\u00e8re maison autarcique, low-tech et permaculture de Suisse.","potentialAction":[{"@type":"SearchAction","target":{"@type":"EntryPoint","urlTemplate":"http:\/\/www.en-autarcie.ch\/?s={search_term_string}"},"query-input":"required name=search_term_string"}],"inLanguage":"fr-FR"}]}},"_links":{"self":[{"href":"http:\/\/www.en-autarcie.ch\/index.php\/wp-json\/wp\/v2\/pages\/150"}],"collection":[{"href":"http:\/\/www.en-autarcie.ch\/index.php\/wp-json\/wp\/v2\/pages"}],"about":[{"href":"http:\/\/www.en-autarcie.ch\/index.php\/wp-json\/wp\/v2\/types\/page"}],"author":[{"embeddable":true,"href":"http:\/\/www.en-autarcie.ch\/index.php\/wp-json\/wp\/v2\/users\/1"}],"replies":[{"embeddable":true,"href":"http:\/\/www.en-autarcie.ch\/index.php\/wp-json\/wp\/v2\/comments?post=150"}],"version-history":[{"count":3,"href":"http:\/\/www.en-autarcie.ch\/index.php\/wp-json\/wp\/v2\/pages\/150\/revisions"}],"predecessor-version":[{"id":166,"href":"http:\/\/www.en-autarcie.ch\/index.php\/wp-json\/wp\/v2\/pages\/150\/revisions\/166"}],"up":[{"embeddable":true,"href":"http:\/\/www.en-autarcie.ch\/index.php\/wp-json\/wp\/v2\/pages\/18"}],"wp:featuredmedia":[{"embeddable":true,"href":"http:\/\/www.en-autarcie.ch\/index.php\/wp-json\/wp\/v2\/media\/152"}],"wp:attachment":[{"href":"http:\/\/www.en-autarcie.ch\/index.php\/wp-json\/wp\/v2\/media?parent=150"}],"curies":[{"name":"wp","href":"https:\/\/api.w.org\/{rel}","templated":true}]}}