{"id":305,"date":"2015-10-03T19:31:29","date_gmt":"2015-10-03T18:31:29","guid":{"rendered":"http:\/\/www.en-autarcie.ch\/?page_id=305"},"modified":"2016-10-10T14:20:27","modified_gmt":"2016-10-10T13:20:27","slug":"contactez-nous","status":"publish","type":"page","link":"http:\/\/www.en-autarcie.ch\/index.php\/contactez-nous\/","title":{"rendered":"Contactez-nous."},"content":{"rendered":"<div class=\"fcbkbttn_buttons_block\" id=\"fcbkbttn_left\"><div class=\"fcbkbttn_button\">\n\t\t\t\t\t<a href=\"https:\/\/www.facebook.com\/\" target=\"_blank\">\n\t\t\t\t\t\t<img src=\"http:\/\/www.en-autarcie.ch\/wp-content\/plugins\/facebook-button-plugin\/images\/standard-facebook-ico.png\" alt=\"Fb-Button\" \/>\n\t\t\t\t\t<\/a>\n\t\t\t\t<\/div><div class=\"fcbkbttn_like \"><fb:like href=\"http:\/\/www.en-autarcie.ch\/index.php\/contactez-nous\/\" action=\"like\" colorscheme=\"light\" layout=\"standard\"  width=\"225px\" size=\"small\"><\/fb:like><\/div><\/div><h4>N&rsquo;h\u00e9sitez pas \u00e0 nous contacter pour visiter la maison ou si vous souhaitez participer \u00e0 un \u00e9v\u00e8nement.<\/h4>\n<h4><\/h4>\n<h4><\/h4>\n<p>Nos coordonn\u00e9es:<\/p>\n<p>Marc Muller<\/p>\n<p>L&rsquo;Essert 3<\/p>\n<p>1473 Ch\u00e2tillon<\/p>\n<p>&nbsp;<\/p>\n<p><a href=\"http:\/\/www.en-autarcie.ch\/wp-content\/uploads\/2015\/09\/tel-e1443125800441.png\"><img loading=\"lazy\" class=\" wp-image-122 alignleft\" src=\"http:\/\/www.en-autarcie.ch\/wp-content\/uploads\/2015\/09\/tel-e1443125800441.png\" alt=\"tel\" width=\"35\" height=\"35\" \/><\/a>076 398 90 20<\/p>\n<p>&nbsp;<\/p>\n<p><a href=\"http:\/\/www.en-autarcie.ch\/wp-content\/uploads\/2015\/09\/email-e1443125810575.png\"><img loading=\"lazy\" class=\"size-full wp-image-123 alignleft\" src=\"http:\/\/www.en-autarcie.ch\/wp-content\/uploads\/2015\/09\/email-e1443125810575.png\" alt=\"email\" width=\"35\" height=\"35\" \/><\/a>marc@en-autarcie.ch<\/p>\n<p>&nbsp;<\/p>\n<p><a href=\"http:\/\/www.en-autarcie.ch\/wp-content\/uploads\/2015\/09\/facebook-e1443125775223.png\"><img loading=\"lazy\" class=\"size-full wp-image-124 alignleft\" src=\"http:\/\/www.en-autarcie.ch\/wp-content\/uploads\/2015\/09\/facebook-e1443125775223.png\" alt=\"facebook\" width=\"35\" height=\"35\" \/><\/a><a href=\"https:\/\/www.facebook.com\/enautarcie?ref=ts&amp;fref=ts\">https:\/\/www.facebook.com\/enautarcie?ref=ts&amp;fref=ts<\/a><\/p>\n<p>&nbsp;<\/p>\n<p>&nbsp;<\/p>\n","protected":false},"excerpt":{"rendered":"<p>N&rsquo;h\u00e9sitez pas \u00e0 nous contacter pour visiter la maison ou si vous souhaitez participer \u00e0 un \u00e9v\u00e8nement. Nos coordonn\u00e9es: Marc Muller L&rsquo;Essert 3 1473 Ch\u00e2tillon &nbsp; 076 398 90 20 &nbsp; marc@en-autarcie.ch &nbsp; https:\/\/www.facebook.com\/enautarcie?ref=ts&amp;fref=ts &nbsp; &nbsp;<\/p>\n","protected":false},"author":2,"featured_media":122,"parent":0,"menu_order":0,"comment_status":"closed","ping_status":"closed","template":"","meta":{"ngg_post_thumbnail":0},"yoast_head":"<!-- This site is optimized with the Yoast SEO plugin v20.6 - https:\/\/yoast.com\/wordpress\/plugins\/seo\/ -->\n<title>Contactez-nous. - Maison Autarcique<\/title>\n<meta name=\"robots\" content=\"index, follow, max-snippet:-1, max-image-preview:large, max-video-preview:-1\" \/>\n<link rel=\"canonical\" href=\"http:\/\/www.en-autarcie.ch\/index.php\/contactez-nous\/\" \/>\n<meta property=\"og:locale\" content=\"fr_FR\" \/>\n<meta property=\"og:type\" content=\"article\" \/>\n<meta property=\"og:title\" content=\"Contactez-nous. - Maison Autarcique\" \/>\n<meta property=\"og:description\" content=\"N&rsquo;h\u00e9sitez pas \u00e0 nous contacter pour visiter la maison ou si vous souhaitez participer \u00e0 un \u00e9v\u00e8nement. Nos coordonn\u00e9es: Marc Muller L&rsquo;Essert 3 1473 Ch\u00e2tillon &nbsp; 076 398 90 20 &nbsp; marc@en-autarcie.ch &nbsp; https:\/\/www.facebook.com\/enautarcie?ref=ts&amp;fref=ts &nbsp; &nbsp;\" \/>\n<meta property=\"og:url\" content=\"http:\/\/www.en-autarcie.ch\/index.php\/contactez-nous\/\" \/>\n<meta property=\"og:site_name\" content=\"Maison Autarcique\" \/>\n<meta property=\"article:modified_time\" content=\"2016-10-10T13:20:27+00:00\" \/>\n<meta property=\"og:image\" content=\"http:\/\/www.en-autarcie.ch\/wp-content\/uploads\/2015\/09\/tel-e1443125800441.png\" \/>\n\t<meta property=\"og:image:width\" content=\"35\" \/>\n\t<meta property=\"og:image:height\" content=\"35\" \/>\n\t<meta property=\"og:image:type\" content=\"image\/png\" \/>\n<meta name=\"twitter:card\" content=\"summary_large_image\" \/>\n<script type=\"application\/ld+json\" class=\"yoast-schema-graph\">{\"@context\":\"https:\/\/schema.org\",\"@graph\":[{\"@type\":\"WebPage\",\"@id\":\"http:\/\/www.en-autarcie.ch\/index.php\/contactez-nous\/\",\"url\":\"http:\/\/www.en-autarcie.ch\/index.php\/contactez-nous\/\",\"name\":\"Contactez-nous. - Maison Autarcique\",\"isPartOf\":{\"@id\":\"http:\/\/www.en-autarcie.ch\/#website\"},\"datePublished\":\"2015-10-03T18:31:29+00:00\",\"dateModified\":\"2016-10-10T13:20:27+00:00\",\"breadcrumb\":{\"@id\":\"http:\/\/www.en-autarcie.ch\/index.php\/contactez-nous\/#breadcrumb\"},\"inLanguage\":\"fr-FR\",\"potentialAction\":[{\"@type\":\"ReadAction\",\"target\":[\"http:\/\/www.en-autarcie.ch\/index.php\/contactez-nous\/\"]}]},{\"@type\":\"BreadcrumbList\",\"@id\":\"http:\/\/www.en-autarcie.ch\/index.php\/contactez-nous\/#breadcrumb\",\"itemListElement\":[{\"@type\":\"ListItem\",\"position\":1,\"name\":\"Accueil\",\"item\":\"http:\/\/www.en-autarcie.ch\/\"},{\"@type\":\"ListItem\",\"position\":2,\"name\":\"Contactez-nous.\"}]},{\"@type\":\"WebSite\",\"@id\":\"http:\/\/www.en-autarcie.ch\/#website\",\"url\":\"http:\/\/www.en-autarcie.ch\/\",\"name\":\"Maison Autarcique\",\"description\":\"Premi\u00e8re maison autarcique, low-tech et permaculture de Suisse.\",\"potentialAction\":[{\"@type\":\"SearchAction\",\"target\":{\"@type\":\"EntryPoint\",\"urlTemplate\":\"http:\/\/www.en-autarcie.ch\/?s={search_term_string}\"},\"query-input\":\"required name=search_term_string\"}],\"inLanguage\":\"fr-FR\"}]}<\/script>\n<!-- \/ Yoast SEO plugin. -->","yoast_head_json":{"title":"Contactez-nous. - Maison Autarcique","robots":{"index":"index","follow":"follow","max-snippet":"max-snippet:-1","max-image-preview":"max-image-preview:large","max-video-preview":"max-video-preview:-1"},"canonical":"http:\/\/www.en-autarcie.ch\/index.php\/contactez-nous\/","og_locale":"fr_FR","og_type":"article","og_title":"Contactez-nous. - Maison Autarcique","og_description":"N&rsquo;h\u00e9sitez pas \u00e0 nous contacter pour visiter la maison ou si vous souhaitez participer \u00e0 un \u00e9v\u00e8nement. Nos coordonn\u00e9es: Marc Muller L&rsquo;Essert 3 1473 Ch\u00e2tillon &nbsp; 076 398 90 20 &nbsp; marc@en-autarcie.ch &nbsp; https:\/\/www.facebook.com\/enautarcie?ref=ts&amp;fref=ts &nbsp; &nbsp;","og_url":"http:\/\/www.en-autarcie.ch\/index.php\/contactez-nous\/","og_site_name":"Maison Autarcique","article_modified_time":"2016-10-10T13:20:27+00:00","og_image":[{"width":35,"height":35,"url":"http:\/\/www.en-autarcie.ch\/wp-content\/uploads\/2015\/09\/tel-e1443125800441.png","type":"image\/png"}],"twitter_card":"summary_large_image","schema":{"@context":"https:\/\/schema.org","@graph":[{"@type":"WebPage","@id":"http:\/\/www.en-autarcie.ch\/index.php\/contactez-nous\/","url":"http:\/\/www.en-autarcie.ch\/index.php\/contactez-nous\/","name":"Contactez-nous. - Maison Autarcique","isPartOf":{"@id":"http:\/\/www.en-autarcie.ch\/#website"},"datePublished":"2015-10-03T18:31:29+00:00","dateModified":"2016-10-10T13:20:27+00:00","breadcrumb":{"@id":"http:\/\/www.en-autarcie.ch\/index.php\/contactez-nous\/#breadcrumb"},"inLanguage":"fr-FR","potentialAction":[{"@type":"ReadAction","target":["http:\/\/www.en-autarcie.ch\/index.php\/contactez-nous\/"]}]},{"@type":"BreadcrumbList","@id":"http:\/\/www.en-autarcie.ch\/index.php\/contactez-nous\/#breadcrumb","itemListElement":[{"@type":"ListItem","position":1,"name":"Accueil","item":"http:\/\/www.en-autarcie.ch\/"},{"@type":"ListItem","position":2,"name":"Contactez-nous."}]},{"@type":"WebSite","@id":"http:\/\/www.en-autarcie.ch\/#website","url":"http:\/\/www.en-autarcie.ch\/","name":"Maison Autarcique","description":"Premi\u00e8re maison autarcique, low-tech et permaculture de Suisse.","potentialAction":[{"@type":"SearchAction","target":{"@type":"EntryPoint","urlTemplate":"http:\/\/www.en-autarcie.ch\/?s={search_term_string}"},"query-input":"required name=search_term_string"}],"inLanguage":"fr-FR"}]}},"_links":{"self":[{"href":"http:\/\/www.en-autarcie.ch\/index.php\/wp-json\/wp\/v2\/pages\/305"}],"collection":[{"href":"http:\/\/www.en-autarcie.ch\/index.php\/wp-json\/wp\/v2\/pages"}],"about":[{"href":"http:\/\/www.en-autarcie.ch\/index.php\/wp-json\/wp\/v2\/types\/page"}],"author":[{"embeddable":true,"href":"http:\/\/www.en-autarcie.ch\/index.php\/wp-json\/wp\/v2\/users\/2"}],"replies":[{"embeddable":true,"href":"http:\/\/www.en-autarcie.ch\/index.php\/wp-json\/wp\/v2\/comments?post=305"}],"version-history":[{"count":5,"href":"http:\/\/www.en-autarcie.ch\/index.php\/wp-json\/wp\/v2\/pages\/305\/revisions"}],"predecessor-version":[{"id":949,"href":"http:\/\/www.en-autarcie.ch\/index.php\/wp-json\/wp\/v2\/pages\/305\/revisions\/949"}],"wp:featuredmedia":[{"embeddable":true,"href":"http:\/\/www.en-autarcie.ch\/index.php\/wp-json\/wp\/v2\/media\/122"}],"wp:attachment":[{"href":"http:\/\/www.en-autarcie.ch\/index.php\/wp-json\/wp\/v2\/media?parent=305"}],"curies":[{"name":"wp","href":"https:\/\/api.w.org\/{rel}","templated":true}]}}