{"id":473,"date":"2016-02-11T13:05:53","date_gmt":"2016-02-11T12:05:53","guid":{"rendered":"http:\/\/www.en-autarcie.ch\/?page_id=473"},"modified":"2016-02-26T12:22:03","modified_gmt":"2016-02-26T11:22:03","slug":"partenaire-meige-materiaux","status":"publish","type":"page","link":"http:\/\/www.en-autarcie.ch\/index.php\/partenaire-meige-materiaux\/","title":{"rendered":"Partenaire &#8211; Meige Mat\u00e9riaux"},"content":{"rendered":"<div class=\"fcbkbttn_buttons_block\" id=\"fcbkbttn_left\"><div class=\"fcbkbttn_button\">\n\t\t\t\t\t<a href=\"https:\/\/www.facebook.com\/\" target=\"_blank\">\n\t\t\t\t\t\t<img src=\"http:\/\/www.en-autarcie.ch\/wp-content\/plugins\/facebook-button-plugin\/images\/standard-facebook-ico.png\" alt=\"Fb-Button\" \/>\n\t\t\t\t\t<\/a>\n\t\t\t\t<\/div><div class=\"fcbkbttn_like \"><fb:like href=\"http:\/\/www.en-autarcie.ch\/index.php\/partenaire-meige-materiaux\/\" action=\"like\" colorscheme=\"light\" layout=\"standard\"  width=\"225px\" size=\"small\"><\/fb:like><\/div><\/div><h4>Meige Mat\u00e9riaux est partenaire du projet www.en-autarcie.ch, pr\u00e9sentation de l&rsquo;entreprise.<\/h4>\n<p>&nbsp;<\/p>\n<p><a href=\"http:\/\/www.en-autarcie.ch\/wp-content\/uploads\/2016\/01\/MEIGE_logo_grand_pantone.png\"><img loading=\"lazy\" class=\"wp-image-476 alignleft\" src=\"http:\/\/www.en-autarcie.ch\/wp-content\/uploads\/2016\/01\/MEIGE_logo_grand_pantone.png\" alt=\"MEIGE_logo_grand_pantone\" width=\"160\" height=\"86\" srcset=\"http:\/\/www.en-autarcie.ch\/wp-content\/uploads\/2016\/01\/MEIGE_logo_grand_pantone.png 643w, http:\/\/www.en-autarcie.ch\/wp-content\/uploads\/2016\/01\/MEIGE_logo_grand_pantone-300x161.png 300w\" sizes=\"(max-width: 160px) 100vw, 160px\" \/><\/a>MEIGE mat\u00e9riaux commercialise des mat\u00e9riaux de construction renouvelables et durables tout en offrant un conseil personnalis\u00e9 aux artisans, architectes et particuliers d\u00e9sireux de construire ou r\u00e9nover dans le respect de l\u2019environnement.<\/p>\n<p>&nbsp;<\/p>\n<p><a href=\"http:\/\/www.en-autarcie.ch\/wp-content\/uploads\/2016\/02\/Meige-1.png\"><img loading=\"lazy\" class=\"wp-image-597 alignleft\" src=\"http:\/\/www.en-autarcie.ch\/wp-content\/uploads\/2016\/02\/Meige-1-1024x911.png\" alt=\"\" width=\"226\" height=\"201\" srcset=\"http:\/\/www.en-autarcie.ch\/wp-content\/uploads\/2016\/02\/Meige-1-1024x911.png 1024w, http:\/\/www.en-autarcie.ch\/wp-content\/uploads\/2016\/02\/Meige-1-300x267.png 300w\" sizes=\"(max-width: 226px) 100vw, 226px\" \/><\/a>L\u2019entreprise MEIGE mat\u00e9riaux est dirig\u00e9e par un couple, Aurore et Luc Meige et est active en Suisse romande depuis le d\u00e9but 2009. Conscient depuis le tournant du si\u00e8cle que la terre n\u2019est pas une ressource in\u00e9puisable, ils cherchaient une occupation professionnelle en accord avec leurs valeurs \u00e9cologiques et \u00e9thiques. Luc Meige, ma\u00e7on de m\u00e9tier, s&rsquo;occupe du conseil technique et de la mise en oeuvre. Il est soutenu par sa femme Aurore, employ\u00e9e de commerce, qui g\u00e8re toute la partie administrative et communication de cette petite, mais florissante entreprise.<\/p>\n<p><a href=\"http:\/\/www.en-autarcie.ch\/wp-content\/uploads\/2016\/02\/Meige-5-PT-2.png\"><img loading=\"lazy\" class=\"aligncenter size-large wp-image-603\" src=\"http:\/\/www.en-autarcie.ch\/wp-content\/uploads\/2016\/02\/Meige-5-PT-2-1024x465.png\" alt=\"\" width=\"718\" height=\"326\" srcset=\"http:\/\/www.en-autarcie.ch\/wp-content\/uploads\/2016\/02\/Meige-5-PT-2-1024x465.png 1024w, http:\/\/www.en-autarcie.ch\/wp-content\/uploads\/2016\/02\/Meige-5-PT-2-300x136.png 300w, http:\/\/www.en-autarcie.ch\/wp-content\/uploads\/2016\/02\/Meige-5-PT-2.png 1438w\" sizes=\"(max-width: 718px) 100vw, 718px\" \/><\/a><\/p>\n<h4><\/h4>\n<h4>Que fournit Meige Mat\u00e9riaux au projet www.en-autarcie.ch?<\/h4>\n<p>Meige Mat\u00e9riaux fournit les mat\u00e9riaux naturels pour le second-oeuvre, tels que les argiles teint\u00e9es \u00e0 appliquer sur la paille. Elle livre \u00e9galement les mat\u00e9riaux isolants en bois et en polystyr\u00e8ne recycl\u00e9.<\/p>\n<p>&nbsp;<\/p>\n<h4>Informations sur l&rsquo;entreprise.<\/h4>\n<p>Site internet: <a href=\"http:\/\/www.meige.ch\">www.meige.ch<\/a><\/p>\n<p>Nombre d&#8217;employ\u00e9s: 2<\/p>\n<p>Date de cr\u00e9ation de l&rsquo;entreprise: 2009<\/p>\n<p>&nbsp;<\/p>\n<h4>Pourquoi avoir choisi Meige Mat\u00e9riaux?<\/h4>\n<p><a href=\"http:\/\/www.en-autarcie.ch\/wp-content\/uploads\/2015\/10\/Corinne-D\u00e9costerd-PT.jpg\"><img loading=\"lazy\" class=\"alignleft wp-image-215\" src=\"http:\/\/www.en-autarcie.ch\/wp-content\/uploads\/2015\/10\/Corinne-D\u00e9costerd-PT-1012x1024.jpg\" alt=\"Corinne D\u00e9costerd PT\" width=\"100\" height=\"101\" srcset=\"http:\/\/www.en-autarcie.ch\/wp-content\/uploads\/2015\/10\/Corinne-D\u00e9costerd-PT-1012x1024.jpg 1012w, http:\/\/www.en-autarcie.ch\/wp-content\/uploads\/2015\/10\/Corinne-D\u00e9costerd-PT-150x150.jpg 150w, http:\/\/www.en-autarcie.ch\/wp-content\/uploads\/2015\/10\/Corinne-D\u00e9costerd-PT-297x300.jpg 297w, http:\/\/www.en-autarcie.ch\/wp-content\/uploads\/2015\/10\/Corinne-D\u00e9costerd-PT.jpg 1032w\" sizes=\"(max-width: 100px) 100vw, 100px\" \/><\/a><strong>Corinne D\u00e9costerd, cofondatrice du projet www.en-autarcie.ch:\u00a0<\/strong>\u00ab Nous avons choisi Meige Mat\u00e9riaux car nous favorisons autant que possible les fournisseurs de proximit\u00e9. Par ailleurs Meige Mat\u00e9riaux peut nous fournir l&rsquo;ensemble des produits\u00a0dont nous avons besoin depuis les isolants jusqu&rsquo;au cr\u00e9pis naturels.\u00a0\u00bb<\/p>\n<p>&nbsp;<\/p>\n<h4><\/h4>\n","protected":false},"excerpt":{"rendered":"<p>Meige Mat\u00e9riaux est partenaire du projet www.en-autarcie.ch, pr\u00e9sentation de l&rsquo;entreprise. &nbsp; MEIGE mat\u00e9riaux commercialise des mat\u00e9riaux de construction renouvelables et durables tout en offrant un conseil personnalis\u00e9 aux artisans, architectes et particuliers d\u00e9sireux de construire ou r\u00e9nover dans le respect de l\u2019environnement. &nbsp; L\u2019entreprise MEIGE mat\u00e9riaux est dirig\u00e9e par un couple, Aurore et Luc Meige [&hellip;]<\/p>\n","protected":false},"author":2,"featured_media":0,"parent":0,"menu_order":0,"comment_status":"closed","ping_status":"closed","template":"","meta":{"ngg_post_thumbnail":0},"yoast_head":"<!-- This site is optimized with the Yoast SEO plugin v20.6 - https:\/\/yoast.com\/wordpress\/plugins\/seo\/ -->\n<title>Partenaire - Meige Mat\u00e9riaux - Maison Autarcique<\/title>\n<meta name=\"robots\" content=\"index, follow, max-snippet:-1, max-image-preview:large, max-video-preview:-1\" \/>\n<link rel=\"canonical\" href=\"http:\/\/www.en-autarcie.ch\/index.php\/partenaire-meige-materiaux\/\" \/>\n<meta property=\"og:locale\" content=\"fr_FR\" \/>\n<meta property=\"og:type\" content=\"article\" \/>\n<meta property=\"og:title\" content=\"Partenaire - Meige Mat\u00e9riaux - Maison Autarcique\" \/>\n<meta property=\"og:description\" content=\"Meige Mat\u00e9riaux est partenaire du projet www.en-autarcie.ch, pr\u00e9sentation de l&rsquo;entreprise. &nbsp; MEIGE mat\u00e9riaux commercialise des mat\u00e9riaux de construction renouvelables et durables tout en offrant un conseil personnalis\u00e9 aux artisans, architectes et particuliers d\u00e9sireux de construire ou r\u00e9nover dans le respect de l\u2019environnement. &nbsp; L\u2019entreprise MEIGE mat\u00e9riaux est dirig\u00e9e par un couple, Aurore et Luc Meige [&hellip;]\" \/>\n<meta property=\"og:url\" content=\"http:\/\/www.en-autarcie.ch\/index.php\/partenaire-meige-materiaux\/\" \/>\n<meta property=\"og:site_name\" content=\"Maison Autarcique\" \/>\n<meta property=\"article:modified_time\" content=\"2016-02-26T11:22:03+00:00\" \/>\n<meta property=\"og:image\" content=\"http:\/\/www.en-autarcie.ch\/wp-content\/uploads\/2016\/01\/MEIGE_logo_grand_pantone.png\" \/>\n<meta name=\"twitter:card\" content=\"summary_large_image\" \/>\n<meta name=\"twitter:label1\" content=\"Dur\u00e9e de lecture estim\u00e9e\" \/>\n\t<meta name=\"twitter:data1\" content=\"1 minute\" \/>\n<script type=\"application\/ld+json\" class=\"yoast-schema-graph\">{\"@context\":\"https:\/\/schema.org\",\"@graph\":[{\"@type\":\"WebPage\",\"@id\":\"http:\/\/www.en-autarcie.ch\/index.php\/partenaire-meige-materiaux\/\",\"url\":\"http:\/\/www.en-autarcie.ch\/index.php\/partenaire-meige-materiaux\/\",\"name\":\"Partenaire - Meige Mat\u00e9riaux - Maison Autarcique\",\"isPartOf\":{\"@id\":\"http:\/\/www.en-autarcie.ch\/#website\"},\"datePublished\":\"2016-02-11T12:05:53+00:00\",\"dateModified\":\"2016-02-26T11:22:03+00:00\",\"breadcrumb\":{\"@id\":\"http:\/\/www.en-autarcie.ch\/index.php\/partenaire-meige-materiaux\/#breadcrumb\"},\"inLanguage\":\"fr-FR\",\"potentialAction\":[{\"@type\":\"ReadAction\",\"target\":[\"http:\/\/www.en-autarcie.ch\/index.php\/partenaire-meige-materiaux\/\"]}]},{\"@type\":\"BreadcrumbList\",\"@id\":\"http:\/\/www.en-autarcie.ch\/index.php\/partenaire-meige-materiaux\/#breadcrumb\",\"itemListElement\":[{\"@type\":\"ListItem\",\"position\":1,\"name\":\"Accueil\",\"item\":\"http:\/\/www.en-autarcie.ch\/\"},{\"@type\":\"ListItem\",\"position\":2,\"name\":\"Partenaire &#8211; Meige Mat\u00e9riaux\"}]},{\"@type\":\"WebSite\",\"@id\":\"http:\/\/www.en-autarcie.ch\/#website\",\"url\":\"http:\/\/www.en-autarcie.ch\/\",\"name\":\"Maison Autarcique\",\"description\":\"Premi\u00e8re maison autarcique, low-tech et permaculture de Suisse.\",\"potentialAction\":[{\"@type\":\"SearchAction\",\"target\":{\"@type\":\"EntryPoint\",\"urlTemplate\":\"http:\/\/www.en-autarcie.ch\/?s={search_term_string}\"},\"query-input\":\"required name=search_term_string\"}],\"inLanguage\":\"fr-FR\"}]}<\/script>\n<!-- \/ Yoast SEO plugin. -->","yoast_head_json":{"title":"Partenaire - Meige Mat\u00e9riaux - Maison Autarcique","robots":{"index":"index","follow":"follow","max-snippet":"max-snippet:-1","max-image-preview":"max-image-preview:large","max-video-preview":"max-video-preview:-1"},"canonical":"http:\/\/www.en-autarcie.ch\/index.php\/partenaire-meige-materiaux\/","og_locale":"fr_FR","og_type":"article","og_title":"Partenaire - Meige Mat\u00e9riaux - Maison Autarcique","og_description":"Meige Mat\u00e9riaux est partenaire du projet www.en-autarcie.ch, pr\u00e9sentation de l&rsquo;entreprise. &nbsp; MEIGE mat\u00e9riaux commercialise des mat\u00e9riaux de construction renouvelables et durables tout en offrant un conseil personnalis\u00e9 aux artisans, architectes et particuliers d\u00e9sireux de construire ou r\u00e9nover dans le respect de l\u2019environnement. &nbsp; L\u2019entreprise MEIGE mat\u00e9riaux est dirig\u00e9e par un couple, Aurore et Luc Meige [&hellip;]","og_url":"http:\/\/www.en-autarcie.ch\/index.php\/partenaire-meige-materiaux\/","og_site_name":"Maison Autarcique","article_modified_time":"2016-02-26T11:22:03+00:00","og_image":[{"url":"http:\/\/www.en-autarcie.ch\/wp-content\/uploads\/2016\/01\/MEIGE_logo_grand_pantone.png"}],"twitter_card":"summary_large_image","twitter_misc":{"Dur\u00e9e de lecture estim\u00e9e":"1 minute"},"schema":{"@context":"https:\/\/schema.org","@graph":[{"@type":"WebPage","@id":"http:\/\/www.en-autarcie.ch\/index.php\/partenaire-meige-materiaux\/","url":"http:\/\/www.en-autarcie.ch\/index.php\/partenaire-meige-materiaux\/","name":"Partenaire - Meige Mat\u00e9riaux - Maison Autarcique","isPartOf":{"@id":"http:\/\/www.en-autarcie.ch\/#website"},"datePublished":"2016-02-11T12:05:53+00:00","dateModified":"2016-02-26T11:22:03+00:00","breadcrumb":{"@id":"http:\/\/www.en-autarcie.ch\/index.php\/partenaire-meige-materiaux\/#breadcrumb"},"inLanguage":"fr-FR","potentialAction":[{"@type":"ReadAction","target":["http:\/\/www.en-autarcie.ch\/index.php\/partenaire-meige-materiaux\/"]}]},{"@type":"BreadcrumbList","@id":"http:\/\/www.en-autarcie.ch\/index.php\/partenaire-meige-materiaux\/#breadcrumb","itemListElement":[{"@type":"ListItem","position":1,"name":"Accueil","item":"http:\/\/www.en-autarcie.ch\/"},{"@type":"ListItem","position":2,"name":"Partenaire &#8211; Meige Mat\u00e9riaux"}]},{"@type":"WebSite","@id":"http:\/\/www.en-autarcie.ch\/#website","url":"http:\/\/www.en-autarcie.ch\/","name":"Maison Autarcique","description":"Premi\u00e8re maison autarcique, low-tech et permaculture de Suisse.","potentialAction":[{"@type":"SearchAction","target":{"@type":"EntryPoint","urlTemplate":"http:\/\/www.en-autarcie.ch\/?s={search_term_string}"},"query-input":"required name=search_term_string"}],"inLanguage":"fr-FR"}]}},"_links":{"self":[{"href":"http:\/\/www.en-autarcie.ch\/index.php\/wp-json\/wp\/v2\/pages\/473"}],"collection":[{"href":"http:\/\/www.en-autarcie.ch\/index.php\/wp-json\/wp\/v2\/pages"}],"about":[{"href":"http:\/\/www.en-autarcie.ch\/index.php\/wp-json\/wp\/v2\/types\/page"}],"author":[{"embeddable":true,"href":"http:\/\/www.en-autarcie.ch\/index.php\/wp-json\/wp\/v2\/users\/2"}],"replies":[{"embeddable":true,"href":"http:\/\/www.en-autarcie.ch\/index.php\/wp-json\/wp\/v2\/comments?post=473"}],"version-history":[{"count":11,"href":"http:\/\/www.en-autarcie.ch\/index.php\/wp-json\/wp\/v2\/pages\/473\/revisions"}],"predecessor-version":[{"id":519,"href":"http:\/\/www.en-autarcie.ch\/index.php\/wp-json\/wp\/v2\/pages\/473\/revisions\/519"}],"wp:attachment":[{"href":"http:\/\/www.en-autarcie.ch\/index.php\/wp-json\/wp\/v2\/media?parent=473"}],"curies":[{"name":"wp","href":"https:\/\/api.w.org\/{rel}","templated":true}]}}