{"id":489,"date":"2016-01-31T19:20:18","date_gmt":"2016-01-31T18:20:18","guid":{"rendered":"http:\/\/www.en-autarcie.ch\/?page_id=489"},"modified":"2016-02-29T12:24:05","modified_gmt":"2016-02-29T11:24:05","slug":"partenaire-barras-charpente","status":"publish","type":"page","link":"http:\/\/www.en-autarcie.ch\/index.php\/partenaire-barras-charpente\/","title":{"rendered":"Partenaire &#8211; Barras Charpente"},"content":{"rendered":"<div class=\"fcbkbttn_buttons_block\" id=\"fcbkbttn_left\"><div class=\"fcbkbttn_button\">\n\t\t\t\t\t<a href=\"https:\/\/www.facebook.com\/\" target=\"_blank\">\n\t\t\t\t\t\t<img src=\"http:\/\/www.en-autarcie.ch\/wp-content\/plugins\/facebook-button-plugin\/images\/standard-facebook-ico.png\" alt=\"Fb-Button\" \/>\n\t\t\t\t\t<\/a>\n\t\t\t\t<\/div><div class=\"fcbkbttn_like \"><fb:like href=\"http:\/\/www.en-autarcie.ch\/index.php\/partenaire-barras-charpente\/\" action=\"like\" colorscheme=\"light\" layout=\"standard\"  width=\"225px\" size=\"small\"><\/fb:like><\/div><\/div><h4>Barras Charpente est partenaire du projet www.en-autarcie.ch, pr\u00e9sentation de l&rsquo;entreprise.<\/h4>\n<p>&nbsp;<\/p>\n<p>L&rsquo;entreprise de charpente \u00ab\u00a0Jean Barras S\u00e0rl\u00a0\u00bb, fond\u00e9e en 2002 par Jean Barras, est locali\u00e9e \u00e0 Botterens, dans le canton de Fribourg. Sa localisation n&rsquo;est pas un hasard. Par soucis de qualit\u00e9 et d&rsquo;\u00e9cologie, l&rsquo;entreprise travaille essentiellement avec des fournisseurs de mati\u00e8re premi\u00e8re de la r\u00e9gion Gruy\u00e9rienne, notamment la Scierie Tornare Alexandre &amp; fils.<\/p>\n<p>&nbsp;<\/p>\n<div id=\"attachment_490\" style=\"width: 400px\" class=\"wp-caption alignright\"><a href=\"http:\/\/www.en-autarcie.ch\/wp-content\/uploads\/2016\/01\/DSC_6085.jpg\"><img aria-describedby=\"caption-attachment-490\" loading=\"lazy\" class=\"wp-image-490\" src=\"http:\/\/www.en-autarcie.ch\/wp-content\/uploads\/2016\/01\/DSC_6085-1024x678.jpg\" alt=\"DSC_6085\" width=\"390\" height=\"258\" srcset=\"http:\/\/www.en-autarcie.ch\/wp-content\/uploads\/2016\/01\/DSC_6085-1024x678.jpg 1024w, http:\/\/www.en-autarcie.ch\/wp-content\/uploads\/2016\/01\/DSC_6085-300x199.jpg 300w\" sizes=\"(max-width: 390px) 100vw, 390px\" \/><\/a><p id=\"caption-attachment-490\" class=\"wp-caption-text\">Jean Barras, fondateur de Barras Charpente et son contrema\u00eetre (\u00e0 gauche) Pierre Oberson.<\/p><\/div>\n<p>\u00ab\u00a0Le bois est notre mati\u00e8re premi\u00e8re et nous avons appris \u00e0 le travailler. Les possibilit\u00e9s que nous offrent ce mat\u00e9riau naturel sont tr\u00e8s vastes, tant au niveau esth\u00e9tique que fonctionnel. Nous sommes convaincus de sa durabilit\u00e9 lorsqu\u2019il est mis en \u0153uvre de mani\u00e8re r\u00e9fl\u00e9chie. De plus, il repr\u00e9sente aussi une valeur \u00e9cologique, non n\u00e9gligeable dans la soci\u00e9t\u00e9 actuelle.\u00a0\u00bb Jean Barras SARL.<\/p>\n<p>&nbsp;<\/p>\n<p>Les collaborateurs de \u00ab\u00a0Jean Barras S\u00e0rl\u00a0\u00bb sont tous qualifi\u00e9s. Leurs comp\u00e9tences se compl\u00e8tent et permettent la cr\u00e9ation de r\u00e9alisations certifi\u00e9es et durable dans le temps, dont l&rsquo;accompagnement est garanti et personnalis\u00e9.<\/p>\n<h4><\/h4>\n<h4>Que fournit Barras Charpente au projet www.en-autarcie.ch?<\/h4>\n<p>Barras Charpente r\u00e9alise l&rsquo;ossature bois de la maison (<a href=\"http:\/\/www.en-autarcie.ch\/index.php\/carnets-de-construction\/lossature-bois-la-colonne-vertebrale-dune-maison-ecologique\/\">voir blog \u00e0 ce sujet<\/a>). En utilisant au maximum le bois de la r\u00e9gion fribourgeoise, l&rsquo;ossature est con\u00e7ue sp\u00e9cialement pour accueillir les murs en paille. Gr\u00e2ce une importante pr\u00e9fabrication en atelier, la maison est ensuite mont\u00e9e en cinq journ\u00e9es de travail (<a href=\"http:\/\/www.en-autarcie.ch\/index.php\/montage-de-lossature-bois-travaux-sur-trois-jours\/\">voir les photos du montage<\/a>).<\/p>\n<p>&nbsp;<\/p>\n<div id=\"attachment_493\" style=\"width: 728px\" class=\"wp-caption aligncenter\"><a href=\"http:\/\/www.en-autarcie.ch\/wp-content\/uploads\/2016\/01\/DSC_60871.png\"><img aria-describedby=\"caption-attachment-493\" loading=\"lazy\" class=\"wp-image-493 size-large\" src=\"http:\/\/www.en-autarcie.ch\/wp-content\/uploads\/2016\/01\/DSC_60871-1024x541.png\" alt=\"DSC_6087\" width=\"718\" height=\"379\" srcset=\"http:\/\/www.en-autarcie.ch\/wp-content\/uploads\/2016\/01\/DSC_60871-1024x541.png 1024w, http:\/\/www.en-autarcie.ch\/wp-content\/uploads\/2016\/01\/DSC_60871-300x158.png 300w\" sizes=\"(max-width: 718px) 100vw, 718px\" \/><\/a><p id=\"caption-attachment-493\" class=\"wp-caption-text\">Charpente et murs de la cuisine pr\u00e9fabriqu\u00e9s en atelier en attente de livraison.<\/p><\/div>\n<h4><\/h4>\n<h4>Informations sur l&rsquo;entreprise.<\/h4>\n<p>Site internet: <a href=\"http:\/\/www.barras-charpente.ch\">www.barras-charpente.ch<\/a><\/p>\n<p>Nombre d&#8217;employ\u00e9s: 13<\/p>\n<p>Date de cr\u00e9ation de l&rsquo;entreprise: 2002<\/p>\n<p>&nbsp;<\/p>\n<h4>Pourquoi avoir choisi Barras Charpente?<\/h4>\n<p><a href=\"http:\/\/www.en-autarcie.ch\/wp-content\/uploads\/2015\/10\/Corinne-D\u00e9costerd-PT.jpg\"><img loading=\"lazy\" class=\"wp-image-215 alignleft\" src=\"http:\/\/www.en-autarcie.ch\/wp-content\/uploads\/2015\/10\/Corinne-D\u00e9costerd-PT-1012x1024.jpg\" alt=\"\" width=\"100\" height=\"101\" srcset=\"http:\/\/www.en-autarcie.ch\/wp-content\/uploads\/2015\/10\/Corinne-D\u00e9costerd-PT-1012x1024.jpg 1012w, http:\/\/www.en-autarcie.ch\/wp-content\/uploads\/2015\/10\/Corinne-D\u00e9costerd-PT-150x150.jpg 150w, http:\/\/www.en-autarcie.ch\/wp-content\/uploads\/2015\/10\/Corinne-D\u00e9costerd-PT-297x300.jpg 297w, http:\/\/www.en-autarcie.ch\/wp-content\/uploads\/2015\/10\/Corinne-D\u00e9costerd-PT.jpg 1032w\" sizes=\"(max-width: 100px) 100vw, 100px\" \/><\/a><strong>Corinne D\u00e9costerd, cofondatrice du projet www.en-autarcie.ch<\/strong>:<\/p>\n<p>Nous avons cherch\u00e9 diff\u00e9rentes offres en Suisse et en France pour la r\u00e9alisation de l&rsquo;ossature en bois. Vu que nous construisons une maison en paille, nous avions \u00e0 la fois besoin d&rsquo;une entreprise pouvant faire du sur-mesure et connaissant bien les constructions \u00e9cologiques. Barras Charpente remplit tous ces crit\u00e8res et travaille \u00e0 des prix comp\u00e9titifs.<\/p>\n","protected":false},"excerpt":{"rendered":"<p>Barras Charpente est partenaire du projet www.en-autarcie.ch, pr\u00e9sentation de l&rsquo;entreprise. &nbsp; L&rsquo;entreprise de charpente \u00ab\u00a0Jean Barras S\u00e0rl\u00a0\u00bb, fond\u00e9e en 2002 par Jean Barras, est locali\u00e9e \u00e0 Botterens, dans le canton de Fribourg. Sa localisation n&rsquo;est pas un hasard. Par soucis de qualit\u00e9 et d&rsquo;\u00e9cologie, l&rsquo;entreprise travaille essentiellement avec des fournisseurs de mati\u00e8re premi\u00e8re de la [&hellip;]<\/p>\n","protected":false},"author":2,"featured_media":0,"parent":0,"menu_order":0,"comment_status":"closed","ping_status":"closed","template":"","meta":{"ngg_post_thumbnail":0},"yoast_head":"<!-- This site is optimized with the Yoast SEO plugin v20.6 - https:\/\/yoast.com\/wordpress\/plugins\/seo\/ -->\n<title>Partenaire - Barras Charpente - Maison Autarcique<\/title>\n<meta name=\"robots\" content=\"index, follow, max-snippet:-1, max-image-preview:large, max-video-preview:-1\" \/>\n<link rel=\"canonical\" href=\"http:\/\/www.en-autarcie.ch\/index.php\/partenaire-barras-charpente\/\" \/>\n<meta property=\"og:locale\" content=\"fr_FR\" \/>\n<meta property=\"og:type\" content=\"article\" \/>\n<meta property=\"og:title\" content=\"Partenaire - Barras Charpente - Maison Autarcique\" \/>\n<meta property=\"og:description\" content=\"Barras Charpente est partenaire du projet www.en-autarcie.ch, pr\u00e9sentation de l&rsquo;entreprise. &nbsp; L&rsquo;entreprise de charpente \u00ab\u00a0Jean Barras S\u00e0rl\u00a0\u00bb, fond\u00e9e en 2002 par Jean Barras, est locali\u00e9e \u00e0 Botterens, dans le canton de Fribourg. Sa localisation n&rsquo;est pas un hasard. Par soucis de qualit\u00e9 et d&rsquo;\u00e9cologie, l&rsquo;entreprise travaille essentiellement avec des fournisseurs de mati\u00e8re premi\u00e8re de la [&hellip;]\" \/>\n<meta property=\"og:url\" content=\"http:\/\/www.en-autarcie.ch\/index.php\/partenaire-barras-charpente\/\" \/>\n<meta property=\"og:site_name\" content=\"Maison Autarcique\" \/>\n<meta property=\"article:modified_time\" content=\"2016-02-29T11:24:05+00:00\" \/>\n<meta property=\"og:image\" content=\"http:\/\/www.en-autarcie.ch\/wp-content\/uploads\/2016\/01\/DSC_6085-1024x678.jpg\" \/>\n<meta name=\"twitter:card\" content=\"summary_large_image\" \/>\n<meta name=\"twitter:label1\" content=\"Dur\u00e9e de lecture estim\u00e9e\" \/>\n\t<meta name=\"twitter:data1\" content=\"2 minutes\" \/>\n<script type=\"application\/ld+json\" class=\"yoast-schema-graph\">{\"@context\":\"https:\/\/schema.org\",\"@graph\":[{\"@type\":\"WebPage\",\"@id\":\"http:\/\/www.en-autarcie.ch\/index.php\/partenaire-barras-charpente\/\",\"url\":\"http:\/\/www.en-autarcie.ch\/index.php\/partenaire-barras-charpente\/\",\"name\":\"Partenaire - Barras Charpente - Maison Autarcique\",\"isPartOf\":{\"@id\":\"http:\/\/www.en-autarcie.ch\/#website\"},\"datePublished\":\"2016-01-31T18:20:18+00:00\",\"dateModified\":\"2016-02-29T11:24:05+00:00\",\"breadcrumb\":{\"@id\":\"http:\/\/www.en-autarcie.ch\/index.php\/partenaire-barras-charpente\/#breadcrumb\"},\"inLanguage\":\"fr-FR\",\"potentialAction\":[{\"@type\":\"ReadAction\",\"target\":[\"http:\/\/www.en-autarcie.ch\/index.php\/partenaire-barras-charpente\/\"]}]},{\"@type\":\"BreadcrumbList\",\"@id\":\"http:\/\/www.en-autarcie.ch\/index.php\/partenaire-barras-charpente\/#breadcrumb\",\"itemListElement\":[{\"@type\":\"ListItem\",\"position\":1,\"name\":\"Accueil\",\"item\":\"http:\/\/www.en-autarcie.ch\/\"},{\"@type\":\"ListItem\",\"position\":2,\"name\":\"Partenaire &#8211; Barras Charpente\"}]},{\"@type\":\"WebSite\",\"@id\":\"http:\/\/www.en-autarcie.ch\/#website\",\"url\":\"http:\/\/www.en-autarcie.ch\/\",\"name\":\"Maison Autarcique\",\"description\":\"Premi\u00e8re maison autarcique, low-tech et permaculture de Suisse.\",\"potentialAction\":[{\"@type\":\"SearchAction\",\"target\":{\"@type\":\"EntryPoint\",\"urlTemplate\":\"http:\/\/www.en-autarcie.ch\/?s={search_term_string}\"},\"query-input\":\"required name=search_term_string\"}],\"inLanguage\":\"fr-FR\"}]}<\/script>\n<!-- \/ Yoast SEO plugin. -->","yoast_head_json":{"title":"Partenaire - Barras Charpente - Maison Autarcique","robots":{"index":"index","follow":"follow","max-snippet":"max-snippet:-1","max-image-preview":"max-image-preview:large","max-video-preview":"max-video-preview:-1"},"canonical":"http:\/\/www.en-autarcie.ch\/index.php\/partenaire-barras-charpente\/","og_locale":"fr_FR","og_type":"article","og_title":"Partenaire - Barras Charpente - Maison Autarcique","og_description":"Barras Charpente est partenaire du projet www.en-autarcie.ch, pr\u00e9sentation de l&rsquo;entreprise. &nbsp; L&rsquo;entreprise de charpente \u00ab\u00a0Jean Barras S\u00e0rl\u00a0\u00bb, fond\u00e9e en 2002 par Jean Barras, est locali\u00e9e \u00e0 Botterens, dans le canton de Fribourg. Sa localisation n&rsquo;est pas un hasard. Par soucis de qualit\u00e9 et d&rsquo;\u00e9cologie, l&rsquo;entreprise travaille essentiellement avec des fournisseurs de mati\u00e8re premi\u00e8re de la [&hellip;]","og_url":"http:\/\/www.en-autarcie.ch\/index.php\/partenaire-barras-charpente\/","og_site_name":"Maison Autarcique","article_modified_time":"2016-02-29T11:24:05+00:00","og_image":[{"url":"http:\/\/www.en-autarcie.ch\/wp-content\/uploads\/2016\/01\/DSC_6085-1024x678.jpg"}],"twitter_card":"summary_large_image","twitter_misc":{"Dur\u00e9e de lecture estim\u00e9e":"2 minutes"},"schema":{"@context":"https:\/\/schema.org","@graph":[{"@type":"WebPage","@id":"http:\/\/www.en-autarcie.ch\/index.php\/partenaire-barras-charpente\/","url":"http:\/\/www.en-autarcie.ch\/index.php\/partenaire-barras-charpente\/","name":"Partenaire - Barras Charpente - Maison Autarcique","isPartOf":{"@id":"http:\/\/www.en-autarcie.ch\/#website"},"datePublished":"2016-01-31T18:20:18+00:00","dateModified":"2016-02-29T11:24:05+00:00","breadcrumb":{"@id":"http:\/\/www.en-autarcie.ch\/index.php\/partenaire-barras-charpente\/#breadcrumb"},"inLanguage":"fr-FR","potentialAction":[{"@type":"ReadAction","target":["http:\/\/www.en-autarcie.ch\/index.php\/partenaire-barras-charpente\/"]}]},{"@type":"BreadcrumbList","@id":"http:\/\/www.en-autarcie.ch\/index.php\/partenaire-barras-charpente\/#breadcrumb","itemListElement":[{"@type":"ListItem","position":1,"name":"Accueil","item":"http:\/\/www.en-autarcie.ch\/"},{"@type":"ListItem","position":2,"name":"Partenaire &#8211; Barras Charpente"}]},{"@type":"WebSite","@id":"http:\/\/www.en-autarcie.ch\/#website","url":"http:\/\/www.en-autarcie.ch\/","name":"Maison Autarcique","description":"Premi\u00e8re maison autarcique, low-tech et permaculture de Suisse.","potentialAction":[{"@type":"SearchAction","target":{"@type":"EntryPoint","urlTemplate":"http:\/\/www.en-autarcie.ch\/?s={search_term_string}"},"query-input":"required name=search_term_string"}],"inLanguage":"fr-FR"}]}},"_links":{"self":[{"href":"http:\/\/www.en-autarcie.ch\/index.php\/wp-json\/wp\/v2\/pages\/489"}],"collection":[{"href":"http:\/\/www.en-autarcie.ch\/index.php\/wp-json\/wp\/v2\/pages"}],"about":[{"href":"http:\/\/www.en-autarcie.ch\/index.php\/wp-json\/wp\/v2\/types\/page"}],"author":[{"embeddable":true,"href":"http:\/\/www.en-autarcie.ch\/index.php\/wp-json\/wp\/v2\/users\/2"}],"replies":[{"embeddable":true,"href":"http:\/\/www.en-autarcie.ch\/index.php\/wp-json\/wp\/v2\/comments?post=489"}],"version-history":[{"count":9,"href":"http:\/\/www.en-autarcie.ch\/index.php\/wp-json\/wp\/v2\/pages\/489\/revisions"}],"predecessor-version":[{"id":609,"href":"http:\/\/www.en-autarcie.ch\/index.php\/wp-json\/wp\/v2\/pages\/489\/revisions\/609"}],"wp:attachment":[{"href":"http:\/\/www.en-autarcie.ch\/index.php\/wp-json\/wp\/v2\/media?parent=489"}],"curies":[{"name":"wp","href":"https:\/\/api.w.org\/{rel}","templated":true}]}}