{"id":499,"date":"2016-01-31T19:06:40","date_gmt":"2016-01-31T18:06:40","guid":{"rendered":"http:\/\/www.en-autarcie.ch\/?page_id=499"},"modified":"2016-02-14T17:16:02","modified_gmt":"2016-02-14T16:16:02","slug":"provenance-du-bois-portrait-dune-scierie-labellisee","status":"publish","type":"page","link":"http:\/\/www.en-autarcie.ch\/index.php\/carnets-de-construction\/provenance-du-bois-portrait-dune-scierie-labellisee\/","title":{"rendered":"Provenance du bois, portrait d&rsquo;une scierie labellis\u00e9e. 31.01.16"},"content":{"rendered":"<div class=\"fcbkbttn_buttons_block\" id=\"fcbkbttn_left\"><div class=\"fcbkbttn_button\">\n\t\t\t\t\t<a href=\"https:\/\/www.facebook.com\/\" target=\"_blank\">\n\t\t\t\t\t\t<img src=\"http:\/\/www.en-autarcie.ch\/wp-content\/plugins\/facebook-button-plugin\/images\/standard-facebook-ico.png\" alt=\"Fb-Button\" \/>\n\t\t\t\t\t<\/a>\n\t\t\t\t<\/div><div class=\"fcbkbttn_like \"><fb:like href=\"http:\/\/www.en-autarcie.ch\/index.php\/carnets-de-construction\/provenance-du-bois-portrait-dune-scierie-labellisee\/\" action=\"like\" colorscheme=\"light\" layout=\"standard\"  width=\"225px\" size=\"small\"><\/fb:like><\/div><\/div><h4>Visite de la scierie Tornare Alexandre et fils \u00e0 Botterens.<\/h4>\n<p>\u00ab\u00a0Le bois est une mati\u00e8re vivante, qui est tr\u00e8s belle \u00e0 travailler\u00a0\u00bb mentionne Monsieur Fran\u00e7ois Tornare, propri\u00e9taire de la scierie de Botterens. M\u00eame apr\u00e8s une vie dans le m\u00e9tier, il ne peut cacher sa passion pour ce mat\u00e9riau. Initi\u00e9 aux m\u00e9tiers du bois de p\u00e8re en fils depuis deux g\u00e9n\u00e9rations,\u00a0ce quinquag\u00e9naire a toujours travaill\u00e9 dans le m\u00e9tier du bois, puis dans la scierie qu&rsquo;il a pu reprendre en 1997. Debout devant des planches de bois empil\u00e9es sur 5m de haut, il prend un plaisir certain \u00e0 faire visiter les lieux aux clients de passage. On le comprend, d&rsquo;autant plus en cette journ\u00e9e de fin janvier, o\u00f9 un magnifique coucher de soleil \u00e9claire sa scierie et r\u00e9v\u00e8le un parfum d\u00e9licieux de sciure fraichement d\u00e9coup\u00e9e.<\/p>\n<p>&nbsp;<\/p>\n<div id=\"attachment_501\" style=\"width: 728px\" class=\"wp-caption aligncenter\"><a href=\"http:\/\/www.en-autarcie.ch\/wp-content\/uploads\/2016\/01\/DSC_6129.jpg\"><img aria-describedby=\"caption-attachment-501\" loading=\"lazy\" class=\"wp-image-501 size-large\" src=\"http:\/\/www.en-autarcie.ch\/wp-content\/uploads\/2016\/01\/DSC_6129-1024x678.jpg\" alt=\"\" width=\"718\" height=\"475\" srcset=\"http:\/\/www.en-autarcie.ch\/wp-content\/uploads\/2016\/01\/DSC_6129-1024x678.jpg 1024w, http:\/\/www.en-autarcie.ch\/wp-content\/uploads\/2016\/01\/DSC_6129-300x199.jpg 300w\" sizes=\"(max-width: 718px) 100vw, 718px\" \/><\/a><p id=\"caption-attachment-501\" class=\"wp-caption-text\">Fran\u00e7ois\u00a0Tornare devant les planches s\u00e9chant au soleil avant d&rsquo;\u00eatre rectifi\u00e9es.<\/p><\/div>\n<p>&nbsp;<\/p>\n<p>Un d\u00e9cor bucolique qui ne fait pourtant pas oublier les r\u00e9alit\u00e9s \u00e9conomiques. En Suisse, la concurrence \u00e9trang\u00e8re est rude, principalement en raison de l&rsquo;agressivit\u00e9 des prix. \u00ab\u00a0Avec la venue des bois d&rsquo;Autriche et d&rsquo;Allemagne, cela a \u00e9t\u00e9 difficile depuis une dizaine d&rsquo;ann\u00e9es\u00a0\u00bb admet Monsieur Tornare, qui n&rsquo;est toutefois pas homme \u00e0 se d\u00e9courager\u00a0: \u00ab\u00a0on a cru \u00e0 la venue des labels, et au bois de proximit\u00e9, cela commence enfin \u00e0 marcher\u00a0depuis deux ann\u00e9es. On sent que les gens y sont\u00a0petit \u00e0 petit\u00a0sensibles \u00bb.<\/p>\n<p>&nbsp;<\/p>\n<div id=\"attachment_502\" style=\"width: 410px\" class=\"wp-caption alignleft\"><a href=\"http:\/\/www.en-autarcie.ch\/wp-content\/uploads\/2016\/01\/Scierie-Botterens.jpg\"><img aria-describedby=\"caption-attachment-502\" loading=\"lazy\" class=\"wp-image-502\" src=\"http:\/\/www.en-autarcie.ch\/wp-content\/uploads\/2016\/01\/Scierie-Botterens-300x199.jpg\" alt=\"Troncs de bois venant d'arriver des for\u00eats de la r\u00e9gion \u00e0 la scierie Tornare Alexandre &amp; fils \" width=\"400\" height=\"265\" srcset=\"http:\/\/www.en-autarcie.ch\/wp-content\/uploads\/2016\/01\/Scierie-Botterens-300x199.jpg 300w, http:\/\/www.en-autarcie.ch\/wp-content\/uploads\/2016\/01\/Scierie-Botterens.jpg 1000w\" sizes=\"(max-width: 400px) 100vw, 400px\" \/><\/a><p id=\"caption-attachment-502\" class=\"wp-caption-text\">Les grumes venant d&rsquo;arriver des for\u00eats de la r\u00e9gion \u00e0 la scierie Tornare Alexandre &amp; fils<\/p><\/div>\n<p>Pour cette nouvelle client\u00e8le, un passage par cette scierie vaut le d\u00e9tour. Situ\u00e9e dans la magnifique r\u00e9gion gruy\u00e9rienne, l&rsquo;entreprise Tornare Alexandre et fils s&rsquo;approvisionne essentiellement en bois r\u00e9gional \u2013 sapin et \u00e9pic\u00e9a &#8211; dans un rayon d&rsquo;une vingtaine de kilom\u00e8tres. Communes, triages forestiers, entreprises foresti\u00e8res, mais aussi les particuliers en sont les principaux fournisseurs. \u00ab\u00a0Les arbres sont choisis en fin d&rsquo;ann\u00e9e, afin d&rsquo;\u00eatre coup\u00e9s durant la p\u00e9riode hors s\u00e8ve\u00a0\u00bb ajoute Monsieur Tornare. De octobre\u00a0\u00e0 mars, les bucherons font vibrer la for\u00eat avant de laisser place \u00e0 la nature de revenir au printemps. Les tas de grumes\u00a0\u00e9corc\u00e9s sont laiss\u00e9s en for\u00eat et offrent un terrain de jeu et de cachettes \u00e0 la faune locale, avant d&rsquo;\u00eatre ramen\u00e9s pour la d\u00e9coupe en fonction des besoins.<\/p>\n<p>&nbsp;<\/p>\n<h4>Trois questions \u00e0 Corinne D\u00e9costerd :<\/h4>\n<p>&nbsp;<\/p>\n<p><strong>www.en-autarcie.ch :\u00a0Pourquoi avoir choisi de travailler avec du bois Suisse\u00a0?<\/strong><\/p>\n<p><strong><em><a href=\"http:\/\/www.en-autarcie.ch\/wp-content\/uploads\/2015\/10\/Corinne-D\u00e9costerd-PT.jpg\"><img loading=\"lazy\" class=\"alignleft wp-image-215\" src=\"http:\/\/www.en-autarcie.ch\/wp-content\/uploads\/2015\/10\/Corinne-D\u00e9costerd-PT-150x150.jpg\" alt=\"\" width=\"120\" height=\"121\" srcset=\"http:\/\/www.en-autarcie.ch\/wp-content\/uploads\/2015\/10\/Corinne-D\u00e9costerd-PT-150x150.jpg 150w, http:\/\/www.en-autarcie.ch\/wp-content\/uploads\/2015\/10\/Corinne-D\u00e9costerd-PT-297x300.jpg 297w, http:\/\/www.en-autarcie.ch\/wp-content\/uploads\/2015\/10\/Corinne-D\u00e9costerd-PT-1012x1024.jpg 1012w, http:\/\/www.en-autarcie.ch\/wp-content\/uploads\/2015\/10\/Corinne-D\u00e9costerd-PT.jpg 1032w\" sizes=\"(max-width: 120px) 100vw, 120px\" \/><\/a><\/em>Corinne D\u00e9costerd, co-initiatrice du projet<\/strong>:<\/p>\n<p>Pour Marc et moi-m\u00eame, travailler avec des mat\u00e9riaux locaux \u00e9tait une condition qui nous tenait \u00e0 coeur. En Suisse, nous avons des entreprises comp\u00e9tentes qui souffrent de la concurrence \u00e9trang\u00e8re. Avec ce choix, non seulement nous savons d&rsquo;o\u00f9 provient le bois de notre maison, mais aussi, nous \u00e9vitons les transports co\u00fbteux et polluants. Il s&rsquo;agit en plus d&rsquo;un moyen de soutenir les diff\u00e9rents m\u00e9tiers du bois en Suisse, tels que les bucherons, les scieries et les menuisiers.<\/p>\n<p>&nbsp;<\/p>\n<p><strong>En choisissant du bois Suisse, n&rsquo;avez vous pas peur de participer \u00e0 l\u2019appauvrissement des for\u00eats\u00a0?<\/strong><\/p>\n<p>Nos for\u00eats sont riches et recouvrent pr\u00e8s d&rsquo;un tiers de notre pays. Il s&rsquo;agit d&rsquo;ailleurs de la premi\u00e8re ressource naturelle du pays. La l\u00e9gislation Suisse est l&rsquo;une des plus stricte au monde\u00a0: nous ne r\u00e9coltons pas plus d&rsquo;arbres qu&rsquo;il n&rsquo;en pousse, soit pr\u00e8s de 10 millions de m\u00e8tres cubes par an. Dans certaines r\u00e9gions montagnardes, les for\u00eats gagnent m\u00eame du terrain.<\/p>\n<p>&nbsp;<\/p>\n<p><strong>Comment reconnaitre le bois Suisse dans le commerce\u00a0?<\/strong><\/p>\n<p>Le bois issu de nos for\u00eats suisses et transform\u00e9 dans notre pays est certifi\u00e9 COBS \u2013 Certificat d&rsquo;Origine Bois Suisse. Nous retrouvons l&rsquo;inscription sur le produit lui-m\u00eame, ou aupr\u00e8s des revendeurs du bois. Je mentionne aussi que ces labels garantissent la fonction protectrice de la for\u00eat ainsi qu&rsquo;un espace de vie pour la faune et la flore. Nous contribuons \u00e0 pr\u00e9server une for\u00eat saine et durable.<\/p>\n<p>&nbsp;<\/p>\n<h4>Liens utiles pour la construction en bois:<\/h4>\n<ul>\n<li>Label \u00ab\u00a0Certificat d&rsquo;Origine Bois Suisse\u00a0\u00bb (COBS):\u00a0<a href=\"http:\/\/www.holz-bois-legno.ch\/fr\/notre_foret\/\">www.holz-bois-legno.ch<\/a><\/li>\n<li>Office f\u00e9d\u00e9ral de l&rsquo;environnement &#8211; Th\u00e8me For\u00eats et Bois:\u00a0<a href=\"http:\/\/www.bafu.admin.ch\/wald\/01198\/01199\/index.html?lang=frhttp:\/\/www.foret.ch\/topic9581.html\">www.bafu.admin.ch\/wald<\/a><\/li>\n<li>Economie foresti\u00e8re Suisse:\u00a0<a href=\"http:\/\/www.bafu.admin.ch\/wald\/01198\/01199\/index.html?lang=frhttp:\/\/www.foret.ch\/topic9581.html\">www.foret.ch<\/a><\/li>\n<li>Association des for\u00eats suisses:\u00a0<a href=\"http:\/\/www.wvs.ch\/fr\/page-daccueil.html\">www.wvs.ch<\/a><\/li>\n<\/ul>\n","protected":false},"excerpt":{"rendered":"<p>Visite de la scierie Tornare Alexandre et fils \u00e0 Botterens. \u00ab\u00a0Le bois est une mati\u00e8re vivante, qui est tr\u00e8s belle \u00e0 travailler\u00a0\u00bb mentionne Monsieur Fran\u00e7ois Tornare, propri\u00e9taire de la scierie de Botterens. M\u00eame apr\u00e8s une vie dans le m\u00e9tier, il ne peut cacher sa passion pour ce mat\u00e9riau. Initi\u00e9 aux m\u00e9tiers du bois de p\u00e8re [&hellip;]<\/p>\n","protected":false},"author":2,"featured_media":501,"parent":16,"menu_order":93,"comment_status":"closed","ping_status":"closed","template":"","meta":{"ngg_post_thumbnail":0},"yoast_head":"<!-- This site is optimized with the Yoast SEO plugin v20.6 - https:\/\/yoast.com\/wordpress\/plugins\/seo\/ -->\n<title>Provenance du bois, portrait d&#039;une scierie labellis\u00e9e. 31.01.16 - Maison Autarcique<\/title>\n<meta name=\"description\" content=\"Visite d&#039;une scierie labellis\u00e9e \u00e0 Botterens, maison autarcique \u00e0 Ch\u00e2tillon.\" \/>\n<meta name=\"robots\" content=\"index, follow, max-snippet:-1, max-image-preview:large, max-video-preview:-1\" \/>\n<link rel=\"canonical\" href=\"https:\/\/www.en-autarcie.ch\/index.php\/carnets-de-construction\/provenance-du-bois-portrait-dune-scierie-labellisee\/\" \/>\n<meta property=\"og:locale\" content=\"fr_FR\" \/>\n<meta property=\"og:type\" content=\"article\" \/>\n<meta property=\"og:title\" content=\"Provenance du bois, portrait d&#039;une scierie labellis\u00e9e. 31.01.16 - Maison Autarcique\" \/>\n<meta property=\"og:description\" content=\"Visite d&#039;une scierie labellis\u00e9e \u00e0 Botterens, maison autarcique \u00e0 Ch\u00e2tillon.\" \/>\n<meta property=\"og:url\" content=\"https:\/\/www.en-autarcie.ch\/index.php\/carnets-de-construction\/provenance-du-bois-portrait-dune-scierie-labellisee\/\" \/>\n<meta property=\"og:site_name\" content=\"Maison Autarcique\" \/>\n<meta property=\"article:modified_time\" content=\"2016-02-14T16:16:02+00:00\" \/>\n<meta property=\"og:image\" content=\"https:\/\/www.en-autarcie.ch\/wp-content\/uploads\/2016\/01\/DSC_6129-1024x678.jpg\" \/>\n\t<meta property=\"og:image:width\" content=\"1024\" \/>\n\t<meta property=\"og:image:height\" content=\"678\" \/>\n\t<meta property=\"og:image:type\" content=\"image\/jpeg\" \/>\n<meta name=\"twitter:card\" content=\"summary_large_image\" \/>\n<meta name=\"twitter:label1\" content=\"Dur\u00e9e de lecture estim\u00e9e\" \/>\n\t<meta name=\"twitter:data1\" content=\"4 minutes\" \/>\n<script type=\"application\/ld+json\" class=\"yoast-schema-graph\">{\"@context\":\"https:\/\/schema.org\",\"@graph\":[{\"@type\":\"WebPage\",\"@id\":\"https:\/\/www.en-autarcie.ch\/index.php\/carnets-de-construction\/provenance-du-bois-portrait-dune-scierie-labellisee\/\",\"url\":\"https:\/\/www.en-autarcie.ch\/index.php\/carnets-de-construction\/provenance-du-bois-portrait-dune-scierie-labellisee\/\",\"name\":\"Provenance du bois, portrait d'une scierie labellis\u00e9e. 31.01.16 - Maison Autarcique\",\"isPartOf\":{\"@id\":\"http:\/\/www.en-autarcie.ch\/#website\"},\"datePublished\":\"2016-01-31T18:06:40+00:00\",\"dateModified\":\"2016-02-14T16:16:02+00:00\",\"description\":\"Visite d'une scierie labellis\u00e9e \u00e0 Botterens, maison autarcique \u00e0 Ch\u00e2tillon.\",\"breadcrumb\":{\"@id\":\"https:\/\/www.en-autarcie.ch\/index.php\/carnets-de-construction\/provenance-du-bois-portrait-dune-scierie-labellisee\/#breadcrumb\"},\"inLanguage\":\"fr-FR\",\"potentialAction\":[{\"@type\":\"ReadAction\",\"target\":[\"https:\/\/www.en-autarcie.ch\/index.php\/carnets-de-construction\/provenance-du-bois-portrait-dune-scierie-labellisee\/\"]}]},{\"@type\":\"BreadcrumbList\",\"@id\":\"https:\/\/www.en-autarcie.ch\/index.php\/carnets-de-construction\/provenance-du-bois-portrait-dune-scierie-labellisee\/#breadcrumb\",\"itemListElement\":[{\"@type\":\"ListItem\",\"position\":1,\"name\":\"Accueil\",\"item\":\"http:\/\/www.en-autarcie.ch\/\"},{\"@type\":\"ListItem\",\"position\":2,\"name\":\"Carnets de construction\",\"item\":\"http:\/\/www.en-autarcie.ch\/index.php\/carnets-de-construction\/\"},{\"@type\":\"ListItem\",\"position\":3,\"name\":\"Provenance du bois, portrait d&rsquo;une scierie labellis\u00e9e. 31.01.16\"}]},{\"@type\":\"WebSite\",\"@id\":\"http:\/\/www.en-autarcie.ch\/#website\",\"url\":\"http:\/\/www.en-autarcie.ch\/\",\"name\":\"Maison Autarcique\",\"description\":\"Premi\u00e8re maison autarcique, low-tech et permaculture de Suisse.\",\"potentialAction\":[{\"@type\":\"SearchAction\",\"target\":{\"@type\":\"EntryPoint\",\"urlTemplate\":\"http:\/\/www.en-autarcie.ch\/?s={search_term_string}\"},\"query-input\":\"required name=search_term_string\"}],\"inLanguage\":\"fr-FR\"}]}<\/script>\n<!-- \/ Yoast SEO plugin. -->","yoast_head_json":{"title":"Provenance du bois, portrait d'une scierie labellis\u00e9e. 31.01.16 - Maison Autarcique","description":"Visite d'une scierie labellis\u00e9e \u00e0 Botterens, maison autarcique \u00e0 Ch\u00e2tillon.","robots":{"index":"index","follow":"follow","max-snippet":"max-snippet:-1","max-image-preview":"max-image-preview:large","max-video-preview":"max-video-preview:-1"},"canonical":"https:\/\/www.en-autarcie.ch\/index.php\/carnets-de-construction\/provenance-du-bois-portrait-dune-scierie-labellisee\/","og_locale":"fr_FR","og_type":"article","og_title":"Provenance du bois, portrait d'une scierie labellis\u00e9e. 31.01.16 - Maison Autarcique","og_description":"Visite d'une scierie labellis\u00e9e \u00e0 Botterens, maison autarcique \u00e0 Ch\u00e2tillon.","og_url":"https:\/\/www.en-autarcie.ch\/index.php\/carnets-de-construction\/provenance-du-bois-portrait-dune-scierie-labellisee\/","og_site_name":"Maison Autarcique","article_modified_time":"2016-02-14T16:16:02+00:00","og_image":[{"width":1024,"height":678,"url":"https:\/\/www.en-autarcie.ch\/wp-content\/uploads\/2016\/01\/DSC_6129-1024x678.jpg","type":"image\/jpeg"}],"twitter_card":"summary_large_image","twitter_misc":{"Dur\u00e9e de lecture estim\u00e9e":"4 minutes"},"schema":{"@context":"https:\/\/schema.org","@graph":[{"@type":"WebPage","@id":"https:\/\/www.en-autarcie.ch\/index.php\/carnets-de-construction\/provenance-du-bois-portrait-dune-scierie-labellisee\/","url":"https:\/\/www.en-autarcie.ch\/index.php\/carnets-de-construction\/provenance-du-bois-portrait-dune-scierie-labellisee\/","name":"Provenance du bois, portrait d'une scierie labellis\u00e9e. 31.01.16 - Maison Autarcique","isPartOf":{"@id":"http:\/\/www.en-autarcie.ch\/#website"},"datePublished":"2016-01-31T18:06:40+00:00","dateModified":"2016-02-14T16:16:02+00:00","description":"Visite d'une scierie labellis\u00e9e \u00e0 Botterens, maison autarcique \u00e0 Ch\u00e2tillon.","breadcrumb":{"@id":"https:\/\/www.en-autarcie.ch\/index.php\/carnets-de-construction\/provenance-du-bois-portrait-dune-scierie-labellisee\/#breadcrumb"},"inLanguage":"fr-FR","potentialAction":[{"@type":"ReadAction","target":["https:\/\/www.en-autarcie.ch\/index.php\/carnets-de-construction\/provenance-du-bois-portrait-dune-scierie-labellisee\/"]}]},{"@type":"BreadcrumbList","@id":"https:\/\/www.en-autarcie.ch\/index.php\/carnets-de-construction\/provenance-du-bois-portrait-dune-scierie-labellisee\/#breadcrumb","itemListElement":[{"@type":"ListItem","position":1,"name":"Accueil","item":"http:\/\/www.en-autarcie.ch\/"},{"@type":"ListItem","position":2,"name":"Carnets de construction","item":"http:\/\/www.en-autarcie.ch\/index.php\/carnets-de-construction\/"},{"@type":"ListItem","position":3,"name":"Provenance du bois, portrait d&rsquo;une scierie labellis\u00e9e. 31.01.16"}]},{"@type":"WebSite","@id":"http:\/\/www.en-autarcie.ch\/#website","url":"http:\/\/www.en-autarcie.ch\/","name":"Maison Autarcique","description":"Premi\u00e8re maison autarcique, low-tech et permaculture de Suisse.","potentialAction":[{"@type":"SearchAction","target":{"@type":"EntryPoint","urlTemplate":"http:\/\/www.en-autarcie.ch\/?s={search_term_string}"},"query-input":"required name=search_term_string"}],"inLanguage":"fr-FR"}]}},"_links":{"self":[{"href":"http:\/\/www.en-autarcie.ch\/index.php\/wp-json\/wp\/v2\/pages\/499"}],"collection":[{"href":"http:\/\/www.en-autarcie.ch\/index.php\/wp-json\/wp\/v2\/pages"}],"about":[{"href":"http:\/\/www.en-autarcie.ch\/index.php\/wp-json\/wp\/v2\/types\/page"}],"author":[{"embeddable":true,"href":"http:\/\/www.en-autarcie.ch\/index.php\/wp-json\/wp\/v2\/users\/2"}],"replies":[{"embeddable":true,"href":"http:\/\/www.en-autarcie.ch\/index.php\/wp-json\/wp\/v2\/comments?post=499"}],"version-history":[{"count":9,"href":"http:\/\/www.en-autarcie.ch\/index.php\/wp-json\/wp\/v2\/pages\/499\/revisions"}],"predecessor-version":[{"id":534,"href":"http:\/\/www.en-autarcie.ch\/index.php\/wp-json\/wp\/v2\/pages\/499\/revisions\/534"}],"up":[{"embeddable":true,"href":"http:\/\/www.en-autarcie.ch\/index.php\/wp-json\/wp\/v2\/pages\/16"}],"wp:featuredmedia":[{"embeddable":true,"href":"http:\/\/www.en-autarcie.ch\/index.php\/wp-json\/wp\/v2\/media\/501"}],"wp:attachment":[{"href":"http:\/\/www.en-autarcie.ch\/index.php\/wp-json\/wp\/v2\/media?parent=499"}],"curies":[{"name":"wp","href":"https:\/\/api.w.org\/{rel}","templated":true}]}}