{"id":530,"date":"2016-02-14T18:07:30","date_gmt":"2016-02-14T17:07:30","guid":{"rendered":"http:\/\/www.en-autarcie.ch\/?page_id=530"},"modified":"2016-02-14T18:18:34","modified_gmt":"2016-02-14T17:18:34","slug":"partenaire-swisspearl-eternit-sa","status":"publish","type":"page","link":"http:\/\/www.en-autarcie.ch\/index.php\/partenaire-swisspearl-eternit-sa\/","title":{"rendered":"Partenaire &#8211; Swisspearl Eternit (Suisse) SA"},"content":{"rendered":"<div class=\"fcbkbttn_buttons_block\" id=\"fcbkbttn_left\"><div class=\"fcbkbttn_button\">\n\t\t\t\t\t<a href=\"https:\/\/www.facebook.com\/\" target=\"_blank\">\n\t\t\t\t\t\t<img src=\"http:\/\/www.en-autarcie.ch\/wp-content\/plugins\/facebook-button-plugin\/images\/standard-facebook-ico.png\" alt=\"Fb-Button\" \/>\n\t\t\t\t\t<\/a>\n\t\t\t\t<\/div><div class=\"fcbkbttn_like \"><fb:like href=\"http:\/\/www.en-autarcie.ch\/index.php\/partenaire-swisspearl-eternit-sa\/\" action=\"like\" colorscheme=\"light\" layout=\"standard\"  width=\"225px\" size=\"small\"><\/fb:like><\/div><\/div><h4>Swisspearl Eternit SA\u00a0est partenaire du projet www.en-autarcie.ch, pr\u00e9sentation de l&rsquo;entreprise.<\/h4>\n<p>&nbsp;<\/p>\n<p>Swisspearl Eternit (Suisse) SA est une entreprise active dans le domaine des fa\u00e7ades et toitures de b\u00e2timents. Les produits Swisspearl\u00ae sont fabriqu\u00e9s dans les usines suisses de Niederurnen et de Payerne.<\/p>\n<p>&nbsp;<\/p>\n<p>Son esprit d&rsquo;innovation et ses connaissances sp\u00e9cialis\u00e9es permettent \u00e0 Eternit (Suisse) SA de d\u00e9velopper, \u00e0 partir de mati\u00e8res premi\u00e8res naturelles, des produits innovants et durables pour l&rsquo;enveloppe de b\u00e2timent, l&rsquo;am\u00e9nagement int\u00e9rieur et le jardin \u2013 dans un souci constant d&rsquo;esth\u00e9tique, de qualit\u00e9 et de responsabilit\u00e9 envers l&rsquo;Homme et son environnement.<\/p>\n<p><a href=\"http:\/\/www.en-autarcie.ch\/wp-content\/uploads\/2016\/02\/pflanzenku-bel_eternit-swisspearl_05.jpg\"><img loading=\"lazy\" class=\"wp-image-536 size-large\" src=\"http:\/\/www.en-autarcie.ch\/wp-content\/uploads\/2016\/02\/pflanzenku-bel_eternit-swisspearl_05-1024x596.jpg\" alt=\"pflanzenku-bel_eternit-swisspearl_05\" width=\"718\" height=\"418\" srcset=\"http:\/\/www.en-autarcie.ch\/wp-content\/uploads\/2016\/02\/pflanzenku-bel_eternit-swisspearl_05-1024x596.jpg 1024w, http:\/\/www.en-autarcie.ch\/wp-content\/uploads\/2016\/02\/pflanzenku-bel_eternit-swisspearl_05-300x175.jpg 300w, http:\/\/www.en-autarcie.ch\/wp-content\/uploads\/2016\/02\/pflanzenku-bel_eternit-swisspearl_05.jpg 1068w\" sizes=\"(max-width: 718px) 100vw, 718px\" \/><\/a><\/p>\n<p>Swisspearl Eternit (Suisse) SA, usine de Payerne.<\/p>\n<p>&nbsp;<\/p>\n<p>Pour Eternit (Suisse) SA et ses produits Swisspearl\u00ae, la protection de l\u2019environnement et l\u2019utilisation responsable des ressources naturelles sont des conditions fondamentales de son succ\u00e8s commercial. L&rsquo;entreprise poss\u00e8de un certificat de l&rsquo;Agence de l&rsquo;\u00e9nergie pour l&rsquo;\u00e9conomie ainsi qu&rsquo;une d\u00e9claration environnementale.<\/p>\n<p>&nbsp;<\/p>\n<p>Le principe fondamental et le moteur d&rsquo;Eternit (Suisse) SA sont son niveau d&rsquo;exigence \u00e9lev\u00e9 en mati\u00e8re de qualit\u00e9 et son engagement clair pour d\u00e9velopper et mettre en \u0153uvre des concepts \u00e0 la fois esth\u00e9tiques, visionnaires et fonctionnels, en partenariat continu avec les architectes, les concepteurs, les transformateurs et les commerces de mat\u00e9riaux de construction.<\/p>\n<p>&nbsp;<\/p>\n<h4>Que fournit Swisspearl Eternit SA\u00a0au projet www.en-autarcie.ch?<\/h4>\n<p>Swisspearl Eternit SA fournit des panneaux Linearis de fa\u00e7ade. Le mat\u00e9riau choisi permet \u00e0 la maison autarcique de se fondre dans le quartier de chalet o\u00f9 elle se trouve, mais aussi d&rsquo;offrir une bonne inertie thermique des fa\u00e7ades.<\/p>\n<h4><\/h4>\n<h4>Informations sur l&rsquo;entreprise.<\/h4>\n<p>Site internet: www.swisspearl.ch<\/p>\n<p>Nombre d&#8217;employ\u00e9s: 435<\/p>\n<p>Date de cr\u00e9ation de l&rsquo;entreprise: 1912<\/p>\n<p>&nbsp;<\/p>\n<h4>Pourquoi avoir choisi Swisspearl Eternit SA?<\/h4>\n<p><a href=\"http:\/\/www.en-autarcie.ch\/wp-content\/uploads\/2015\/10\/Corinne-D\u00e9costerd-PT.jpg\"><img loading=\"lazy\" class=\"wp-image-215 alignleft\" src=\"http:\/\/www.en-autarcie.ch\/wp-content\/uploads\/2015\/10\/Corinne-D\u00e9costerd-PT-1012x1024.jpg\" alt=\"\" width=\"90\" height=\"91\" srcset=\"http:\/\/www.en-autarcie.ch\/wp-content\/uploads\/2015\/10\/Corinne-D\u00e9costerd-PT-1012x1024.jpg 1012w, http:\/\/www.en-autarcie.ch\/wp-content\/uploads\/2015\/10\/Corinne-D\u00e9costerd-PT-150x150.jpg 150w, http:\/\/www.en-autarcie.ch\/wp-content\/uploads\/2015\/10\/Corinne-D\u00e9costerd-PT-297x300.jpg 297w, http:\/\/www.en-autarcie.ch\/wp-content\/uploads\/2015\/10\/Corinne-D\u00e9costerd-PT.jpg 1032w\" sizes=\"(max-width: 90px) 100vw, 90px\" \/><\/a><strong>Corinne\u00a0D\u00e9costerd, cofondatrice du projet www.en-autarcie.ch<\/strong>:<\/p>\n<p>Nous voulons mettre en avant le savoir-faire suisse en mati\u00e8re de construction \u00e9cologique. Mais aussi nous aimerions montrer qu&rsquo;il est possible d&rsquo;allier l&rsquo;esth\u00e9tisme et la modernit\u00e9 \u00e0 ce type d&rsquo;habitation. L&rsquo;\u00e9ternit semble \u00eatre un bon compromis entre l&rsquo;aspect esth\u00e9tique et l&rsquo;impact environnemental ainsi que la dur\u00e9e de vie des mat\u00e9riaux. La paille ne tol\u00e9rant absolument aucune infiltration d&rsquo;eau, il est primordial que les fa\u00e7ades et la toiture aient une qualit\u00e9 irr\u00e9prochable durant des dizaines d&rsquo;ann\u00e9es.<\/p>\n","protected":false},"excerpt":{"rendered":"<p>Swisspearl Eternit SA\u00a0est partenaire du projet www.en-autarcie.ch, pr\u00e9sentation de l&rsquo;entreprise. &nbsp; Swisspearl Eternit (Suisse) SA est une entreprise active dans le domaine des fa\u00e7ades et toitures de b\u00e2timents. Les produits Swisspearl\u00ae sont fabriqu\u00e9s dans les usines suisses de Niederurnen et de Payerne. &nbsp; Son esprit d&rsquo;innovation et ses connaissances sp\u00e9cialis\u00e9es permettent \u00e0 Eternit (Suisse) SA [&hellip;]<\/p>\n","protected":false},"author":2,"featured_media":0,"parent":0,"menu_order":0,"comment_status":"closed","ping_status":"closed","template":"","meta":{"ngg_post_thumbnail":0},"yoast_head":"<!-- This site is optimized with the Yoast SEO plugin v20.6 - https:\/\/yoast.com\/wordpress\/plugins\/seo\/ -->\n<title>Partenaire - Swisspearl Eternit (Suisse) SA - Maison Autarcique<\/title>\n<meta name=\"robots\" content=\"index, follow, max-snippet:-1, max-image-preview:large, max-video-preview:-1\" \/>\n<link rel=\"canonical\" href=\"http:\/\/www.en-autarcie.ch\/index.php\/partenaire-swisspearl-eternit-sa\/\" \/>\n<meta property=\"og:locale\" content=\"fr_FR\" \/>\n<meta property=\"og:type\" content=\"article\" \/>\n<meta property=\"og:title\" content=\"Partenaire - Swisspearl Eternit (Suisse) SA - Maison Autarcique\" \/>\n<meta property=\"og:description\" content=\"Swisspearl Eternit SA\u00a0est partenaire du projet www.en-autarcie.ch, pr\u00e9sentation de l&rsquo;entreprise. &nbsp; Swisspearl Eternit (Suisse) SA est une entreprise active dans le domaine des fa\u00e7ades et toitures de b\u00e2timents. Les produits Swisspearl\u00ae sont fabriqu\u00e9s dans les usines suisses de Niederurnen et de Payerne. &nbsp; Son esprit d&rsquo;innovation et ses connaissances sp\u00e9cialis\u00e9es permettent \u00e0 Eternit (Suisse) SA [&hellip;]\" \/>\n<meta property=\"og:url\" content=\"http:\/\/www.en-autarcie.ch\/index.php\/partenaire-swisspearl-eternit-sa\/\" \/>\n<meta property=\"og:site_name\" content=\"Maison Autarcique\" \/>\n<meta property=\"article:modified_time\" content=\"2016-02-14T17:18:34+00:00\" \/>\n<meta property=\"og:image\" content=\"http:\/\/www.en-autarcie.ch\/wp-content\/uploads\/2016\/02\/pflanzenku-bel_eternit-swisspearl_05-1024x596.jpg\" \/>\n<meta name=\"twitter:card\" content=\"summary_large_image\" \/>\n<meta name=\"twitter:label1\" content=\"Dur\u00e9e de lecture estim\u00e9e\" \/>\n\t<meta name=\"twitter:data1\" content=\"2 minutes\" \/>\n<script type=\"application\/ld+json\" class=\"yoast-schema-graph\">{\"@context\":\"https:\/\/schema.org\",\"@graph\":[{\"@type\":\"WebPage\",\"@id\":\"http:\/\/www.en-autarcie.ch\/index.php\/partenaire-swisspearl-eternit-sa\/\",\"url\":\"http:\/\/www.en-autarcie.ch\/index.php\/partenaire-swisspearl-eternit-sa\/\",\"name\":\"Partenaire - Swisspearl Eternit (Suisse) SA - Maison Autarcique\",\"isPartOf\":{\"@id\":\"http:\/\/www.en-autarcie.ch\/#website\"},\"datePublished\":\"2016-02-14T17:07:30+00:00\",\"dateModified\":\"2016-02-14T17:18:34+00:00\",\"breadcrumb\":{\"@id\":\"http:\/\/www.en-autarcie.ch\/index.php\/partenaire-swisspearl-eternit-sa\/#breadcrumb\"},\"inLanguage\":\"fr-FR\",\"potentialAction\":[{\"@type\":\"ReadAction\",\"target\":[\"http:\/\/www.en-autarcie.ch\/index.php\/partenaire-swisspearl-eternit-sa\/\"]}]},{\"@type\":\"BreadcrumbList\",\"@id\":\"http:\/\/www.en-autarcie.ch\/index.php\/partenaire-swisspearl-eternit-sa\/#breadcrumb\",\"itemListElement\":[{\"@type\":\"ListItem\",\"position\":1,\"name\":\"Accueil\",\"item\":\"http:\/\/www.en-autarcie.ch\/\"},{\"@type\":\"ListItem\",\"position\":2,\"name\":\"Partenaire &#8211; Swisspearl Eternit (Suisse) SA\"}]},{\"@type\":\"WebSite\",\"@id\":\"http:\/\/www.en-autarcie.ch\/#website\",\"url\":\"http:\/\/www.en-autarcie.ch\/\",\"name\":\"Maison Autarcique\",\"description\":\"Premi\u00e8re maison autarcique, low-tech et permaculture de Suisse.\",\"potentialAction\":[{\"@type\":\"SearchAction\",\"target\":{\"@type\":\"EntryPoint\",\"urlTemplate\":\"http:\/\/www.en-autarcie.ch\/?s={search_term_string}\"},\"query-input\":\"required name=search_term_string\"}],\"inLanguage\":\"fr-FR\"}]}<\/script>\n<!-- \/ Yoast SEO plugin. -->","yoast_head_json":{"title":"Partenaire - Swisspearl Eternit (Suisse) SA - Maison Autarcique","robots":{"index":"index","follow":"follow","max-snippet":"max-snippet:-1","max-image-preview":"max-image-preview:large","max-video-preview":"max-video-preview:-1"},"canonical":"http:\/\/www.en-autarcie.ch\/index.php\/partenaire-swisspearl-eternit-sa\/","og_locale":"fr_FR","og_type":"article","og_title":"Partenaire - Swisspearl Eternit (Suisse) SA - Maison Autarcique","og_description":"Swisspearl Eternit SA\u00a0est partenaire du projet www.en-autarcie.ch, pr\u00e9sentation de l&rsquo;entreprise. &nbsp; Swisspearl Eternit (Suisse) SA est une entreprise active dans le domaine des fa\u00e7ades et toitures de b\u00e2timents. Les produits Swisspearl\u00ae sont fabriqu\u00e9s dans les usines suisses de Niederurnen et de Payerne. &nbsp; Son esprit d&rsquo;innovation et ses connaissances sp\u00e9cialis\u00e9es permettent \u00e0 Eternit (Suisse) SA [&hellip;]","og_url":"http:\/\/www.en-autarcie.ch\/index.php\/partenaire-swisspearl-eternit-sa\/","og_site_name":"Maison Autarcique","article_modified_time":"2016-02-14T17:18:34+00:00","og_image":[{"url":"http:\/\/www.en-autarcie.ch\/wp-content\/uploads\/2016\/02\/pflanzenku-bel_eternit-swisspearl_05-1024x596.jpg"}],"twitter_card":"summary_large_image","twitter_misc":{"Dur\u00e9e de lecture estim\u00e9e":"2 minutes"},"schema":{"@context":"https:\/\/schema.org","@graph":[{"@type":"WebPage","@id":"http:\/\/www.en-autarcie.ch\/index.php\/partenaire-swisspearl-eternit-sa\/","url":"http:\/\/www.en-autarcie.ch\/index.php\/partenaire-swisspearl-eternit-sa\/","name":"Partenaire - Swisspearl Eternit (Suisse) SA - Maison Autarcique","isPartOf":{"@id":"http:\/\/www.en-autarcie.ch\/#website"},"datePublished":"2016-02-14T17:07:30+00:00","dateModified":"2016-02-14T17:18:34+00:00","breadcrumb":{"@id":"http:\/\/www.en-autarcie.ch\/index.php\/partenaire-swisspearl-eternit-sa\/#breadcrumb"},"inLanguage":"fr-FR","potentialAction":[{"@type":"ReadAction","target":["http:\/\/www.en-autarcie.ch\/index.php\/partenaire-swisspearl-eternit-sa\/"]}]},{"@type":"BreadcrumbList","@id":"http:\/\/www.en-autarcie.ch\/index.php\/partenaire-swisspearl-eternit-sa\/#breadcrumb","itemListElement":[{"@type":"ListItem","position":1,"name":"Accueil","item":"http:\/\/www.en-autarcie.ch\/"},{"@type":"ListItem","position":2,"name":"Partenaire &#8211; Swisspearl Eternit (Suisse) SA"}]},{"@type":"WebSite","@id":"http:\/\/www.en-autarcie.ch\/#website","url":"http:\/\/www.en-autarcie.ch\/","name":"Maison Autarcique","description":"Premi\u00e8re maison autarcique, low-tech et permaculture de Suisse.","potentialAction":[{"@type":"SearchAction","target":{"@type":"EntryPoint","urlTemplate":"http:\/\/www.en-autarcie.ch\/?s={search_term_string}"},"query-input":"required name=search_term_string"}],"inLanguage":"fr-FR"}]}},"_links":{"self":[{"href":"http:\/\/www.en-autarcie.ch\/index.php\/wp-json\/wp\/v2\/pages\/530"}],"collection":[{"href":"http:\/\/www.en-autarcie.ch\/index.php\/wp-json\/wp\/v2\/pages"}],"about":[{"href":"http:\/\/www.en-autarcie.ch\/index.php\/wp-json\/wp\/v2\/types\/page"}],"author":[{"embeddable":true,"href":"http:\/\/www.en-autarcie.ch\/index.php\/wp-json\/wp\/v2\/users\/2"}],"replies":[{"embeddable":true,"href":"http:\/\/www.en-autarcie.ch\/index.php\/wp-json\/wp\/v2\/comments?post=530"}],"version-history":[{"count":5,"href":"http:\/\/www.en-autarcie.ch\/index.php\/wp-json\/wp\/v2\/pages\/530\/revisions"}],"predecessor-version":[{"id":666,"href":"http:\/\/www.en-autarcie.ch\/index.php\/wp-json\/wp\/v2\/pages\/530\/revisions\/666"}],"wp:attachment":[{"href":"http:\/\/www.en-autarcie.ch\/index.php\/wp-json\/wp\/v2\/media?parent=530"}],"curies":[{"name":"wp","href":"https:\/\/api.w.org\/{rel}","templated":true}]}}