{"id":675,"date":"2016-03-25T18:45:06","date_gmt":"2016-03-25T17:45:06","guid":{"rendered":"http:\/\/www.en-autarcie.ch\/?page_id=675"},"modified":"2016-04-07T07:50:44","modified_gmt":"2016-04-07T06:50:44","slug":"certifier-cest-possible-de-tricher","status":"publish","type":"page","link":"http:\/\/www.en-autarcie.ch\/index.php\/carnets-de-construction\/certifier-cest-possible-de-tricher\/","title":{"rendered":"Certifier, et c&rsquo;est plus possible de tricher! &#8211; 23.03.16"},"content":{"rendered":"<div class=\"fcbkbttn_buttons_block\" id=\"fcbkbttn_left\"><div class=\"fcbkbttn_button\">\n\t\t\t\t\t<a href=\"https:\/\/www.facebook.com\/\" target=\"_blank\">\n\t\t\t\t\t\t<img src=\"http:\/\/www.en-autarcie.ch\/wp-content\/plugins\/facebook-button-plugin\/images\/standard-facebook-ico.png\" alt=\"Fb-Button\" \/>\n\t\t\t\t\t<\/a>\n\t\t\t\t<\/div><div class=\"fcbkbttn_like \"><fb:like href=\"http:\/\/www.en-autarcie.ch\/index.php\/carnets-de-construction\/certifier-cest-possible-de-tricher\/\" action=\"like\" colorscheme=\"light\" layout=\"standard\"  width=\"225px\" size=\"small\"><\/fb:like><\/div><\/div><h4><em>La maison autarcique\u00a0vient de recevoir sa certification provisoire Minergie-P. Il s\u2019agira de la deuxi\u00e8me maison en paille en Suisse obtenant ce label, le plus exigeant qui existe.<\/em><\/h4>\n<p>&nbsp;<\/p>\n<p>\u00ab\u00a0Bah, 15 cm d\u2019isolant ou 20 cm, c\u2019est la m\u00eame chose. De toute fa\u00e7on avant on n\u2019isolait m\u00eame pas 10cm et \u00e7a allait tr\u00e8s bien\u00a0\u00bb. Voil\u00e0 une opinion qui ferait hurler les habitu\u00e9s des constructions \u00e9cologiques, mais qui se laisse encore r\u00e9guli\u00e8rement entendre sur les chantiers. Effectivement 10 cm c\u2019est mieux que rien du tout, mais isoler correctement une maison cela ne s\u2019improvise pas \u00e0 la derni\u00e8re minute.<\/p>\n<p>&nbsp;<\/p>\n<p><a href=\"http:\/\/www.en-autarcie.ch\/wp-content\/uploads\/2016\/03\/Coupe-maison-3D-isolants-PT-1.png\" rel=\"attachment wp-att-676\"><img loading=\"lazy\" class=\"aligncenter wp-image-697 size-large\" src=\"http:\/\/www.en-autarcie.ch\/wp-content\/uploads\/2016\/03\/Coupe-maison-3D-isolants-PT-1-1024x870.png\" alt=\"\" width=\"718\" height=\"610\" srcset=\"http:\/\/www.en-autarcie.ch\/wp-content\/uploads\/2016\/03\/Coupe-maison-3D-isolants-PT-1-1024x870.png 1024w, http:\/\/www.en-autarcie.ch\/wp-content\/uploads\/2016\/03\/Coupe-maison-3D-isolants-PT-1-300x255.png 300w, http:\/\/www.en-autarcie.ch\/wp-content\/uploads\/2016\/03\/Coupe-maison-3D-isolants-PT-1-768x653.png 768w\" sizes=\"(max-width: 718px) 100vw, 718px\" \/><\/a><\/p>\n<p><em>Sch\u00e9ma du concept d&rsquo;isolation approuv\u00e9 par l&rsquo;organe de certification Minergie-P.<\/em><\/p>\n<p>&nbsp;<\/p>\n<p>Ca, c&rsquo;est la th\u00e9orie. Mais plus tard, lorsque les ouvriers ou l\u2019entreprise ayant re\u00e7u le mandat d&rsquo;isolation se retrouvent devant la fa\u00e7ade nue, la tentation de limiter les d\u00e9penses et de se simplifier la t\u00e2che peut \u00eatre assez forte. Cinq centim\u00e8tres d&rsquo;isolant en moins sur toute la maison, c\u2019est vite 5000 Frs de gagn\u00e9\u00a0! Et\u00a0en g\u00e9n\u00e9ral personne ne le remarque.<\/p>\n<p>&nbsp;<\/p>\n<p><a href=\"http:\/\/www.en-autarcie.ch\/wp-content\/uploads\/2016\/03\/Encart-Minergie-2.png\" rel=\"attachment wp-att-691\"><img loading=\"lazy\" class=\"wp-image-744 alignright\" src=\"http:\/\/www.en-autarcie.ch\/wp-content\/uploads\/2016\/03\/Encart-Minergie-2-358x1024.png\" alt=\"\" width=\"310\" height=\"887\" srcset=\"http:\/\/www.en-autarcie.ch\/wp-content\/uploads\/2016\/03\/Encart-Minergie-2-358x1024.png 358w, http:\/\/www.en-autarcie.ch\/wp-content\/uploads\/2016\/03\/Encart-Minergie-2-105x300.png 105w, http:\/\/www.en-autarcie.ch\/wp-content\/uploads\/2016\/03\/Encart-Minergie-2.png 700w\" sizes=\"(max-width: 310px) 100vw, 310px\" \/><\/a><\/p>\n<p>Pour \u00e9viter les surprises, la certification \u2013 m\u00eame si la proc\u00e9dure est assez lourde &#8211; a le m\u00e9rite qu\u2019il est impossible de tricher. Depuis les premi\u00e8res esquisses du projet jusqu\u2019\u00e0 la remise du certificat, tous les aspects \u00e9nerg\u00e9tiques doivent \u00eatre calcul\u00e9s, valid\u00e9s par une expert ext\u00e9rieur ind\u00e9pendant, puis enfin v\u00e9rifi\u00e9s sur le terrain. Plus qu&rsquo;une maison bien isol\u00e9e, la certification garantit que la maison soit fonctionnelle: elle doit\u00a0\u00e9galement \u00eatre totalement \u00e9tanche \u00e0 l\u2019air (au vent) et b\u00e9n\u00e9ficier d\u2019apports solaires \u00e0 travers les fen\u00eatres orient\u00e9es vers le sud. Plus raffin\u00e9 encore, lors de\u00a0certaines certifications, la ventilation doit \u00eatre contr\u00f4l\u00e9e et les appareils \u00e9lectriques garantis A+. A ce niveau, l&rsquo;improvisation ne suffit plus, seuls les professionnels tr\u00e8s qualifi\u00e9s atteignent le standard.<\/p>\n<p>&nbsp;<\/p>\n<p>Si ces normes contraignantes obligent \u00e0 une certaine rigueur de travail, le choix de la m\u00e9thode reste en contrepartie assez large. La certification peut \u00eatre r\u00e9alis\u00e9e aupr\u00e8s des organes priv\u00e9s tels que Minergie, PassiveHaus (syst\u00e8me\u00a0allemand) ou LEED (syst\u00e8me\u00a0am\u00e9ricain); soit avec le mod\u00e8le cantonal officiel appel\u00e9 CECB. Dans le cas de cette maison autarcique &#8211; et afin de placer la barre le plus haut possible &#8211; le concept \u00e9nerg\u00e9tique sera examin\u00e9 sous l\u2019angle le plus stricte avec le label Minergie-P. La lettre P signifie Passif, soit une maison qui consomme si peu d\u2019\u00e9nergie qu\u2019un chauffage n\u2019est pratiquement plus n\u00e9cessaire.<\/p>\n<p>Le label Minergie-P comporte \u00e9galement des tests de terrain une fois la maison termin\u00e9e; comme celui d&rsquo;\u00e9tanch\u00e9it\u00e9 \u00e0 l&rsquo;air. Une \u00e9quipe de sp\u00e9cialistes vient alors mettre la maison sous vide gr\u00e2ce \u00e0 un gros ventilateur. Si la maison comporte la moindre petite fuite d&rsquo;air, la maison n&rsquo;a pas le droit au label! Cette \u00e9tape sera l&rsquo;\u00e9preuve de v\u00e9rit\u00e9 pour la construction paille, sachant qu&rsquo;aucune faille n&rsquo;est tol\u00e9r\u00e9e! R\u00e9ponse par les faits dans quelques mois&#8230;<\/p>\n<p>&nbsp;<\/p>\n<div id=\"attachment_698\" style=\"width: 689px\" class=\"wp-caption aligncenter\"><a href=\"http:\/\/www.en-autarcie.ch\/wp-content\/uploads\/2016\/03\/Consommation-des-b\u00e2timents.gif\" rel=\"attachment wp-att-698\"><img aria-describedby=\"caption-attachment-698\" loading=\"lazy\" class=\"wp-image-698 \" src=\"http:\/\/www.en-autarcie.ch\/wp-content\/uploads\/2016\/03\/Consommation-des-b\u00e2timents.gif\" alt=\"Consommation des b\u00e2timents\" width=\"679\" height=\"427\" \/><\/a><p id=\"caption-attachment-698\" class=\"wp-caption-text\"><em>Evolution de la consommation des maisons neuves en Suisse (source: www.energie-environnement.ch)<\/em><\/p><\/div>\n<p>&nbsp;<\/p>\n<p>&nbsp;<\/p>\n<h4>Trois questions \u00e0 Marc Muller :<\/h4>\n<p><strong>www.en-autarcie.ch :\u00a0Pourquoi avoir choisi de certifier la maison autarcique ?<\/strong><\/p>\n<p><strong><em><a href=\"http:\/\/www.en-autarcie.ch\/wp-content\/uploads\/2015\/10\/Portrait-Marc-e1443906001171.png\"><img loading=\"lazy\" class=\"wp-image-314 alignleft\" src=\"http:\/\/www.en-autarcie.ch\/wp-content\/uploads\/2015\/10\/Portrait-Marc-698x1024.png\" alt=\"\" width=\"91\" height=\"134\" \/><\/a><\/em>Marc Muller, co-initiateur du projet<\/strong>:<\/p>\n<p>Puisque la maison ne disposera pas de chauffage, on n&rsquo;a vraiment pas le choix que d&rsquo;\u00eatre hyper efficace au niveau de l&rsquo;isolation. Dans ce sens, que la maison soit certifi\u00e9e ou non, cela ne change pas les choses dans la pratique. Par contre, la certification est tr\u00e8s exigeante et nous aide \u00e0 faire les bons choix techniques car les moindres d\u00e9tails doivent \u00eatre pens\u00e9s avant m\u00eame de commencer. Et aucun oreiller de paresse n&rsquo;est possible, car\u00a0on sait que tout\u00a0sera contr\u00f4l\u00e9!<\/p>\n<p>&nbsp;<\/p>\n<p><strong>Quels autres avantages y&rsquo;a-t-il \u00e0 disposer d&rsquo;une certification?<\/strong><\/p>\n<p>A mes yeux, il y en a trois tr\u00e8s importants. En premier, selon une \u00e9tude de l&rsquo;Universit\u00e9 de Saint-Gall, la valeur de revente d&rsquo;une maison certifi\u00e9e sur le march\u00e9 est en moyenne 12% plus \u00e9lev\u00e9 que des maisons non certifi\u00e9es. Il y a donc une demande pour ce genre de b\u00e2timents.<\/p>\n<p>Deuxi\u00e8mement, il est possible d&rsquo;obtenir des subventions aupr\u00e8s du service de l&rsquo;\u00e9nergie. Sur le canton de Fribourg, chaque maison Minergie-P touche 10&rsquo;000 Frs.<\/p>\n<p>Enfin, cela permet tr\u00e8s souvent d&rsquo;obtenir des taux d&rsquo;int\u00e9r\u00eats bancaires plus favorables, car les banques savent que les maisons certifi\u00e9es sont de meilleurs investissements.<\/p>\n<p>&nbsp;<\/p>\n<p><strong>Pourquoi avoir choisi la certification Minergie et pas une autre certification?<\/strong><\/p>\n<p>Le label Minergie est la certification la plus connue sur le march\u00e9 suisse. Et il faut avouer que l&rsquo;\u00e9quipe de Minergie nous donne un bon coup de pouce technique pour r\u00e9ussir \u00e0 certifier une maison en paille!<\/p>\n<p>Toutefois, de nouveaux labels font leur apparition qui tiennent \u00e9galement compte de l&rsquo;\u00e9nergie grise, de l&rsquo;orgine des mat\u00e9riaux ou de la modularit\u00e9 de la maison par exemple. Ce sera certainement la tendance dans quelques ann\u00e9es.<\/p>\n<p>&nbsp;<\/p>\n<h4>Liens utiles pour la certification des b\u00e2timents:<\/h4>\n<ul>\n<li>Label \u00ab\u00a0Minergie\u00a0\u00bb (COBS): <a href=\"http:\/\/www.minergie.ch\">www.minergie.ch<\/a><\/li>\n<li>Label \u00ab\u00a0PassivHaus\u00a0\u00bb (allemand): <a href=\"http:\/\/www.passiv.de\/\">www.passiv.de<\/a><\/li>\n<li>Le certificat \u00e9nerg\u00e9tique cantonal des b\u00e2timents\u00a0(CECB): <a href=\"http:\/\/www.cecb.ch\">www.cecb.ch<\/a><\/li>\n<li>La certification LEED (am\u00e9ricain):\u00a0<a href=\"http:\/\/ch.usgbc.org\/leed\">http:\/\/ch.usgbc.org\/leed<\/a><\/li>\n<li>Voir la premi\u00e8re maison Minergie-P en paille certifi\u00e9e:\u00a0<a href=\"http:\/\/www.minergie.ch\/buildings\/fr\/details.php?gid=FR-015-P-ECO\">www.minergie.ch\/015<\/a><\/li>\n<\/ul>\n<p>&nbsp;<\/p>\n<h4>T\u00e9l\u00e9charger le certificat Minergie-P de la maison autarcique en PDF:<\/h4>\n<p><a href=\"http:\/\/www.en-autarcie.ch\/wp-content\/uploads\/2016\/03\/Certificat-Minergie-P-provisoire.pdf\" rel=\"attachment wp-att-695\"><img loading=\"lazy\" class=\"alignleft wp-image-695 size-full\" src=\"http:\/\/www.en-autarcie.ch\/wp-content\/uploads\/2016\/03\/Certificat-Minergie-P-provisoire.png\" alt=\"\" width=\"157\" height=\"217\" \/><\/a><\/p>\n<p>&nbsp;<\/p>\n<p>&nbsp;<\/p>\n<p>&nbsp;<\/p>\n<p>&nbsp;<\/p>\n<p>&nbsp;<\/p>\n<p>&nbsp;<\/p>\n<p>&nbsp;<\/p>\n<h4><\/h4>\n","protected":false},"excerpt":{"rendered":"<p>La maison autarcique\u00a0vient de recevoir sa certification provisoire Minergie-P. Il s\u2019agira de la deuxi\u00e8me maison en paille en Suisse obtenant ce label, le plus exigeant qui existe. &nbsp; \u00ab\u00a0Bah, 15 cm d\u2019isolant ou 20 cm, c\u2019est la m\u00eame chose. De toute fa\u00e7on avant on n\u2019isolait m\u00eame pas 10cm et \u00e7a allait tr\u00e8s bien\u00a0\u00bb. Voil\u00e0 une [&hellip;]<\/p>\n","protected":false},"author":2,"featured_media":676,"parent":16,"menu_order":91,"comment_status":"closed","ping_status":"closed","template":"","meta":{"ngg_post_thumbnail":0},"yoast_head":"<!-- This site is optimized with the Yoast SEO plugin v20.6 - https:\/\/yoast.com\/wordpress\/plugins\/seo\/ -->\n<title>Certifier, et c&#039;est plus possible de tricher! - 23.03.16 - Maison Autarcique<\/title>\n<meta name=\"robots\" content=\"index, follow, max-snippet:-1, max-image-preview:large, max-video-preview:-1\" \/>\n<link rel=\"canonical\" href=\"http:\/\/www.en-autarcie.ch\/index.php\/carnets-de-construction\/certifier-cest-possible-de-tricher\/\" \/>\n<meta property=\"og:locale\" content=\"fr_FR\" \/>\n<meta property=\"og:type\" content=\"article\" \/>\n<meta property=\"og:title\" content=\"Certifier, et c&#039;est plus possible de tricher! - 23.03.16 - Maison Autarcique\" \/>\n<meta property=\"og:description\" content=\"La maison autarcique\u00a0vient de recevoir sa certification provisoire Minergie-P. Il s\u2019agira de la deuxi\u00e8me maison en paille en Suisse obtenant ce label, le plus exigeant qui existe. &nbsp; \u00ab\u00a0Bah, 15 cm d\u2019isolant ou 20 cm, c\u2019est la m\u00eame chose. De toute fa\u00e7on avant on n\u2019isolait m\u00eame pas 10cm et \u00e7a allait tr\u00e8s bien\u00a0\u00bb. Voil\u00e0 une [&hellip;]\" \/>\n<meta property=\"og:url\" content=\"http:\/\/www.en-autarcie.ch\/index.php\/carnets-de-construction\/certifier-cest-possible-de-tricher\/\" \/>\n<meta property=\"og:site_name\" content=\"Maison Autarcique\" \/>\n<meta property=\"article:modified_time\" content=\"2016-04-07T06:50:44+00:00\" \/>\n<meta property=\"og:image\" content=\"http:\/\/www.en-autarcie.ch\/wp-content\/uploads\/2016\/03\/Coupe-maison-3D-isolants-PT-1024x870.png\" \/>\n\t<meta property=\"og:image:width\" content=\"1024\" \/>\n\t<meta property=\"og:image:height\" content=\"870\" \/>\n\t<meta property=\"og:image:type\" content=\"image\/png\" \/>\n<meta name=\"twitter:card\" content=\"summary_large_image\" \/>\n<meta name=\"twitter:label1\" content=\"Dur\u00e9e de lecture estim\u00e9e\" \/>\n\t<meta name=\"twitter:data1\" content=\"5 minutes\" \/>\n<script type=\"application\/ld+json\" class=\"yoast-schema-graph\">{\"@context\":\"https:\/\/schema.org\",\"@graph\":[{\"@type\":\"WebPage\",\"@id\":\"http:\/\/www.en-autarcie.ch\/index.php\/carnets-de-construction\/certifier-cest-possible-de-tricher\/\",\"url\":\"http:\/\/www.en-autarcie.ch\/index.php\/carnets-de-construction\/certifier-cest-possible-de-tricher\/\",\"name\":\"Certifier, et c'est plus possible de tricher! - 23.03.16 - Maison Autarcique\",\"isPartOf\":{\"@id\":\"http:\/\/www.en-autarcie.ch\/#website\"},\"datePublished\":\"2016-03-25T17:45:06+00:00\",\"dateModified\":\"2016-04-07T06:50:44+00:00\",\"breadcrumb\":{\"@id\":\"http:\/\/www.en-autarcie.ch\/index.php\/carnets-de-construction\/certifier-cest-possible-de-tricher\/#breadcrumb\"},\"inLanguage\":\"fr-FR\",\"potentialAction\":[{\"@type\":\"ReadAction\",\"target\":[\"http:\/\/www.en-autarcie.ch\/index.php\/carnets-de-construction\/certifier-cest-possible-de-tricher\/\"]}]},{\"@type\":\"BreadcrumbList\",\"@id\":\"http:\/\/www.en-autarcie.ch\/index.php\/carnets-de-construction\/certifier-cest-possible-de-tricher\/#breadcrumb\",\"itemListElement\":[{\"@type\":\"ListItem\",\"position\":1,\"name\":\"Accueil\",\"item\":\"http:\/\/www.en-autarcie.ch\/\"},{\"@type\":\"ListItem\",\"position\":2,\"name\":\"Carnets de construction\",\"item\":\"http:\/\/www.en-autarcie.ch\/index.php\/carnets-de-construction\/\"},{\"@type\":\"ListItem\",\"position\":3,\"name\":\"Certifier, et c&rsquo;est plus possible de tricher! &#8211; 23.03.16\"}]},{\"@type\":\"WebSite\",\"@id\":\"http:\/\/www.en-autarcie.ch\/#website\",\"url\":\"http:\/\/www.en-autarcie.ch\/\",\"name\":\"Maison Autarcique\",\"description\":\"Premi\u00e8re maison autarcique, low-tech et permaculture de Suisse.\",\"potentialAction\":[{\"@type\":\"SearchAction\",\"target\":{\"@type\":\"EntryPoint\",\"urlTemplate\":\"http:\/\/www.en-autarcie.ch\/?s={search_term_string}\"},\"query-input\":\"required name=search_term_string\"}],\"inLanguage\":\"fr-FR\"}]}<\/script>\n<!-- \/ Yoast SEO plugin. -->","yoast_head_json":{"title":"Certifier, et c'est plus possible de tricher! - 23.03.16 - Maison Autarcique","robots":{"index":"index","follow":"follow","max-snippet":"max-snippet:-1","max-image-preview":"max-image-preview:large","max-video-preview":"max-video-preview:-1"},"canonical":"http:\/\/www.en-autarcie.ch\/index.php\/carnets-de-construction\/certifier-cest-possible-de-tricher\/","og_locale":"fr_FR","og_type":"article","og_title":"Certifier, et c'est plus possible de tricher! - 23.03.16 - Maison Autarcique","og_description":"La maison autarcique\u00a0vient de recevoir sa certification provisoire Minergie-P. Il s\u2019agira de la deuxi\u00e8me maison en paille en Suisse obtenant ce label, le plus exigeant qui existe. &nbsp; \u00ab\u00a0Bah, 15 cm d\u2019isolant ou 20 cm, c\u2019est la m\u00eame chose. De toute fa\u00e7on avant on n\u2019isolait m\u00eame pas 10cm et \u00e7a allait tr\u00e8s bien\u00a0\u00bb. Voil\u00e0 une [&hellip;]","og_url":"http:\/\/www.en-autarcie.ch\/index.php\/carnets-de-construction\/certifier-cest-possible-de-tricher\/","og_site_name":"Maison Autarcique","article_modified_time":"2016-04-07T06:50:44+00:00","og_image":[{"width":1024,"height":870,"url":"http:\/\/www.en-autarcie.ch\/wp-content\/uploads\/2016\/03\/Coupe-maison-3D-isolants-PT-1024x870.png","type":"image\/png"}],"twitter_card":"summary_large_image","twitter_misc":{"Dur\u00e9e de lecture estim\u00e9e":"5 minutes"},"schema":{"@context":"https:\/\/schema.org","@graph":[{"@type":"WebPage","@id":"http:\/\/www.en-autarcie.ch\/index.php\/carnets-de-construction\/certifier-cest-possible-de-tricher\/","url":"http:\/\/www.en-autarcie.ch\/index.php\/carnets-de-construction\/certifier-cest-possible-de-tricher\/","name":"Certifier, et c'est plus possible de tricher! - 23.03.16 - Maison Autarcique","isPartOf":{"@id":"http:\/\/www.en-autarcie.ch\/#website"},"datePublished":"2016-03-25T17:45:06+00:00","dateModified":"2016-04-07T06:50:44+00:00","breadcrumb":{"@id":"http:\/\/www.en-autarcie.ch\/index.php\/carnets-de-construction\/certifier-cest-possible-de-tricher\/#breadcrumb"},"inLanguage":"fr-FR","potentialAction":[{"@type":"ReadAction","target":["http:\/\/www.en-autarcie.ch\/index.php\/carnets-de-construction\/certifier-cest-possible-de-tricher\/"]}]},{"@type":"BreadcrumbList","@id":"http:\/\/www.en-autarcie.ch\/index.php\/carnets-de-construction\/certifier-cest-possible-de-tricher\/#breadcrumb","itemListElement":[{"@type":"ListItem","position":1,"name":"Accueil","item":"http:\/\/www.en-autarcie.ch\/"},{"@type":"ListItem","position":2,"name":"Carnets de construction","item":"http:\/\/www.en-autarcie.ch\/index.php\/carnets-de-construction\/"},{"@type":"ListItem","position":3,"name":"Certifier, et c&rsquo;est plus possible de tricher! &#8211; 23.03.16"}]},{"@type":"WebSite","@id":"http:\/\/www.en-autarcie.ch\/#website","url":"http:\/\/www.en-autarcie.ch\/","name":"Maison Autarcique","description":"Premi\u00e8re maison autarcique, low-tech et permaculture de Suisse.","potentialAction":[{"@type":"SearchAction","target":{"@type":"EntryPoint","urlTemplate":"http:\/\/www.en-autarcie.ch\/?s={search_term_string}"},"query-input":"required name=search_term_string"}],"inLanguage":"fr-FR"}]}},"_links":{"self":[{"href":"http:\/\/www.en-autarcie.ch\/index.php\/wp-json\/wp\/v2\/pages\/675"}],"collection":[{"href":"http:\/\/www.en-autarcie.ch\/index.php\/wp-json\/wp\/v2\/pages"}],"about":[{"href":"http:\/\/www.en-autarcie.ch\/index.php\/wp-json\/wp\/v2\/types\/page"}],"author":[{"embeddable":true,"href":"http:\/\/www.en-autarcie.ch\/index.php\/wp-json\/wp\/v2\/users\/2"}],"replies":[{"embeddable":true,"href":"http:\/\/www.en-autarcie.ch\/index.php\/wp-json\/wp\/v2\/comments?post=675"}],"version-history":[{"count":31,"href":"http:\/\/www.en-autarcie.ch\/index.php\/wp-json\/wp\/v2\/pages\/675\/revisions"}],"predecessor-version":[{"id":693,"href":"http:\/\/www.en-autarcie.ch\/index.php\/wp-json\/wp\/v2\/pages\/675\/revisions\/693"}],"up":[{"embeddable":true,"href":"http:\/\/www.en-autarcie.ch\/index.php\/wp-json\/wp\/v2\/pages\/16"}],"wp:featuredmedia":[{"embeddable":true,"href":"http:\/\/www.en-autarcie.ch\/index.php\/wp-json\/wp\/v2\/media\/676"}],"wp:attachment":[{"href":"http:\/\/www.en-autarcie.ch\/index.php\/wp-json\/wp\/v2\/media?parent=675"}],"curies":[{"name":"wp","href":"https:\/\/api.w.org\/{rel}","templated":true}]}}