{"id":749,"date":"2016-04-10T19:40:21","date_gmt":"2016-04-10T18:40:21","guid":{"rendered":"http:\/\/www.en-autarcie.ch\/?page_id=749"},"modified":"2016-04-10T19:57:57","modified_gmt":"2016-04-10T18:57:57","slug":"reportage-rts-10-04-16","status":"publish","type":"page","link":"http:\/\/www.en-autarcie.ch\/index.php\/carnets-de-construction\/reportage-rts-10-04-16\/","title":{"rendered":"Reportage TV, \u00ab Une maison autarcique est en construction dans la Broye \u00bb, RTS \u2013 10.04.16"},"content":{"rendered":"<div class=\"fcbkbttn_buttons_block\" id=\"fcbkbttn_left\"><div class=\"fcbkbttn_button\">\n\t\t\t\t\t<a href=\"https:\/\/www.facebook.com\/\" target=\"_blank\">\n\t\t\t\t\t\t<img src=\"http:\/\/www.en-autarcie.ch\/wp-content\/plugins\/facebook-button-plugin\/images\/standard-facebook-ico.png\" alt=\"Fb-Button\" \/>\n\t\t\t\t\t<\/a>\n\t\t\t\t<\/div><div class=\"fcbkbttn_like \"><fb:like href=\"http:\/\/www.en-autarcie.ch\/index.php\/carnets-de-construction\/reportage-rts-10-04-16\/\" action=\"like\" colorscheme=\"light\" layout=\"standard\"  width=\"225px\" size=\"small\"><\/fb:like><\/div><\/div><h4>La RTS diffuse un deuxi\u00e8me reportage sur le projet En Autarcie.<\/h4>\n<p>La t\u00e9l\u00e9vision pr\u00e9sente une demi-journ\u00e9e de formation pour \u00e9tudiants sur le chantier EnAutarcie. Durant cette matin\u00e9e, une vingtaine d&rsquo;\u00e9tudiants de l&rsquo;universit\u00e9 de Fribourg sont venus d\u00e9couvrir les techniques de construction en paille-terre. Ils ont mis la main \u00e0 la p\u00e2te.<\/p>\n<p>En collaboration avec la RTS, d&rsquo;autres reportages suivront afin de d\u00e9couvrir l&rsquo;avanc\u00e9e du projet \u00e9tape par \u00e9tape.<\/p>\n<p>Voir le reportage:<\/p>\n<p><a href=\"http:\/\/www.rts.ch\/play\/tv\/12h45\/video\/fr-une-maison-ecologique-autarcique-est-en-construction-dans-la-broye-a-chatillon?id=7637295\" rel=\"attachment wp-att-750\"><img loading=\"lazy\" class=\"aligncenter wp-image-759 size-full\" title=\"Reportage RTS sur la journ\u00e9e des \u00e9tudiants au chantier EnAutarcie.\" src=\"http:\/\/www.en-autarcie.ch\/wp-content\/uploads\/2016\/04\/RTS-\u00e9tudiants-1.png\" alt=\"\" width=\"818\" height=\"461\" srcset=\"http:\/\/www.en-autarcie.ch\/wp-content\/uploads\/2016\/04\/RTS-\u00e9tudiants-1.png 818w, http:\/\/www.en-autarcie.ch\/wp-content\/uploads\/2016\/04\/RTS-\u00e9tudiants-1-300x169.png 300w, http:\/\/www.en-autarcie.ch\/wp-content\/uploads\/2016\/04\/RTS-\u00e9tudiants-1-768x433.png 768w\" sizes=\"(max-width: 818px) 100vw, 818px\" \/><\/a><\/p>\n<p>&nbsp;<\/p>\n<p>-&gt; retour \u00e0 la page <a href=\"http:\/\/www.en-autarcie.ch\/index.php\/medias-et-publications-mediatiques\/\">m\u00e9dias\u00a0et parutions m\u00e9diatiques<\/a><\/p>\n","protected":false},"excerpt":{"rendered":"<p>La RTS diffuse un deuxi\u00e8me reportage sur le projet En Autarcie. La t\u00e9l\u00e9vision pr\u00e9sente une demi-journ\u00e9e de formation pour \u00e9tudiants sur le chantier EnAutarcie. Durant cette matin\u00e9e, une vingtaine d&rsquo;\u00e9tudiants de l&rsquo;universit\u00e9 de Fribourg sont venus d\u00e9couvrir les techniques de construction en paille-terre. Ils ont mis la main \u00e0 la p\u00e2te. En collaboration avec la [&hellip;]<\/p>\n","protected":false},"author":2,"featured_media":750,"parent":16,"menu_order":90,"comment_status":"closed","ping_status":"closed","template":"","meta":{"ngg_post_thumbnail":0},"yoast_head":"<!-- This site is optimized with the Yoast SEO plugin v20.6 - https:\/\/yoast.com\/wordpress\/plugins\/seo\/ -->\n<title>Reportage TV, \u00ab Une maison autarcique est en construction dans la Broye \u00bb, RTS \u2013 10.04.16 - Maison Autarcique<\/title>\n<meta name=\"robots\" content=\"index, follow, max-snippet:-1, max-image-preview:large, max-video-preview:-1\" \/>\n<link rel=\"canonical\" href=\"http:\/\/www.en-autarcie.ch\/index.php\/carnets-de-construction\/reportage-rts-10-04-16\/\" \/>\n<meta property=\"og:locale\" content=\"fr_FR\" \/>\n<meta property=\"og:type\" content=\"article\" \/>\n<meta property=\"og:title\" content=\"Reportage TV, \u00ab Une maison autarcique est en construction dans la Broye \u00bb, RTS \u2013 10.04.16 - Maison Autarcique\" \/>\n<meta property=\"og:description\" content=\"La RTS diffuse un deuxi\u00e8me reportage sur le projet En Autarcie. La t\u00e9l\u00e9vision pr\u00e9sente une demi-journ\u00e9e de formation pour \u00e9tudiants sur le chantier EnAutarcie. Durant cette matin\u00e9e, une vingtaine d&rsquo;\u00e9tudiants de l&rsquo;universit\u00e9 de Fribourg sont venus d\u00e9couvrir les techniques de construction en paille-terre. Ils ont mis la main \u00e0 la p\u00e2te. En collaboration avec la [&hellip;]\" \/>\n<meta property=\"og:url\" content=\"http:\/\/www.en-autarcie.ch\/index.php\/carnets-de-construction\/reportage-rts-10-04-16\/\" \/>\n<meta property=\"og:site_name\" content=\"Maison Autarcique\" \/>\n<meta property=\"article:modified_time\" content=\"2016-04-10T18:57:57+00:00\" \/>\n<meta property=\"og:image\" content=\"http:\/\/www.en-autarcie.ch\/wp-content\/uploads\/2016\/04\/RTS-\u00e9tudiants.png\" \/>\n\t<meta property=\"og:image:width\" content=\"821\" \/>\n\t<meta property=\"og:image:height\" content=\"450\" \/>\n\t<meta property=\"og:image:type\" content=\"image\/png\" \/>\n<meta name=\"twitter:card\" content=\"summary_large_image\" \/>\n<script type=\"application\/ld+json\" class=\"yoast-schema-graph\">{\"@context\":\"https:\/\/schema.org\",\"@graph\":[{\"@type\":\"WebPage\",\"@id\":\"http:\/\/www.en-autarcie.ch\/index.php\/carnets-de-construction\/reportage-rts-10-04-16\/\",\"url\":\"http:\/\/www.en-autarcie.ch\/index.php\/carnets-de-construction\/reportage-rts-10-04-16\/\",\"name\":\"Reportage TV, \u00ab Une maison autarcique est en construction dans la Broye \u00bb, RTS \u2013 10.04.16 - Maison Autarcique\",\"isPartOf\":{\"@id\":\"http:\/\/www.en-autarcie.ch\/#website\"},\"datePublished\":\"2016-04-10T18:40:21+00:00\",\"dateModified\":\"2016-04-10T18:57:57+00:00\",\"breadcrumb\":{\"@id\":\"http:\/\/www.en-autarcie.ch\/index.php\/carnets-de-construction\/reportage-rts-10-04-16\/#breadcrumb\"},\"inLanguage\":\"fr-FR\",\"potentialAction\":[{\"@type\":\"ReadAction\",\"target\":[\"http:\/\/www.en-autarcie.ch\/index.php\/carnets-de-construction\/reportage-rts-10-04-16\/\"]}]},{\"@type\":\"BreadcrumbList\",\"@id\":\"http:\/\/www.en-autarcie.ch\/index.php\/carnets-de-construction\/reportage-rts-10-04-16\/#breadcrumb\",\"itemListElement\":[{\"@type\":\"ListItem\",\"position\":1,\"name\":\"Accueil\",\"item\":\"https:\/\/www.en-autarcie.ch\/\"},{\"@type\":\"ListItem\",\"position\":2,\"name\":\"Carnets de construction\",\"item\":\"https:\/\/www.en-autarcie.ch\/index.php\/carnets-de-construction\/\"},{\"@type\":\"ListItem\",\"position\":3,\"name\":\"Reportage TV, \u00ab Une maison autarcique est en construction dans la Broye \u00bb, RTS \u2013 10.04.16\"}]},{\"@type\":\"WebSite\",\"@id\":\"http:\/\/www.en-autarcie.ch\/#website\",\"url\":\"http:\/\/www.en-autarcie.ch\/\",\"name\":\"Maison Autarcique\",\"description\":\"Premi\u00e8re maison autarcique, low-tech et permaculture de Suisse.\",\"potentialAction\":[{\"@type\":\"SearchAction\",\"target\":{\"@type\":\"EntryPoint\",\"urlTemplate\":\"http:\/\/www.en-autarcie.ch\/?s={search_term_string}\"},\"query-input\":\"required name=search_term_string\"}],\"inLanguage\":\"fr-FR\"}]}<\/script>\n<!-- \/ Yoast SEO plugin. -->","yoast_head_json":{"title":"Reportage TV, \u00ab Une maison autarcique est en construction dans la Broye \u00bb, RTS \u2013 10.04.16 - Maison Autarcique","robots":{"index":"index","follow":"follow","max-snippet":"max-snippet:-1","max-image-preview":"max-image-preview:large","max-video-preview":"max-video-preview:-1"},"canonical":"http:\/\/www.en-autarcie.ch\/index.php\/carnets-de-construction\/reportage-rts-10-04-16\/","og_locale":"fr_FR","og_type":"article","og_title":"Reportage TV, \u00ab Une maison autarcique est en construction dans la Broye \u00bb, RTS \u2013 10.04.16 - Maison Autarcique","og_description":"La RTS diffuse un deuxi\u00e8me reportage sur le projet En Autarcie. La t\u00e9l\u00e9vision pr\u00e9sente une demi-journ\u00e9e de formation pour \u00e9tudiants sur le chantier EnAutarcie. Durant cette matin\u00e9e, une vingtaine d&rsquo;\u00e9tudiants de l&rsquo;universit\u00e9 de Fribourg sont venus d\u00e9couvrir les techniques de construction en paille-terre. Ils ont mis la main \u00e0 la p\u00e2te. En collaboration avec la [&hellip;]","og_url":"http:\/\/www.en-autarcie.ch\/index.php\/carnets-de-construction\/reportage-rts-10-04-16\/","og_site_name":"Maison Autarcique","article_modified_time":"2016-04-10T18:57:57+00:00","og_image":[{"width":821,"height":450,"url":"http:\/\/www.en-autarcie.ch\/wp-content\/uploads\/2016\/04\/RTS-\u00e9tudiants.png","type":"image\/png"}],"twitter_card":"summary_large_image","schema":{"@context":"https:\/\/schema.org","@graph":[{"@type":"WebPage","@id":"http:\/\/www.en-autarcie.ch\/index.php\/carnets-de-construction\/reportage-rts-10-04-16\/","url":"http:\/\/www.en-autarcie.ch\/index.php\/carnets-de-construction\/reportage-rts-10-04-16\/","name":"Reportage TV, \u00ab Une maison autarcique est en construction dans la Broye \u00bb, RTS \u2013 10.04.16 - Maison Autarcique","isPartOf":{"@id":"http:\/\/www.en-autarcie.ch\/#website"},"datePublished":"2016-04-10T18:40:21+00:00","dateModified":"2016-04-10T18:57:57+00:00","breadcrumb":{"@id":"http:\/\/www.en-autarcie.ch\/index.php\/carnets-de-construction\/reportage-rts-10-04-16\/#breadcrumb"},"inLanguage":"fr-FR","potentialAction":[{"@type":"ReadAction","target":["http:\/\/www.en-autarcie.ch\/index.php\/carnets-de-construction\/reportage-rts-10-04-16\/"]}]},{"@type":"BreadcrumbList","@id":"http:\/\/www.en-autarcie.ch\/index.php\/carnets-de-construction\/reportage-rts-10-04-16\/#breadcrumb","itemListElement":[{"@type":"ListItem","position":1,"name":"Accueil","item":"https:\/\/www.en-autarcie.ch\/"},{"@type":"ListItem","position":2,"name":"Carnets de construction","item":"https:\/\/www.en-autarcie.ch\/index.php\/carnets-de-construction\/"},{"@type":"ListItem","position":3,"name":"Reportage TV, \u00ab Une maison autarcique est en construction dans la Broye \u00bb, RTS \u2013 10.04.16"}]},{"@type":"WebSite","@id":"http:\/\/www.en-autarcie.ch\/#website","url":"http:\/\/www.en-autarcie.ch\/","name":"Maison Autarcique","description":"Premi\u00e8re maison autarcique, low-tech et permaculture de Suisse.","potentialAction":[{"@type":"SearchAction","target":{"@type":"EntryPoint","urlTemplate":"http:\/\/www.en-autarcie.ch\/?s={search_term_string}"},"query-input":"required name=search_term_string"}],"inLanguage":"fr-FR"}]}},"_links":{"self":[{"href":"http:\/\/www.en-autarcie.ch\/index.php\/wp-json\/wp\/v2\/pages\/749"}],"collection":[{"href":"http:\/\/www.en-autarcie.ch\/index.php\/wp-json\/wp\/v2\/pages"}],"about":[{"href":"http:\/\/www.en-autarcie.ch\/index.php\/wp-json\/wp\/v2\/types\/page"}],"author":[{"embeddable":true,"href":"http:\/\/www.en-autarcie.ch\/index.php\/wp-json\/wp\/v2\/users\/2"}],"replies":[{"embeddable":true,"href":"http:\/\/www.en-autarcie.ch\/index.php\/wp-json\/wp\/v2\/comments?post=749"}],"version-history":[{"count":7,"href":"http:\/\/www.en-autarcie.ch\/index.php\/wp-json\/wp\/v2\/pages\/749\/revisions"}],"predecessor-version":[{"id":969,"href":"http:\/\/www.en-autarcie.ch\/index.php\/wp-json\/wp\/v2\/pages\/749\/revisions\/969"}],"up":[{"embeddable":true,"href":"http:\/\/www.en-autarcie.ch\/index.php\/wp-json\/wp\/v2\/pages\/16"}],"wp:featuredmedia":[{"embeddable":true,"href":"http:\/\/www.en-autarcie.ch\/index.php\/wp-json\/wp\/v2\/media\/750"}],"wp:attachment":[{"href":"http:\/\/www.en-autarcie.ch\/index.php\/wp-json\/wp\/v2\/media?parent=749"}],"curies":[{"name":"wp","href":"https:\/\/api.w.org\/{rel}","templated":true}]}}