{"id":835,"date":"2016-07-03T17:01:47","date_gmt":"2016-07-03T16:01:47","guid":{"rendered":"http:\/\/www.en-autarcie.ch\/?page_id=835"},"modified":"2016-08-21T17:23:25","modified_gmt":"2016-08-21T16:23:25","slug":"maison-respire-murs-perspirants","status":"publish","type":"page","link":"http:\/\/www.en-autarcie.ch\/index.php\/carnets-de-construction\/maison-respire-murs-perspirants\/","title":{"rendered":"Une maison en paille \u00e7a respire? Non, \u00e7a perspire! &#8211; 03.07.16"},"content":{"rendered":"<div class=\"fcbkbttn_buttons_block\" id=\"fcbkbttn_left\"><div class=\"fcbkbttn_button\">\n\t\t\t\t\t<a href=\"https:\/\/www.facebook.com\/\" target=\"_blank\">\n\t\t\t\t\t\t<img src=\"http:\/\/www.en-autarcie.ch\/wp-content\/plugins\/facebook-button-plugin\/images\/standard-facebook-ico.png\" alt=\"Fb-Button\" \/>\n\t\t\t\t\t<\/a>\n\t\t\t\t<\/div><div class=\"fcbkbttn_like \"><fb:like href=\"http:\/\/www.en-autarcie.ch\/index.php\/carnets-de-construction\/maison-respire-murs-perspirants\/\" action=\"like\" colorscheme=\"light\" layout=\"standard\"  width=\"225px\" size=\"small\"><\/fb:like><\/div><\/div><h4>Paille et terre ou b\u00e9ton et sagex? Le choix des mat\u00e9riaux de construction influe consid\u00e9rablement le bien-\u00eatre dans\u00a0la maison. Petit tour d&rsquo;horizon des r\u00e9alit\u00e9s physiques \u00e0 ce sujet.<\/h4>\n<p>&nbsp;<\/p>\n<p>\u00ab\u00a0<em>Qu&rsquo;est-ce qu&rsquo;on se sent bien dans cette maison\u00a0\u00bb.<\/em>\u00a0Nombreux sont ceux qui expriment une telle sensation en passant la porte\u00a0d&rsquo;un logement en paille. Ils y ajoutent souvent: \u00ab\u00a0<em>ahhh, on sent que les murs respirent bien<\/em>\u00ab\u00a0. \u00ab\u00a0Effet psychologique\u00a0\u00bb ou \u00ab\u00a0id\u00e9ologie d&rsquo;\u00e9colo\u00a0\u00bb r\u00e9torqueront d&rsquo;autres \u00e2mes plus rationnelles. Si les avis personnels divergent, tout le monde s&rsquo;accordera pourtant sur un fait, il y a des endroits o\u00f9 l&rsquo;on se sent bien, o\u00f9 l&rsquo;on dort bien et d&rsquo;autres o\u00f9 cela n&rsquo;est pas le cas. Alors que peuvent nous dire les faits scientifiques \u00e0 ce propos?<\/p>\n<p>&nbsp;<\/p>\n<p>Les sp\u00e9cialistes du b\u00e2timent d\u00e9finissent ces ph\u00e9nom\u00e8nes physiques &#8211; et non m\u00e9taphysiques! &#8211; par le terme de <em>climat ambiant<\/em>. Celui-ci est mesurable et d\u00e9pend de r\u00e8gles physiques finalement assez simple. Pour se sentir bien dans une maison il faut que diff\u00e9rents \u00e9l\u00e9ments soient r\u00e9unis. En voici une br\u00e8ve description.<\/p>\n<p>&nbsp;<\/p>\n<div id=\"attachment_856\" style=\"width: 728px\" class=\"wp-caption aligncenter\"><a href=\"http:\/\/www.en-autarcie.ch\/wp-content\/uploads\/2016\/07\/Coupe-mur-paille-1.png\" rel=\"attachment wp-att-841\"><img aria-describedby=\"caption-attachment-856\" loading=\"lazy\" class=\"wp-image-856 size-large\" src=\"http:\/\/www.en-autarcie.ch\/wp-content\/uploads\/2016\/07\/Coupe-mur-paille-1-1024x849.png\" alt=\"\" width=\"718\" height=\"595\" srcset=\"http:\/\/www.en-autarcie.ch\/wp-content\/uploads\/2016\/07\/Coupe-mur-paille-1-1024x849.png 1024w, http:\/\/www.en-autarcie.ch\/wp-content\/uploads\/2016\/07\/Coupe-mur-paille-1-300x249.png 300w, http:\/\/www.en-autarcie.ch\/wp-content\/uploads\/2016\/07\/Coupe-mur-paille-1-768x637.png 768w\" sizes=\"(max-width: 718px) 100vw, 718px\" \/><\/a><p id=\"caption-attachment-856\" class=\"wp-caption-text\"><em>Un maison en paille-terre respecte toutes les r\u00e8gles de la physique du b\u00e2timent. Le climat int\u00e9rieur dit \u00ab\u00a0climat ambiant\u00a0\u00bb y est excellent.<\/em><\/p><\/div>\n<p>&nbsp;<\/p>\n<p><strong>La sensation sur la peau.<\/strong><\/p>\n<p>En premier, il y a le choix des mat\u00e9riaux \u00e0 l&rsquo;int\u00e9rieur de la maison. Certains comme le bois, la paille ou le carton sont des mat\u00e9riaux plut\u00f4t isolants dits \u00ab\u00a0chauds\u00a0\u00bb. Si on se place \u00e0 c\u00f4t\u00e9 de ce genre de mat\u00e9riaux, celui-ci renvoie de la chaleur. Au contraire, si les murs d&rsquo;une maison sont en b\u00e9ton, acier, pierre ou verre (des mat\u00e9riaux dits froids), alors les habitants auront toujours une sensation d\u00e9sagr\u00e9able. Car ces mat\u00e9riaux absorbent le rayonnement de chaleur du corps humain. Autrement dit, ils pompent la chaleur du corps, m\u00eame \u00e0 distance.<\/p>\n<p>&nbsp;<\/p>\n<p><strong>L&rsquo;a\u00e9ration et l&rsquo;oxyg\u00e8ne.<\/strong><\/p>\n<p>En deuxi\u00e8me, arrive naturellement le renouvellement de l&rsquo;air et l&rsquo;\u00e9vacuation des odeurs. Une maison dont l&rsquo;air n&rsquo;est pas renouvell\u00e9 r\u00e9guli\u00e8rement sent mauvais. C&rsquo;est logique; tous les habitants d&rsquo;une maison, ainsi que leurs animaux de companie respirent. Ils aspirent donc de l&rsquo;oxyg\u00e8ne et expirent du CO2. D\u00e8s que ce dernier devient trop important dans une pi\u00e8ce, des maux de t\u00eate apparaissent, le sommeil devient plus l\u00e9ger et la fatigue se fait sentir. C&rsquo;est typiquement le cas lorsqu&rsquo;on dort dans une pi\u00e8ce mal a\u00e9r\u00e9e. Les maisons modernes \u00e9tant de mieux en mieux isol\u00e9es (et donc de plus en plus \u00e9tanche) doivent donc avoir un syst\u00e8me de ventilation performant. Or la majorit\u00e9 des maisons neuves sont construites sans ventilation.<\/p>\n<p>&nbsp;<\/p>\n<p><strong>L&rsquo;humdit\u00e9 de l&rsquo;air.<\/strong><\/p>\n<p>Autre point, assez m\u00e9connu, mais primordial, c&rsquo;est la gestion de l&rsquo;humidit\u00e9 dans la maison. D\u00e8s que l&rsquo;air est trop sec des particules fines telles que la poussi\u00e8re y flottent librement et viennent gratter la gorge. De la m\u00eame fa\u00e7on, lorsque la maison est trop humide le climat ambiant devient lourd et d\u00e9sagr\u00e9able.<\/p>\n<p>Cela se ressent particuli\u00e8rement lorsque les mur sont totalement \u00e9tanches \u00e0 l&rsquo;humidit\u00e9. Par exemple, vivre dans une maison en b\u00e9ton et isol\u00e9e en sagex, c&rsquo;est un peu comme faire un marathon enroul\u00e9 dans un sac plastique. On transpire imm\u00e9diatement.<\/p>\n<p>Au contraire, certains mat\u00e9riaux naturels, tels que l&rsquo;argile ou la laine de bois, ont l&rsquo;avantage\u00a0de laisser\u00a0traverser l&rsquo;humidit\u00e9. Ce ph\u00e9nom\u00e8ne s&rsquo;appelle la <em>diffusion de vapeur d&rsquo;eau<\/em>. Mieux encore, une \u00e9paisser de 5cm d&rsquo;argile m\u00e9lang\u00e9e \u00e0 du s\u00e2ble plac\u00e9e \u00e0 l&rsquo;int\u00e9rieur d&rsquo;un mur aborbe l&rsquo;humidit\u00e9 lorsque la maison est humide (apr\u00e8s une douche par exemple) et la rejette lorsque l&rsquo;air est plus sec. C&rsquo;est un formidable r\u00e9gulateur de climat gratuit et automatique. Un mur qui r\u00e9unit ces caract\u00e9ristiques est appel\u00e9 \u00ab\u00a0perspirant\u00a0\u00bb par les experts.<\/p>\n<p>&nbsp;<\/p>\n<p><a href=\"http:\/\/www.en-autarcie.ch\/wp-content\/uploads\/2015\/10\/16-05-14-pose-argile.png\" rel=\"attachment wp-att-828\"><img loading=\"lazy\" class=\"size-full wp-image-828\" src=\"http:\/\/www.en-autarcie.ch\/wp-content\/uploads\/2015\/10\/16-05-14-pose-argile.png\" alt=\"14.05.2016 Kevin et Marc posent la couche d\u2019adh\u00e9rence (argile pure) sur les bottes de paille lors du premier chantier participatif.\" width=\"1000\" height=\"662\" srcset=\"http:\/\/www.en-autarcie.ch\/wp-content\/uploads\/2015\/10\/16-05-14-pose-argile.png 1000w, http:\/\/www.en-autarcie.ch\/wp-content\/uploads\/2015\/10\/16-05-14-pose-argile-300x199.png 300w, http:\/\/www.en-autarcie.ch\/wp-content\/uploads\/2015\/10\/16-05-14-pose-argile-768x508.png 768w\" sizes=\"(max-width: 1000px) 100vw, 1000px\" \/><\/a><\/p>\n<p><em>Sur le chantier de EnAutarcie, de l&rsquo;argile est pos\u00e9e directement\u00a0sur la paille. Ce mat\u00e9riaux extrait du sol directement sur le terrain est m\u00e9lang\u00e9 \u00e0 du sable. Ensemble ils jouent un r\u00f4le de r\u00e9gulateur du climat.<\/em><\/p>\n<p>&nbsp;<\/p>\n<p><strong>La temp\u00e9rature \u00e0 la surface des murs.<\/strong><\/p>\n<p>Enfin, et bien-s\u00fbr, la temp\u00e9rature de la pi\u00e8ce. Mais ici aussi, g\u00e2re aux id\u00e9es re\u00e7ues! Une maison dans laquelle on se sent au chaud, n&rsquo;est pas une maison bien chauff\u00e9e&#8230; mais une maison bien isol\u00e9e! Lorsqu&rsquo;un mur est correctement construit, la chaleur reste \u00e0 l&rsquo;int\u00e9rieur. Ou plut\u00f4t le froid reste \u00e0 l&rsquo;ext\u00e9rieur. Ainsi lorsqu&rsquo;on s&rsquo;approche de la surface du mur, celle-ci est agr\u00e9able au toucher et ne g\u00e9n\u00e8re pas de sensation de froid. Une isolation performante garantit une sensation de chaud, m\u00eame dans une maison peu chauff\u00e9e (\u00e0 18\u00b0 par exemple). La paille recouverte d&rsquo;argile est une isolant formidable qui correspond aux meilleurs standards \u00e9nerg\u00e9tiques.<\/p>\n<p>&nbsp;<\/p>\n<p>La maison de EnAutarcie.ch combine donc autant que possible l&rsquo;utilisation intelligente des mat\u00e9riaux afin de b\u00e9n\u00e9ficier au mieux des caract\u00e9ristiques physiques de ceux-ci. Il n&rsquo;y a la ni secret, ni technologie, uniquement du bon sens. Alors si vous n&rsquo;y croyiez toujours pas, il ne reste plus qu&rsquo;\u00e0 faire un petit d\u00e9tour par Ch\u00e2tillon et alors &#8211; \u00a0en tant que sp\u00e9cialiste en \u00e9cologie &#8211; vous direz: \u00ab\u00a0ahhh, on se sent bien dans ces murs perpirants\u00a0\u00bb.<\/p>\n<p>&nbsp;<\/p>\n<h4>Liens utiles pour construire ses murs intelligemment:<\/h4>\n<p>Site de vulgarisation et d&rsquo;information pour les constructions \u00e9cologiques: \u00a0<a href=\"http:\/\/www.lamaisonnature.ch\/les-materiaux\/mursperspirants\/\">www.lamaisonnature.ch<\/a><\/p>\n<p>Vente de mat\u00e9riaux \u00e9cologiques et naturels: <a href=\"http:\/\/www.meige.ch\/\">www.meige.ch<\/a><\/p>\n<p>Site d&rsquo;information de l&rsquo;Office f\u00e9d\u00e9ral de l&rsquo;\u00e9nergie au sujet de l&rsquo;\u00e9nergie dans le b\u00e2timent: <a href=\"http:\/\/www.suisseenergie.ch\/batiment\/enveloppe-du-batiment.aspx\">www.suisseenergie.ch<\/a><\/p>\n<p>&nbsp;<\/p>\n","protected":false},"excerpt":{"rendered":"<p>Paille et terre ou b\u00e9ton et sagex? Le choix des mat\u00e9riaux de construction influe consid\u00e9rablement le bien-\u00eatre dans\u00a0la maison. Petit tour d&rsquo;horizon des r\u00e9alit\u00e9s physiques \u00e0 ce sujet. &nbsp; \u00ab\u00a0Qu&rsquo;est-ce qu&rsquo;on se sent bien dans cette maison\u00a0\u00bb.\u00a0Nombreux sont ceux qui expriment une telle sensation en passant la porte\u00a0d&rsquo;un logement en paille. Ils y ajoutent souvent: [&hellip;]<\/p>\n","protected":false},"author":2,"featured_media":856,"parent":16,"menu_order":88,"comment_status":"closed","ping_status":"closed","template":"","meta":{"ngg_post_thumbnail":0},"yoast_head":"<!-- This site is optimized with the Yoast SEO plugin v20.6 - https:\/\/yoast.com\/wordpress\/plugins\/seo\/ -->\n<title>Une maison en paille \u00e7a respire? Non, \u00e7a perspire! - 03.07.16 - Maison Autarcique<\/title>\n<meta name=\"robots\" content=\"index, follow, max-snippet:-1, max-image-preview:large, max-video-preview:-1\" \/>\n<link rel=\"canonical\" href=\"http:\/\/www.en-autarcie.ch\/index.php\/carnets-de-construction\/maison-respire-murs-perspirants\/\" \/>\n<meta property=\"og:locale\" content=\"fr_FR\" \/>\n<meta property=\"og:type\" content=\"article\" \/>\n<meta property=\"og:title\" content=\"Une maison en paille \u00e7a respire? Non, \u00e7a perspire! - 03.07.16 - Maison Autarcique\" \/>\n<meta property=\"og:description\" content=\"Paille et terre ou b\u00e9ton et sagex? Le choix des mat\u00e9riaux de construction influe consid\u00e9rablement le bien-\u00eatre dans\u00a0la maison. Petit tour d&rsquo;horizon des r\u00e9alit\u00e9s physiques \u00e0 ce sujet. &nbsp; \u00ab\u00a0Qu&rsquo;est-ce qu&rsquo;on se sent bien dans cette maison\u00a0\u00bb.\u00a0Nombreux sont ceux qui expriment une telle sensation en passant la porte\u00a0d&rsquo;un logement en paille. Ils y ajoutent souvent: [&hellip;]\" \/>\n<meta property=\"og:url\" content=\"http:\/\/www.en-autarcie.ch\/index.php\/carnets-de-construction\/maison-respire-murs-perspirants\/\" \/>\n<meta property=\"og:site_name\" content=\"Maison Autarcique\" \/>\n<meta property=\"article:modified_time\" content=\"2016-08-21T16:23:25+00:00\" \/>\n<meta property=\"og:image\" content=\"http:\/\/www.en-autarcie.ch\/wp-content\/uploads\/2016\/07\/Coupe-mur-paille-1.png\" \/>\n\t<meta property=\"og:image:width\" content=\"2480\" \/>\n\t<meta property=\"og:image:height\" content=\"2056\" \/>\n\t<meta property=\"og:image:type\" content=\"image\/png\" \/>\n<meta name=\"twitter:card\" content=\"summary_large_image\" \/>\n<meta name=\"twitter:label1\" content=\"Dur\u00e9e de lecture estim\u00e9e\" \/>\n\t<meta name=\"twitter:data1\" content=\"5 minutes\" \/>\n<script type=\"application\/ld+json\" class=\"yoast-schema-graph\">{\"@context\":\"https:\/\/schema.org\",\"@graph\":[{\"@type\":\"WebPage\",\"@id\":\"http:\/\/www.en-autarcie.ch\/index.php\/carnets-de-construction\/maison-respire-murs-perspirants\/\",\"url\":\"http:\/\/www.en-autarcie.ch\/index.php\/carnets-de-construction\/maison-respire-murs-perspirants\/\",\"name\":\"Une maison en paille \u00e7a respire? Non, \u00e7a perspire! - 03.07.16 - Maison Autarcique\",\"isPartOf\":{\"@id\":\"http:\/\/www.en-autarcie.ch\/#website\"},\"datePublished\":\"2016-07-03T16:01:47+00:00\",\"dateModified\":\"2016-08-21T16:23:25+00:00\",\"breadcrumb\":{\"@id\":\"http:\/\/www.en-autarcie.ch\/index.php\/carnets-de-construction\/maison-respire-murs-perspirants\/#breadcrumb\"},\"inLanguage\":\"fr-FR\",\"potentialAction\":[{\"@type\":\"ReadAction\",\"target\":[\"http:\/\/www.en-autarcie.ch\/index.php\/carnets-de-construction\/maison-respire-murs-perspirants\/\"]}]},{\"@type\":\"BreadcrumbList\",\"@id\":\"http:\/\/www.en-autarcie.ch\/index.php\/carnets-de-construction\/maison-respire-murs-perspirants\/#breadcrumb\",\"itemListElement\":[{\"@type\":\"ListItem\",\"position\":1,\"name\":\"Accueil\",\"item\":\"http:\/\/www.en-autarcie.ch\/\"},{\"@type\":\"ListItem\",\"position\":2,\"name\":\"Carnets de construction\",\"item\":\"http:\/\/www.en-autarcie.ch\/index.php\/carnets-de-construction\/\"},{\"@type\":\"ListItem\",\"position\":3,\"name\":\"Une maison en paille \u00e7a respire? Non, \u00e7a perspire! &#8211; 03.07.16\"}]},{\"@type\":\"WebSite\",\"@id\":\"http:\/\/www.en-autarcie.ch\/#website\",\"url\":\"http:\/\/www.en-autarcie.ch\/\",\"name\":\"Maison Autarcique\",\"description\":\"Premi\u00e8re maison autarcique, low-tech et permaculture de Suisse.\",\"potentialAction\":[{\"@type\":\"SearchAction\",\"target\":{\"@type\":\"EntryPoint\",\"urlTemplate\":\"http:\/\/www.en-autarcie.ch\/?s={search_term_string}\"},\"query-input\":\"required name=search_term_string\"}],\"inLanguage\":\"fr-FR\"}]}<\/script>\n<!-- \/ Yoast SEO plugin. -->","yoast_head_json":{"title":"Une maison en paille \u00e7a respire? Non, \u00e7a perspire! - 03.07.16 - Maison Autarcique","robots":{"index":"index","follow":"follow","max-snippet":"max-snippet:-1","max-image-preview":"max-image-preview:large","max-video-preview":"max-video-preview:-1"},"canonical":"http:\/\/www.en-autarcie.ch\/index.php\/carnets-de-construction\/maison-respire-murs-perspirants\/","og_locale":"fr_FR","og_type":"article","og_title":"Une maison en paille \u00e7a respire? Non, \u00e7a perspire! - 03.07.16 - Maison Autarcique","og_description":"Paille et terre ou b\u00e9ton et sagex? Le choix des mat\u00e9riaux de construction influe consid\u00e9rablement le bien-\u00eatre dans\u00a0la maison. Petit tour d&rsquo;horizon des r\u00e9alit\u00e9s physiques \u00e0 ce sujet. &nbsp; \u00ab\u00a0Qu&rsquo;est-ce qu&rsquo;on se sent bien dans cette maison\u00a0\u00bb.\u00a0Nombreux sont ceux qui expriment une telle sensation en passant la porte\u00a0d&rsquo;un logement en paille. Ils y ajoutent souvent: [&hellip;]","og_url":"http:\/\/www.en-autarcie.ch\/index.php\/carnets-de-construction\/maison-respire-murs-perspirants\/","og_site_name":"Maison Autarcique","article_modified_time":"2016-08-21T16:23:25+00:00","og_image":[{"width":2480,"height":2056,"url":"http:\/\/www.en-autarcie.ch\/wp-content\/uploads\/2016\/07\/Coupe-mur-paille-1.png","type":"image\/png"}],"twitter_card":"summary_large_image","twitter_misc":{"Dur\u00e9e de lecture estim\u00e9e":"5 minutes"},"schema":{"@context":"https:\/\/schema.org","@graph":[{"@type":"WebPage","@id":"http:\/\/www.en-autarcie.ch\/index.php\/carnets-de-construction\/maison-respire-murs-perspirants\/","url":"http:\/\/www.en-autarcie.ch\/index.php\/carnets-de-construction\/maison-respire-murs-perspirants\/","name":"Une maison en paille \u00e7a respire? Non, \u00e7a perspire! - 03.07.16 - Maison Autarcique","isPartOf":{"@id":"http:\/\/www.en-autarcie.ch\/#website"},"datePublished":"2016-07-03T16:01:47+00:00","dateModified":"2016-08-21T16:23:25+00:00","breadcrumb":{"@id":"http:\/\/www.en-autarcie.ch\/index.php\/carnets-de-construction\/maison-respire-murs-perspirants\/#breadcrumb"},"inLanguage":"fr-FR","potentialAction":[{"@type":"ReadAction","target":["http:\/\/www.en-autarcie.ch\/index.php\/carnets-de-construction\/maison-respire-murs-perspirants\/"]}]},{"@type":"BreadcrumbList","@id":"http:\/\/www.en-autarcie.ch\/index.php\/carnets-de-construction\/maison-respire-murs-perspirants\/#breadcrumb","itemListElement":[{"@type":"ListItem","position":1,"name":"Accueil","item":"http:\/\/www.en-autarcie.ch\/"},{"@type":"ListItem","position":2,"name":"Carnets de construction","item":"http:\/\/www.en-autarcie.ch\/index.php\/carnets-de-construction\/"},{"@type":"ListItem","position":3,"name":"Une maison en paille \u00e7a respire? Non, \u00e7a perspire! &#8211; 03.07.16"}]},{"@type":"WebSite","@id":"http:\/\/www.en-autarcie.ch\/#website","url":"http:\/\/www.en-autarcie.ch\/","name":"Maison Autarcique","description":"Premi\u00e8re maison autarcique, low-tech et permaculture de Suisse.","potentialAction":[{"@type":"SearchAction","target":{"@type":"EntryPoint","urlTemplate":"http:\/\/www.en-autarcie.ch\/?s={search_term_string}"},"query-input":"required name=search_term_string"}],"inLanguage":"fr-FR"}]}},"_links":{"self":[{"href":"http:\/\/www.en-autarcie.ch\/index.php\/wp-json\/wp\/v2\/pages\/835"}],"collection":[{"href":"http:\/\/www.en-autarcie.ch\/index.php\/wp-json\/wp\/v2\/pages"}],"about":[{"href":"http:\/\/www.en-autarcie.ch\/index.php\/wp-json\/wp\/v2\/types\/page"}],"author":[{"embeddable":true,"href":"http:\/\/www.en-autarcie.ch\/index.php\/wp-json\/wp\/v2\/users\/2"}],"replies":[{"embeddable":true,"href":"http:\/\/www.en-autarcie.ch\/index.php\/wp-json\/wp\/v2\/comments?post=835"}],"version-history":[{"count":18,"href":"http:\/\/www.en-autarcie.ch\/index.php\/wp-json\/wp\/v2\/pages\/835\/revisions"}],"predecessor-version":[{"id":905,"href":"http:\/\/www.en-autarcie.ch\/index.php\/wp-json\/wp\/v2\/pages\/835\/revisions\/905"}],"up":[{"embeddable":true,"href":"http:\/\/www.en-autarcie.ch\/index.php\/wp-json\/wp\/v2\/pages\/16"}],"wp:featuredmedia":[{"embeddable":true,"href":"http:\/\/www.en-autarcie.ch\/index.php\/wp-json\/wp\/v2\/media\/856"}],"wp:attachment":[{"href":"http:\/\/www.en-autarcie.ch\/index.php\/wp-json\/wp\/v2\/media?parent=835"}],"curies":[{"name":"wp","href":"https:\/\/api.w.org\/{rel}","templated":true}]}}