{"id":909,"date":"2016-08-31T08:04:22","date_gmt":"2016-08-31T07:04:22","guid":{"rendered":"http:\/\/www.en-autarcie.ch\/?page_id=909"},"modified":"2016-08-31T08:13:30","modified_gmt":"2016-08-31T07:13:30","slug":"portes-ouvertes-a-chatillon-quen-pensent-visiteurs-29-08-16","status":"publish","type":"page","link":"http:\/\/www.en-autarcie.ch\/index.php\/carnets-de-construction\/portes-ouvertes-a-chatillon-quen-pensent-visiteurs-29-08-16\/","title":{"rendered":"Portes ouvertes \u00e0 Ch\u00e2tillon, qu&rsquo;en pensent les visiteurs? 29.08.16"},"content":{"rendered":"<div class=\"fcbkbttn_buttons_block\" id=\"fcbkbttn_left\"><div class=\"fcbkbttn_button\">\n\t\t\t\t\t<a href=\"https:\/\/www.facebook.com\/\" target=\"_blank\">\n\t\t\t\t\t\t<img src=\"http:\/\/www.en-autarcie.ch\/wp-content\/plugins\/facebook-button-plugin\/images\/standard-facebook-ico.png\" alt=\"Fb-Button\" \/>\n\t\t\t\t\t<\/a>\n\t\t\t\t<\/div><div class=\"fcbkbttn_like \"><fb:like href=\"http:\/\/www.en-autarcie.ch\/index.php\/carnets-de-construction\/portes-ouvertes-a-chatillon-quen-pensent-visiteurs-29-08-16\/\" action=\"like\" colorscheme=\"light\" layout=\"standard\"  width=\"225px\" size=\"small\"><\/fb:like><\/div><\/div><h4>Les portes du projet EnAutarcie \u00e9taient ouvertes ce samedi 27 ao\u00fbt. Une cinquantaine de personnes ont\u00a0ainsi\u00a0d\u00e9couvert la maison par le menu. R\u00e9colte d&rsquo;impressions \u00e0 chaud.<\/h4>\n<p>La maison n&rsquo;est pas encore termin\u00e9e &#8211; il faudra encore une bonne ann\u00e9e de travaux &#8211; mais tous les syst\u00e8mes sont aujourd&rsquo;hui fonctionnels. Durant cette journ\u00e9e, on pouvait donc boire des caf\u00e9s solaire \u00e0 l&rsquo;eau de pluie ou se laver les mains \u00e0 la chaleur solaire! Une vraie d\u00e9couverte pour les visiteurs.<\/p>\n<p><img loading=\"lazy\" class=\"size-large wp-image-912 aligncenter\" src=\"http:\/\/www.en-autarcie.ch\/wp-content\/uploads\/2016\/08\/Portes-ouvertes-1024x678.jpg\" alt=\"Portes ouvertes\" width=\"718\" height=\"475\" srcset=\"http:\/\/www.en-autarcie.ch\/wp-content\/uploads\/2016\/08\/Portes-ouvertes-1024x678.jpg 1024w, http:\/\/www.en-autarcie.ch\/wp-content\/uploads\/2016\/08\/Portes-ouvertes-300x199.jpg 300w, http:\/\/www.en-autarcie.ch\/wp-content\/uploads\/2016\/08\/Portes-ouvertes-768x509.jpg 768w, http:\/\/www.en-autarcie.ch\/wp-content\/uploads\/2016\/08\/Portes-ouvertes.jpg 1510w\" sizes=\"(max-width: 718px) 100vw, 718px\" \/><\/p>\n<p><em>Un petit buffet a permis aux visiteurs d&rsquo;\u00e9changer leurs impressions \u00e0 chaud&#8230; et le ventre bien rempli.<\/em><\/p>\n<p>&nbsp;<\/p>\n<p><a href=\"http:\/\/www.en-autarcie.ch\/wp-content\/uploads\/2016\/08\/Laura-et-Olivier-Meile.jpg\" rel=\"attachment wp-att-910\"><img loading=\"lazy\" class=\"wp-image-910 alignright\" src=\"http:\/\/www.en-autarcie.ch\/wp-content\/uploads\/2016\/08\/Laura-et-Olivier-Meile-1024x678.jpg\" alt=\"Laura et Olivier Meile\" width=\"373\" height=\"247\" srcset=\"http:\/\/www.en-autarcie.ch\/wp-content\/uploads\/2016\/08\/Laura-et-Olivier-Meile-1024x678.jpg 1024w, http:\/\/www.en-autarcie.ch\/wp-content\/uploads\/2016\/08\/Laura-et-Olivier-Meile-300x199.jpg 300w, http:\/\/www.en-autarcie.ch\/wp-content\/uploads\/2016\/08\/Laura-et-Olivier-Meile-768x509.jpg 768w, http:\/\/www.en-autarcie.ch\/wp-content\/uploads\/2016\/08\/Laura-et-Olivier-Meile.jpg 1510w\" sizes=\"(max-width: 373px) 100vw, 373px\" \/><\/a><strong><u>Laura Meile, habitante de Flanthey en Valais<\/u><\/strong><\/p>\n<p>Laura et Olivier Meile ont r\u00e9nov\u00e9 int\u00e9gralement leur maison il y a deux ann\u00e9es. Ils en ont profit\u00e9 pour la rendre passive et sans chauffage central. Qu&rsquo;ont-ils pens\u00e9 du projet EnAutarcie en comparaison?<\/p>\n<p>&nbsp;<\/p>\n<p><strong>EnAutarcie: Vous habitez aussi dans une Minergie P\u00a0? Est-ce \u00e0 dire que vous \u00eates convaincue par le concept\u00a0?<\/strong><\/p>\n<p>Laura Meile: Oui, tr\u00e8s convaincue. Mais lorsqu\u2019on a commenc\u00e9 notre projet il y a quelques ann\u00e9es, je n\u2019\u00e9tais pas s\u00fbr qu\u2019en hiver on ait assez chaud. Mais heureusement, c\u2019est le cas\u00a0!<\/p>\n<p>&nbsp;<\/p>\n<p><strong>Quelle est la diff\u00e9rence entre votre maison et celle de Ch\u00e2tillon\u00a0?<\/strong><\/p>\n<p>A Ch\u00e2tillon, je trouve les espaces agr\u00e9ables. Elle n\u2019est pas encore finie, mais de ce que l\u2019on voit, \u00e7a sera pratique et confortable.<\/p>\n<p>&nbsp;<\/p>\n<p><strong>Qu\u2019est-ce que vous trouvez particuli\u00e8rement bien dans la maison\u00a0?<\/strong><\/p>\n<p>Le soin apport\u00e9 \u00e0 chaque d\u00e9tail par rapport \u00e0 l\u2019\u00e9conomie d\u2019\u00e9nergie. Il faut dire que le concept est beaucoup plus pouss\u00e9 que chez nous en termes d\u2019\u00e9cologie.<\/p>\n<p>&nbsp;<\/p>\n<p>&nbsp;<\/p>\n<p><strong><u><br \/>\n<img loading=\"lazy\" class=\"wp-image-911 alignright\" src=\"http:\/\/www.en-autarcie.ch\/wp-content\/uploads\/2016\/08\/Pascal-D\u00e9costerd-1024x678.jpg\" alt=\"Pascal D\u00e9costerd\" width=\"373\" height=\"247\" srcset=\"http:\/\/www.en-autarcie.ch\/wp-content\/uploads\/2016\/08\/Pascal-D\u00e9costerd-1024x678.jpg 1024w, http:\/\/www.en-autarcie.ch\/wp-content\/uploads\/2016\/08\/Pascal-D\u00e9costerd-300x199.jpg 300w, http:\/\/www.en-autarcie.ch\/wp-content\/uploads\/2016\/08\/Pascal-D\u00e9costerd-768x509.jpg 768w, http:\/\/www.en-autarcie.ch\/wp-content\/uploads\/2016\/08\/Pascal-D\u00e9costerd.jpg 1510w\" sizes=\"(max-width: 373px) 100vw, 373px\" \/><\/u><\/strong><\/p>\n<p><strong><span style=\"text-decoration: underline;\">Pascal D\u00e9costerd est expatri\u00e9 en Equateur, mais passe ses vacances \u00e0 Anz\u00e8re en Valais<\/span>. <\/strong><\/p>\n<p>En le voyant analyser m\u00e9ticuleusement chaque d\u00e9tails de la maison, on pourrait se douter que quelques id\u00e9es viennent pour son chalet&#8230; Voyons ce qu&rsquo;il en pense!<\/p>\n<p>&nbsp;<\/p>\n<p><strong>EnAutarcie: quelle a \u00e9t\u00e9 votre premi\u00e8re impression en voyant la maison\u00a0?<\/strong><\/p>\n<p>Sans h\u00e9siter la beaut\u00e9 des coulisses, selon l&rsquo;expression germanique! \u00a0La situation est superbe, et la vue magnifique.<\/p>\n<p><strong>\u00a0<\/strong><\/p>\n<p><strong>Qu&rsquo;avez-vous pens\u00e9 du concept technique?<\/strong><\/p>\n<p>J\u2019adore. C\u2019est une \u00e9quation qui pour l\u2019instant me para\u00eet fonctionner. Je dois dire que j\u2019ai toujours \u00e9t\u00e9 pour les \u00e9conomies d\u2019\u00e9nergie. Et ici on voit un concept qui est sain.<\/p>\n<p>&nbsp;<\/p>\n<p><strong>Et une maison comme \u00e7a, vous y habiterez\u00a0?<\/strong><\/p>\n<p>Ah certainement. Mais pas dans l\u2019\u00e9tat \u2026 (rire). Il faut dire que l\u2019atmosph\u00e8re dans cette maison est tr\u00e8s agr\u00e9able.<\/p>\n<p>&nbsp;<\/p>\n","protected":false},"excerpt":{"rendered":"<p>Les portes du projet EnAutarcie \u00e9taient ouvertes ce samedi 27 ao\u00fbt. Une cinquantaine de personnes ont\u00a0ainsi\u00a0d\u00e9couvert la maison par le menu. R\u00e9colte d&rsquo;impressions \u00e0 chaud. La maison n&rsquo;est pas encore termin\u00e9e &#8211; il faudra encore une bonne ann\u00e9e de travaux &#8211; mais tous les syst\u00e8mes sont aujourd&rsquo;hui fonctionnels. Durant cette journ\u00e9e, on pouvait donc boire [&hellip;]<\/p>\n","protected":false},"author":2,"featured_media":912,"parent":16,"menu_order":87,"comment_status":"closed","ping_status":"closed","template":"","meta":{"ngg_post_thumbnail":0},"yoast_head":"<!-- This site is optimized with the Yoast SEO plugin v20.6 - https:\/\/yoast.com\/wordpress\/plugins\/seo\/ -->\n<title>Portes ouvertes \u00e0 Ch\u00e2tillon, qu&#039;en pensent les visiteurs? 29.08.16 - Maison Autarcique<\/title>\n<meta name=\"robots\" content=\"index, follow, max-snippet:-1, max-image-preview:large, max-video-preview:-1\" \/>\n<link rel=\"canonical\" href=\"http:\/\/www.en-autarcie.ch\/index.php\/carnets-de-construction\/portes-ouvertes-a-chatillon-quen-pensent-visiteurs-29-08-16\/\" \/>\n<meta property=\"og:locale\" content=\"fr_FR\" \/>\n<meta property=\"og:type\" content=\"article\" \/>\n<meta property=\"og:title\" content=\"Portes ouvertes \u00e0 Ch\u00e2tillon, qu&#039;en pensent les visiteurs? 29.08.16 - Maison Autarcique\" \/>\n<meta property=\"og:description\" content=\"Les portes du projet EnAutarcie \u00e9taient ouvertes ce samedi 27 ao\u00fbt. Une cinquantaine de personnes ont\u00a0ainsi\u00a0d\u00e9couvert la maison par le menu. R\u00e9colte d&rsquo;impressions \u00e0 chaud. La maison n&rsquo;est pas encore termin\u00e9e &#8211; il faudra encore une bonne ann\u00e9e de travaux &#8211; mais tous les syst\u00e8mes sont aujourd&rsquo;hui fonctionnels. Durant cette journ\u00e9e, on pouvait donc boire [&hellip;]\" \/>\n<meta property=\"og:url\" content=\"http:\/\/www.en-autarcie.ch\/index.php\/carnets-de-construction\/portes-ouvertes-a-chatillon-quen-pensent-visiteurs-29-08-16\/\" \/>\n<meta property=\"og:site_name\" content=\"Maison Autarcique\" \/>\n<meta property=\"article:modified_time\" content=\"2016-08-31T07:13:30+00:00\" \/>\n<meta property=\"og:image\" content=\"http:\/\/www.en-autarcie.ch\/wp-content\/uploads\/2016\/08\/Portes-ouvertes.jpg\" \/>\n\t<meta property=\"og:image:width\" content=\"1510\" \/>\n\t<meta property=\"og:image:height\" content=\"1000\" \/>\n\t<meta property=\"og:image:type\" content=\"image\/jpeg\" \/>\n<meta name=\"twitter:card\" content=\"summary_large_image\" \/>\n<meta name=\"twitter:label1\" content=\"Dur\u00e9e de lecture estim\u00e9e\" \/>\n\t<meta name=\"twitter:data1\" content=\"2 minutes\" \/>\n<script type=\"application\/ld+json\" class=\"yoast-schema-graph\">{\"@context\":\"https:\/\/schema.org\",\"@graph\":[{\"@type\":\"WebPage\",\"@id\":\"http:\/\/www.en-autarcie.ch\/index.php\/carnets-de-construction\/portes-ouvertes-a-chatillon-quen-pensent-visiteurs-29-08-16\/\",\"url\":\"http:\/\/www.en-autarcie.ch\/index.php\/carnets-de-construction\/portes-ouvertes-a-chatillon-quen-pensent-visiteurs-29-08-16\/\",\"name\":\"Portes ouvertes \u00e0 Ch\u00e2tillon, qu'en pensent les visiteurs? 29.08.16 - Maison Autarcique\",\"isPartOf\":{\"@id\":\"http:\/\/www.en-autarcie.ch\/#website\"},\"datePublished\":\"2016-08-31T07:04:22+00:00\",\"dateModified\":\"2016-08-31T07:13:30+00:00\",\"breadcrumb\":{\"@id\":\"http:\/\/www.en-autarcie.ch\/index.php\/carnets-de-construction\/portes-ouvertes-a-chatillon-quen-pensent-visiteurs-29-08-16\/#breadcrumb\"},\"inLanguage\":\"fr-FR\",\"potentialAction\":[{\"@type\":\"ReadAction\",\"target\":[\"http:\/\/www.en-autarcie.ch\/index.php\/carnets-de-construction\/portes-ouvertes-a-chatillon-quen-pensent-visiteurs-29-08-16\/\"]}]},{\"@type\":\"BreadcrumbList\",\"@id\":\"http:\/\/www.en-autarcie.ch\/index.php\/carnets-de-construction\/portes-ouvertes-a-chatillon-quen-pensent-visiteurs-29-08-16\/#breadcrumb\",\"itemListElement\":[{\"@type\":\"ListItem\",\"position\":1,\"name\":\"Accueil\",\"item\":\"http:\/\/www.en-autarcie.ch\/\"},{\"@type\":\"ListItem\",\"position\":2,\"name\":\"Carnets de construction\",\"item\":\"http:\/\/www.en-autarcie.ch\/index.php\/carnets-de-construction\/\"},{\"@type\":\"ListItem\",\"position\":3,\"name\":\"Portes ouvertes \u00e0 Ch\u00e2tillon, qu&rsquo;en pensent les visiteurs? 29.08.16\"}]},{\"@type\":\"WebSite\",\"@id\":\"http:\/\/www.en-autarcie.ch\/#website\",\"url\":\"http:\/\/www.en-autarcie.ch\/\",\"name\":\"Maison Autarcique\",\"description\":\"Premi\u00e8re maison autarcique, low-tech et permaculture de Suisse.\",\"potentialAction\":[{\"@type\":\"SearchAction\",\"target\":{\"@type\":\"EntryPoint\",\"urlTemplate\":\"http:\/\/www.en-autarcie.ch\/?s={search_term_string}\"},\"query-input\":\"required name=search_term_string\"}],\"inLanguage\":\"fr-FR\"}]}<\/script>\n<!-- \/ Yoast SEO plugin. -->","yoast_head_json":{"title":"Portes ouvertes \u00e0 Ch\u00e2tillon, qu'en pensent les visiteurs? 29.08.16 - Maison Autarcique","robots":{"index":"index","follow":"follow","max-snippet":"max-snippet:-1","max-image-preview":"max-image-preview:large","max-video-preview":"max-video-preview:-1"},"canonical":"http:\/\/www.en-autarcie.ch\/index.php\/carnets-de-construction\/portes-ouvertes-a-chatillon-quen-pensent-visiteurs-29-08-16\/","og_locale":"fr_FR","og_type":"article","og_title":"Portes ouvertes \u00e0 Ch\u00e2tillon, qu'en pensent les visiteurs? 29.08.16 - Maison Autarcique","og_description":"Les portes du projet EnAutarcie \u00e9taient ouvertes ce samedi 27 ao\u00fbt. Une cinquantaine de personnes ont\u00a0ainsi\u00a0d\u00e9couvert la maison par le menu. R\u00e9colte d&rsquo;impressions \u00e0 chaud. La maison n&rsquo;est pas encore termin\u00e9e &#8211; il faudra encore une bonne ann\u00e9e de travaux &#8211; mais tous les syst\u00e8mes sont aujourd&rsquo;hui fonctionnels. Durant cette journ\u00e9e, on pouvait donc boire [&hellip;]","og_url":"http:\/\/www.en-autarcie.ch\/index.php\/carnets-de-construction\/portes-ouvertes-a-chatillon-quen-pensent-visiteurs-29-08-16\/","og_site_name":"Maison Autarcique","article_modified_time":"2016-08-31T07:13:30+00:00","og_image":[{"width":1510,"height":1000,"url":"http:\/\/www.en-autarcie.ch\/wp-content\/uploads\/2016\/08\/Portes-ouvertes.jpg","type":"image\/jpeg"}],"twitter_card":"summary_large_image","twitter_misc":{"Dur\u00e9e de lecture estim\u00e9e":"2 minutes"},"schema":{"@context":"https:\/\/schema.org","@graph":[{"@type":"WebPage","@id":"http:\/\/www.en-autarcie.ch\/index.php\/carnets-de-construction\/portes-ouvertes-a-chatillon-quen-pensent-visiteurs-29-08-16\/","url":"http:\/\/www.en-autarcie.ch\/index.php\/carnets-de-construction\/portes-ouvertes-a-chatillon-quen-pensent-visiteurs-29-08-16\/","name":"Portes ouvertes \u00e0 Ch\u00e2tillon, qu'en pensent les visiteurs? 29.08.16 - Maison Autarcique","isPartOf":{"@id":"http:\/\/www.en-autarcie.ch\/#website"},"datePublished":"2016-08-31T07:04:22+00:00","dateModified":"2016-08-31T07:13:30+00:00","breadcrumb":{"@id":"http:\/\/www.en-autarcie.ch\/index.php\/carnets-de-construction\/portes-ouvertes-a-chatillon-quen-pensent-visiteurs-29-08-16\/#breadcrumb"},"inLanguage":"fr-FR","potentialAction":[{"@type":"ReadAction","target":["http:\/\/www.en-autarcie.ch\/index.php\/carnets-de-construction\/portes-ouvertes-a-chatillon-quen-pensent-visiteurs-29-08-16\/"]}]},{"@type":"BreadcrumbList","@id":"http:\/\/www.en-autarcie.ch\/index.php\/carnets-de-construction\/portes-ouvertes-a-chatillon-quen-pensent-visiteurs-29-08-16\/#breadcrumb","itemListElement":[{"@type":"ListItem","position":1,"name":"Accueil","item":"http:\/\/www.en-autarcie.ch\/"},{"@type":"ListItem","position":2,"name":"Carnets de construction","item":"http:\/\/www.en-autarcie.ch\/index.php\/carnets-de-construction\/"},{"@type":"ListItem","position":3,"name":"Portes ouvertes \u00e0 Ch\u00e2tillon, qu&rsquo;en pensent les visiteurs? 29.08.16"}]},{"@type":"WebSite","@id":"http:\/\/www.en-autarcie.ch\/#website","url":"http:\/\/www.en-autarcie.ch\/","name":"Maison Autarcique","description":"Premi\u00e8re maison autarcique, low-tech et permaculture de Suisse.","potentialAction":[{"@type":"SearchAction","target":{"@type":"EntryPoint","urlTemplate":"http:\/\/www.en-autarcie.ch\/?s={search_term_string}"},"query-input":"required name=search_term_string"}],"inLanguage":"fr-FR"}]}},"_links":{"self":[{"href":"http:\/\/www.en-autarcie.ch\/index.php\/wp-json\/wp\/v2\/pages\/909"}],"collection":[{"href":"http:\/\/www.en-autarcie.ch\/index.php\/wp-json\/wp\/v2\/pages"}],"about":[{"href":"http:\/\/www.en-autarcie.ch\/index.php\/wp-json\/wp\/v2\/types\/page"}],"author":[{"embeddable":true,"href":"http:\/\/www.en-autarcie.ch\/index.php\/wp-json\/wp\/v2\/users\/2"}],"replies":[{"embeddable":true,"href":"http:\/\/www.en-autarcie.ch\/index.php\/wp-json\/wp\/v2\/comments?post=909"}],"version-history":[{"count":12,"href":"http:\/\/www.en-autarcie.ch\/index.php\/wp-json\/wp\/v2\/pages\/909\/revisions"}],"predecessor-version":[{"id":925,"href":"http:\/\/www.en-autarcie.ch\/index.php\/wp-json\/wp\/v2\/pages\/909\/revisions\/925"}],"up":[{"embeddable":true,"href":"http:\/\/www.en-autarcie.ch\/index.php\/wp-json\/wp\/v2\/pages\/16"}],"wp:featuredmedia":[{"embeddable":true,"href":"http:\/\/www.en-autarcie.ch\/index.php\/wp-json\/wp\/v2\/media\/912"}],"wp:attachment":[{"href":"http:\/\/www.en-autarcie.ch\/index.php\/wp-json\/wp\/v2\/media?parent=909"}],"curies":[{"name":"wp","href":"https:\/\/api.w.org\/{rel}","templated":true}]}}