{"id":155,"date":"2015-09-24T20:14:36","date_gmt":"2015-09-24T19:14:36","guid":{"rendered":"http:\/\/www.en-autarcie.ch\/?page_id=155"},"modified":"2015-10-01T14:36:08","modified_gmt":"2015-10-01T13:36:08","slug":"originalite-du-concept","status":"publish","type":"page","link":"https:\/\/www.en-autarcie.ch\/index.php\/maison-autarcique\/originalite-du-concept\/","title":{"rendered":"Originalit\u00e9 du concept"},"content":{"rendered":"<div class=\"fcbkbttn_buttons_block\" id=\"fcbkbttn_left\"><div class=\"fcbkbttn_button\">\n\t\t\t\t\t<a href=\"https:\/\/www.facebook.com\/\" target=\"_blank\">\n\t\t\t\t\t\t<img src=\"https:\/\/www.en-autarcie.ch\/wp-content\/plugins\/facebook-button-plugin\/images\/standard-facebook-ico.png\" alt=\"Fb-Button\" \/>\n\t\t\t\t\t<\/a>\n\t\t\t\t<\/div><div class=\"fcbkbttn_like \"><fb:like href=\"https:\/\/www.en-autarcie.ch\/index.php\/maison-autarcique\/originalite-du-concept\/\" action=\"like\" colorscheme=\"light\" layout=\"standard\"  width=\"225px\" size=\"small\"><\/fb:like><\/div><\/div><p>La maison ne sera pas raccord\u00e9e au r\u00e9seau \u00e9lectrique, utilisera l\u2019eau de pluie et ne disposera d\u2019aucun syst\u00e8me de chauffage central. La nature se charge de fournir gratuitement ces prestations !<\/p>\n<p>&nbsp;<\/p>\n<p>De nombreux b\u00e2timents sont aujourd\u2019hui construits selon des normes techniques tr\u00e8s strictes. Toutefois, les exigences de vitesse sur les chantiers, les co\u00fbts \u00e9lev\u00e9s de la main d\u2019oeuvre et les normes esth\u00e9tiques contemporaines imposent des choix parfois peu respectueux de l\u2019environnement.<\/p>\n<p>D\u2019autre part, la multiplication des syst\u00e8mes technologiques int\u00e9gr\u00e9s au b\u00e2timent (domotique, r\u00e9gulations pr\u00e9dictives,\u2026) augmente le risque d\u2019obsolescence et de pannes.<\/p>\n<p><strong>\u00a0<\/strong><\/p>\n<p><strong>Paille, terre et bois \u2010 <\/strong>La r\u00e9alisation de cette maison sera un contrepied \u00e0 cette vision et fa\u00e7on de faire. Elle sera construite de paille, de terre et de bois. Elle n\u2019aura aucune gestion \u00e9lectronique moderne, seule la physique des mat\u00e9riaux et le design de la maison garantiront son confort haut de gamme.<\/p>\n","protected":false},"excerpt":{"rendered":"<p>La maison ne sera pas raccord\u00e9e au r\u00e9seau \u00e9lectrique, utilisera l\u2019eau de pluie et ne disposera d\u2019aucun syst\u00e8me de chauffage central. La nature se charge de fournir gratuitement ces prestations ! &nbsp; De nombreux b\u00e2timents sont aujourd\u2019hui construits selon des normes techniques tr\u00e8s strictes. Toutefois, les exigences de vitesse sur les chantiers, les co\u00fbts \u00e9lev\u00e9s [&hellip;]<\/p>\n","protected":false},"author":1,"featured_media":131,"parent":18,"menu_order":0,"comment_status":"closed","ping_status":"closed","template":"","meta":{"ngg_post_thumbnail":0},"yoast_head":"<!-- This site is optimized with the Yoast SEO plugin v20.6 - https:\/\/yoast.com\/wordpress\/plugins\/seo\/ -->\n<title>Originalit\u00e9 du concept - Maison Autarcique<\/title>\n<meta name=\"robots\" content=\"index, follow, max-snippet:-1, max-image-preview:large, max-video-preview:-1\" \/>\n<link rel=\"canonical\" href=\"https:\/\/www.en-autarcie.ch\/index.php\/maison-autarcique\/originalite-du-concept\/\" \/>\n<meta property=\"og:locale\" content=\"fr_FR\" \/>\n<meta property=\"og:type\" content=\"article\" \/>\n<meta property=\"og:title\" content=\"Originalit\u00e9 du concept - Maison Autarcique\" \/>\n<meta property=\"og:description\" content=\"La maison ne sera pas raccord\u00e9e au r\u00e9seau \u00e9lectrique, utilisera l\u2019eau de pluie et ne disposera d\u2019aucun syst\u00e8me de chauffage central. La nature se charge de fournir gratuitement ces prestations ! &nbsp; De nombreux b\u00e2timents sont aujourd\u2019hui construits selon des normes techniques tr\u00e8s strictes. Toutefois, les exigences de vitesse sur les chantiers, les co\u00fbts \u00e9lev\u00e9s [&hellip;]\" \/>\n<meta property=\"og:url\" content=\"https:\/\/www.en-autarcie.ch\/index.php\/maison-autarcique\/originalite-du-concept\/\" \/>\n<meta property=\"og:site_name\" content=\"Maison Autarcique\" \/>\n<meta property=\"article:modified_time\" content=\"2015-10-01T13:36:08+00:00\" \/>\n<meta property=\"og:image\" content=\"https:\/\/www.en-autarcie.ch\/wp-content\/uploads\/2015\/09\/Fa\u00e7ade-ouest-color\u00e9e.png\" \/>\n\t<meta property=\"og:image:width\" content=\"3427\" \/>\n\t<meta property=\"og:image:height\" content=\"1331\" \/>\n\t<meta property=\"og:image:type\" content=\"image\/png\" \/>\n<meta name=\"twitter:card\" content=\"summary_large_image\" \/>\n<meta name=\"twitter:label1\" content=\"Dur\u00e9e de lecture estim\u00e9e\" \/>\n\t<meta name=\"twitter:data1\" content=\"1 minute\" \/>\n<script type=\"application\/ld+json\" class=\"yoast-schema-graph\">{\"@context\":\"https:\/\/schema.org\",\"@graph\":[{\"@type\":\"WebPage\",\"@id\":\"https:\/\/www.en-autarcie.ch\/index.php\/maison-autarcique\/originalite-du-concept\/\",\"url\":\"https:\/\/www.en-autarcie.ch\/index.php\/maison-autarcique\/originalite-du-concept\/\",\"name\":\"Originalit\u00e9 du concept - Maison Autarcique\",\"isPartOf\":{\"@id\":\"http:\/\/www.en-autarcie.ch\/#website\"},\"datePublished\":\"2015-09-24T19:14:36+00:00\",\"dateModified\":\"2015-10-01T13:36:08+00:00\",\"breadcrumb\":{\"@id\":\"https:\/\/www.en-autarcie.ch\/index.php\/maison-autarcique\/originalite-du-concept\/#breadcrumb\"},\"inLanguage\":\"fr-FR\",\"potentialAction\":[{\"@type\":\"ReadAction\",\"target\":[\"https:\/\/www.en-autarcie.ch\/index.php\/maison-autarcique\/originalite-du-concept\/\"]}]},{\"@type\":\"BreadcrumbList\",\"@id\":\"https:\/\/www.en-autarcie.ch\/index.php\/maison-autarcique\/originalite-du-concept\/#breadcrumb\",\"itemListElement\":[{\"@type\":\"ListItem\",\"position\":1,\"name\":\"Accueil\",\"item\":\"http:\/\/www.en-autarcie.ch\/\"},{\"@type\":\"ListItem\",\"position\":2,\"name\":\"Maison autarcique\",\"item\":\"https:\/\/www.en-autarcie.ch\/index.php\/maison-autarcique\/\"},{\"@type\":\"ListItem\",\"position\":3,\"name\":\"Originalit\u00e9 du concept\"}]},{\"@type\":\"WebSite\",\"@id\":\"http:\/\/www.en-autarcie.ch\/#website\",\"url\":\"http:\/\/www.en-autarcie.ch\/\",\"name\":\"Maison Autarcique\",\"description\":\"Premi\u00e8re maison autarcique, low-tech et permaculture de Suisse.\",\"potentialAction\":[{\"@type\":\"SearchAction\",\"target\":{\"@type\":\"EntryPoint\",\"urlTemplate\":\"http:\/\/www.en-autarcie.ch\/?s={search_term_string}\"},\"query-input\":\"required name=search_term_string\"}],\"inLanguage\":\"fr-FR\"}]}<\/script>\n<!-- \/ Yoast SEO plugin. -->","yoast_head_json":{"title":"Originalit\u00e9 du concept - Maison Autarcique","robots":{"index":"index","follow":"follow","max-snippet":"max-snippet:-1","max-image-preview":"max-image-preview:large","max-video-preview":"max-video-preview:-1"},"canonical":"https:\/\/www.en-autarcie.ch\/index.php\/maison-autarcique\/originalite-du-concept\/","og_locale":"fr_FR","og_type":"article","og_title":"Originalit\u00e9 du concept - Maison Autarcique","og_description":"La maison ne sera pas raccord\u00e9e au r\u00e9seau \u00e9lectrique, utilisera l\u2019eau de pluie et ne disposera d\u2019aucun syst\u00e8me de chauffage central. La nature se charge de fournir gratuitement ces prestations ! &nbsp; De nombreux b\u00e2timents sont aujourd\u2019hui construits selon des normes techniques tr\u00e8s strictes. Toutefois, les exigences de vitesse sur les chantiers, les co\u00fbts \u00e9lev\u00e9s [&hellip;]","og_url":"https:\/\/www.en-autarcie.ch\/index.php\/maison-autarcique\/originalite-du-concept\/","og_site_name":"Maison Autarcique","article_modified_time":"2015-10-01T13:36:08+00:00","og_image":[{"width":3427,"height":1331,"url":"https:\/\/www.en-autarcie.ch\/wp-content\/uploads\/2015\/09\/Fa\u00e7ade-ouest-color\u00e9e.png","type":"image\/png"}],"twitter_card":"summary_large_image","twitter_misc":{"Dur\u00e9e de lecture estim\u00e9e":"1 minute"},"schema":{"@context":"https:\/\/schema.org","@graph":[{"@type":"WebPage","@id":"https:\/\/www.en-autarcie.ch\/index.php\/maison-autarcique\/originalite-du-concept\/","url":"https:\/\/www.en-autarcie.ch\/index.php\/maison-autarcique\/originalite-du-concept\/","name":"Originalit\u00e9 du concept - Maison Autarcique","isPartOf":{"@id":"http:\/\/www.en-autarcie.ch\/#website"},"datePublished":"2015-09-24T19:14:36+00:00","dateModified":"2015-10-01T13:36:08+00:00","breadcrumb":{"@id":"https:\/\/www.en-autarcie.ch\/index.php\/maison-autarcique\/originalite-du-concept\/#breadcrumb"},"inLanguage":"fr-FR","potentialAction":[{"@type":"ReadAction","target":["https:\/\/www.en-autarcie.ch\/index.php\/maison-autarcique\/originalite-du-concept\/"]}]},{"@type":"BreadcrumbList","@id":"https:\/\/www.en-autarcie.ch\/index.php\/maison-autarcique\/originalite-du-concept\/#breadcrumb","itemListElement":[{"@type":"ListItem","position":1,"name":"Accueil","item":"http:\/\/www.en-autarcie.ch\/"},{"@type":"ListItem","position":2,"name":"Maison autarcique","item":"https:\/\/www.en-autarcie.ch\/index.php\/maison-autarcique\/"},{"@type":"ListItem","position":3,"name":"Originalit\u00e9 du concept"}]},{"@type":"WebSite","@id":"http:\/\/www.en-autarcie.ch\/#website","url":"http:\/\/www.en-autarcie.ch\/","name":"Maison Autarcique","description":"Premi\u00e8re maison autarcique, low-tech et permaculture de Suisse.","potentialAction":[{"@type":"SearchAction","target":{"@type":"EntryPoint","urlTemplate":"http:\/\/www.en-autarcie.ch\/?s={search_term_string}"},"query-input":"required name=search_term_string"}],"inLanguage":"fr-FR"}]}},"_links":{"self":[{"href":"https:\/\/www.en-autarcie.ch\/index.php\/wp-json\/wp\/v2\/pages\/155"}],"collection":[{"href":"https:\/\/www.en-autarcie.ch\/index.php\/wp-json\/wp\/v2\/pages"}],"about":[{"href":"https:\/\/www.en-autarcie.ch\/index.php\/wp-json\/wp\/v2\/types\/page"}],"author":[{"embeddable":true,"href":"https:\/\/www.en-autarcie.ch\/index.php\/wp-json\/wp\/v2\/users\/1"}],"replies":[{"embeddable":true,"href":"https:\/\/www.en-autarcie.ch\/index.php\/wp-json\/wp\/v2\/comments?post=155"}],"version-history":[{"count":1,"href":"https:\/\/www.en-autarcie.ch\/index.php\/wp-json\/wp\/v2\/pages\/155\/revisions"}],"predecessor-version":[{"id":156,"href":"https:\/\/www.en-autarcie.ch\/index.php\/wp-json\/wp\/v2\/pages\/155\/revisions\/156"}],"up":[{"embeddable":true,"href":"https:\/\/www.en-autarcie.ch\/index.php\/wp-json\/wp\/v2\/pages\/18"}],"wp:featuredmedia":[{"embeddable":true,"href":"https:\/\/www.en-autarcie.ch\/index.php\/wp-json\/wp\/v2\/media\/131"}],"wp:attachment":[{"href":"https:\/\/www.en-autarcie.ch\/index.php\/wp-json\/wp\/v2\/media?parent=155"}],"curies":[{"name":"wp","href":"https:\/\/api.w.org\/{rel}","templated":true}]}}