{"id":18,"date":"2015-09-18T18:52:31","date_gmt":"2015-09-18T17:52:31","guid":{"rendered":"http:\/\/localhost\/wordpress\/?page_id=18"},"modified":"2015-11-01T19:53:29","modified_gmt":"2015-11-01T18:53:29","slug":"maison-autarcique","status":"publish","type":"page","link":"https:\/\/www.en-autarcie.ch\/index.php\/maison-autarcique\/","title":{"rendered":"Maison autarcique"},"content":{"rendered":"<div class=\"fcbkbttn_buttons_block\" id=\"fcbkbttn_left\"><div class=\"fcbkbttn_button\">\n\t\t\t\t\t<a href=\"https:\/\/www.facebook.com\/\" target=\"_blank\">\n\t\t\t\t\t\t<img src=\"https:\/\/www.en-autarcie.ch\/wp-content\/plugins\/facebook-button-plugin\/images\/standard-facebook-ico.png\" alt=\"Fb-Button\" \/>\n\t\t\t\t\t<\/a>\n\t\t\t\t<\/div><div class=\"fcbkbttn_like \"><fb:like href=\"https:\/\/www.en-autarcie.ch\/index.php\/maison-autarcique\/\" action=\"like\" colorscheme=\"light\" layout=\"standard\"  width=\"225px\" size=\"small\"><\/fb:like><\/div><\/div><p>Ce projet a pour but de r\u00e9aliser une\u00a0maison autarcique, low\u2010tech,\u00a0moderne et respectant les\u00a0principes de la permaculture.\u00a0Afin de faire conna\u00eetre les techniques de\u00a0construction alternatives au b\u00e9ton et\u00a0respectueuses des principes\u00a0bioclimatiques, la construction de cette maison est con\u00e7ue comme un outils p\u00e9dagogique.<\/p>\n<p>&nbsp;<\/p>\n<p>Cette maison disposera de toutes les innovations \u00e9cologiques afin de minimiser son empreinte au minimum tout en ne d\u00e9passant pas le prix d&rsquo;une maison traditionnelle.\u00a0L\u2019ensemble du projet est accessible \u00e0 un\u00a0public de professionnels, mais \u00e9galement\u00a0au grand public.\u00a0Le chantier peut \u00eatre visit\u00e9 sur demande.<\/p>\n<p>&nbsp;<\/p>\n<p><a href=\"http:\/\/www.en-autarcie.ch\/wp-content\/uploads\/2015\/09\/Fa\u00e7ade-ouest-color\u00e9e.png\"><img loading=\"lazy\" class=\"aligncenter size-large wp-image-131\" src=\"http:\/\/www.en-autarcie.ch\/wp-content\/uploads\/2015\/09\/Fa\u00e7ade-ouest-color\u00e9e-1024x398.png\" alt=\"Fa\u00e7ade ouest color\u00e9e\" width=\"718\" height=\"279\" srcset=\"https:\/\/www.en-autarcie.ch\/wp-content\/uploads\/2015\/09\/Fa\u00e7ade-ouest-color\u00e9e-1024x398.png 1024w, https:\/\/www.en-autarcie.ch\/wp-content\/uploads\/2015\/09\/Fa\u00e7ade-ouest-color\u00e9e-300x117.png 300w\" sizes=\"(max-width: 718px) 100vw, 718px\" \/><\/a><\/p>\n<h4><\/h4>\n<h4>Objectifs du projet :<\/h4>\n<h4><a href=\"http:\/\/www.en-autarcie.ch\/wp-content\/uploads\/2015\/09\/Objectifs-techniques.png\"><img loading=\"lazy\" class=\"aligncenter size-full wp-image-172\" src=\"http:\/\/www.en-autarcie.ch\/wp-content\/uploads\/2015\/09\/Objectifs-techniques.png\" alt=\"Objectifs techniques\" width=\"701\" height=\"316\" srcset=\"https:\/\/www.en-autarcie.ch\/wp-content\/uploads\/2015\/09\/Objectifs-techniques.png 701w, https:\/\/www.en-autarcie.ch\/wp-content\/uploads\/2015\/09\/Objectifs-techniques-300x135.png 300w\" sizes=\"(max-width: 701px) 100vw, 701px\" \/><\/a><\/h4>\n<h4><\/h4>\n<h4>Caract\u00e9ristiques techniques:<\/h4>\n<h4><a href=\"http:\/\/www.en-autarcie.ch\/wp-content\/uploads\/2015\/09\/Caract\u00e9ristiques-techniques1.png\"><img loading=\"lazy\" class=\"aligncenter size-full wp-image-174\" src=\"http:\/\/www.en-autarcie.ch\/wp-content\/uploads\/2015\/09\/Caract\u00e9ristiques-techniques1.png\" alt=\"Caract\u00e9ristiques techniques\" width=\"711\" height=\"414\" srcset=\"https:\/\/www.en-autarcie.ch\/wp-content\/uploads\/2015\/09\/Caract\u00e9ristiques-techniques1.png 711w, https:\/\/www.en-autarcie.ch\/wp-content\/uploads\/2015\/09\/Caract\u00e9ristiques-techniques1-300x175.png 300w\" sizes=\"(max-width: 711px) 100vw, 711px\" \/><\/a><\/h4>\n<h4><\/h4>\n<h4><\/h4>\n<h4><\/h4>\n<p>&nbsp;<\/p>\n<p>&nbsp;<\/p>\n","protected":false},"excerpt":{"rendered":"<p>Ce projet a pour but de r\u00e9aliser une\u00a0maison autarcique, low\u2010tech,\u00a0moderne et respectant les\u00a0principes de la permaculture.\u00a0Afin de faire conna\u00eetre les techniques de\u00a0construction alternatives au b\u00e9ton et\u00a0respectueuses des principes\u00a0bioclimatiques, la construction de cette maison est con\u00e7ue comme un outils p\u00e9dagogique. &nbsp; Cette maison disposera de toutes les innovations \u00e9cologiques afin de minimiser son empreinte au minimum [&hellip;]<\/p>\n","protected":false},"author":1,"featured_media":8,"parent":0,"menu_order":0,"comment_status":"open","ping_status":"closed","template":"","meta":{"ngg_post_thumbnail":0},"yoast_head":"<!-- This site is optimized with the Yoast SEO plugin v20.6 - https:\/\/yoast.com\/wordpress\/plugins\/seo\/ -->\n<title>Maison autarcique - projet pilote.<\/title>\n<meta name=\"description\" content=\"Ce projet a pour but de r\u00e9aliser une maison autarcique, low\u2010tech, moderne et respectant les principes de la permaculture.\" \/>\n<meta name=\"robots\" content=\"index, follow, max-snippet:-1, max-image-preview:large, max-video-preview:-1\" \/>\n<link rel=\"canonical\" href=\"http:\/\/www.en-autarcie.ch\/index.php\/maison-autarcique\/\" \/>\n<meta property=\"og:locale\" content=\"fr_FR\" \/>\n<meta property=\"og:type\" content=\"article\" \/>\n<meta property=\"og:title\" content=\"Maison autarcique - projet pilote.\" \/>\n<meta property=\"og:description\" content=\"Ce projet a pour but de r\u00e9aliser une maison autarcique, low\u2010tech, moderne et respectant les principes de la permaculture.\" \/>\n<meta property=\"og:url\" content=\"http:\/\/www.en-autarcie.ch\/index.php\/maison-autarcique\/\" \/>\n<meta property=\"og:site_name\" content=\"Maison Autarcique\" \/>\n<meta property=\"article:modified_time\" content=\"2015-11-01T18:53:29+00:00\" \/>\n<meta property=\"og:image\" content=\"http:\/\/www.en-autarcie.ch\/wp-content\/uploads\/2015\/09\/DSC_5020.jpg\" \/>\n\t<meta property=\"og:image:width\" content=\"2464\" \/>\n\t<meta property=\"og:image:height\" content=\"1632\" \/>\n\t<meta property=\"og:image:type\" content=\"image\/jpeg\" \/>\n<meta name=\"twitter:card\" content=\"summary_large_image\" \/>\n<meta name=\"twitter:label1\" content=\"Dur\u00e9e de lecture estim\u00e9e\" \/>\n\t<meta name=\"twitter:data1\" content=\"1 minute\" \/>\n<script type=\"application\/ld+json\" class=\"yoast-schema-graph\">{\"@context\":\"https:\/\/schema.org\",\"@graph\":[{\"@type\":\"WebPage\",\"@id\":\"http:\/\/www.en-autarcie.ch\/index.php\/maison-autarcique\/\",\"url\":\"http:\/\/www.en-autarcie.ch\/index.php\/maison-autarcique\/\",\"name\":\"Maison autarcique - projet pilote.\",\"isPartOf\":{\"@id\":\"https:\/\/www.en-autarcie.ch\/#website\"},\"datePublished\":\"2015-09-18T17:52:31+00:00\",\"dateModified\":\"2015-11-01T18:53:29+00:00\",\"description\":\"Ce projet a pour but de r\u00e9aliser une maison autarcique, low\u2010tech, moderne et respectant les principes de la permaculture.\",\"breadcrumb\":{\"@id\":\"http:\/\/www.en-autarcie.ch\/index.php\/maison-autarcique\/#breadcrumb\"},\"inLanguage\":\"fr-FR\",\"potentialAction\":[{\"@type\":\"ReadAction\",\"target\":[\"http:\/\/www.en-autarcie.ch\/index.php\/maison-autarcique\/\"]}]},{\"@type\":\"BreadcrumbList\",\"@id\":\"http:\/\/www.en-autarcie.ch\/index.php\/maison-autarcique\/#breadcrumb\",\"itemListElement\":[{\"@type\":\"ListItem\",\"position\":1,\"name\":\"Accueil\",\"item\":\"https:\/\/www.en-autarcie.ch\/\"},{\"@type\":\"ListItem\",\"position\":2,\"name\":\"Maison autarcique\"}]},{\"@type\":\"WebSite\",\"@id\":\"https:\/\/www.en-autarcie.ch\/#website\",\"url\":\"https:\/\/www.en-autarcie.ch\/\",\"name\":\"Maison Autarcique\",\"description\":\"Premi\u00e8re maison autarcique, low-tech et permaculture de Suisse.\",\"potentialAction\":[{\"@type\":\"SearchAction\",\"target\":{\"@type\":\"EntryPoint\",\"urlTemplate\":\"https:\/\/www.en-autarcie.ch\/?s={search_term_string}\"},\"query-input\":\"required name=search_term_string\"}],\"inLanguage\":\"fr-FR\"}]}<\/script>\n<!-- \/ Yoast SEO plugin. -->","yoast_head_json":{"title":"Maison autarcique - projet pilote.","description":"Ce projet a pour but de r\u00e9aliser une maison autarcique, low\u2010tech, moderne et respectant les principes de la permaculture.","robots":{"index":"index","follow":"follow","max-snippet":"max-snippet:-1","max-image-preview":"max-image-preview:large","max-video-preview":"max-video-preview:-1"},"canonical":"http:\/\/www.en-autarcie.ch\/index.php\/maison-autarcique\/","og_locale":"fr_FR","og_type":"article","og_title":"Maison autarcique - projet pilote.","og_description":"Ce projet a pour but de r\u00e9aliser une maison autarcique, low\u2010tech, moderne et respectant les principes de la permaculture.","og_url":"http:\/\/www.en-autarcie.ch\/index.php\/maison-autarcique\/","og_site_name":"Maison Autarcique","article_modified_time":"2015-11-01T18:53:29+00:00","og_image":[{"width":2464,"height":1632,"url":"http:\/\/www.en-autarcie.ch\/wp-content\/uploads\/2015\/09\/DSC_5020.jpg","type":"image\/jpeg"}],"twitter_card":"summary_large_image","twitter_misc":{"Dur\u00e9e de lecture estim\u00e9e":"1 minute"},"schema":{"@context":"https:\/\/schema.org","@graph":[{"@type":"WebPage","@id":"http:\/\/www.en-autarcie.ch\/index.php\/maison-autarcique\/","url":"http:\/\/www.en-autarcie.ch\/index.php\/maison-autarcique\/","name":"Maison autarcique - projet pilote.","isPartOf":{"@id":"https:\/\/www.en-autarcie.ch\/#website"},"datePublished":"2015-09-18T17:52:31+00:00","dateModified":"2015-11-01T18:53:29+00:00","description":"Ce projet a pour but de r\u00e9aliser une maison autarcique, low\u2010tech, moderne et respectant les principes de la permaculture.","breadcrumb":{"@id":"http:\/\/www.en-autarcie.ch\/index.php\/maison-autarcique\/#breadcrumb"},"inLanguage":"fr-FR","potentialAction":[{"@type":"ReadAction","target":["http:\/\/www.en-autarcie.ch\/index.php\/maison-autarcique\/"]}]},{"@type":"BreadcrumbList","@id":"http:\/\/www.en-autarcie.ch\/index.php\/maison-autarcique\/#breadcrumb","itemListElement":[{"@type":"ListItem","position":1,"name":"Accueil","item":"https:\/\/www.en-autarcie.ch\/"},{"@type":"ListItem","position":2,"name":"Maison autarcique"}]},{"@type":"WebSite","@id":"https:\/\/www.en-autarcie.ch\/#website","url":"https:\/\/www.en-autarcie.ch\/","name":"Maison Autarcique","description":"Premi\u00e8re maison autarcique, low-tech et permaculture de Suisse.","potentialAction":[{"@type":"SearchAction","target":{"@type":"EntryPoint","urlTemplate":"https:\/\/www.en-autarcie.ch\/?s={search_term_string}"},"query-input":"required name=search_term_string"}],"inLanguage":"fr-FR"}]}},"_links":{"self":[{"href":"https:\/\/www.en-autarcie.ch\/index.php\/wp-json\/wp\/v2\/pages\/18"}],"collection":[{"href":"https:\/\/www.en-autarcie.ch\/index.php\/wp-json\/wp\/v2\/pages"}],"about":[{"href":"https:\/\/www.en-autarcie.ch\/index.php\/wp-json\/wp\/v2\/types\/page"}],"author":[{"embeddable":true,"href":"https:\/\/www.en-autarcie.ch\/index.php\/wp-json\/wp\/v2\/users\/1"}],"replies":[{"embeddable":true,"href":"https:\/\/www.en-autarcie.ch\/index.php\/wp-json\/wp\/v2\/comments?post=18"}],"version-history":[{"count":10,"href":"https:\/\/www.en-autarcie.ch\/index.php\/wp-json\/wp\/v2\/pages\/18\/revisions"}],"predecessor-version":[{"id":359,"href":"https:\/\/www.en-autarcie.ch\/index.php\/wp-json\/wp\/v2\/pages\/18\/revisions\/359"}],"wp:featuredmedia":[{"embeddable":true,"href":"https:\/\/www.en-autarcie.ch\/index.php\/wp-json\/wp\/v2\/media\/8"}],"wp:attachment":[{"href":"https:\/\/www.en-autarcie.ch\/index.php\/wp-json\/wp\/v2\/media?parent=18"}],"curies":[{"name":"wp","href":"https:\/\/api.w.org\/{rel}","templated":true}]}}