{"id":20,"date":"2015-09-18T18:52:40","date_gmt":"2015-09-18T17:52:40","guid":{"rendered":"http:\/\/localhost\/wordpress\/?page_id=20"},"modified":"2018-08-07T15:44:40","modified_gmt":"2018-08-07T14:44:40","slug":"evenements","status":"publish","type":"page","link":"https:\/\/www.en-autarcie.ch\/index.php\/evenements\/","title":{"rendered":"Ev\u00e8nements et workshops \u00e0 venir."},"content":{"rendered":"<div class=\"fcbkbttn_buttons_block\" id=\"fcbkbttn_left\"><div class=\"fcbkbttn_button\">\n\t\t\t\t\t<a href=\"https:\/\/www.facebook.com\/\" target=\"_blank\">\n\t\t\t\t\t\t<img src=\"https:\/\/www.en-autarcie.ch\/wp-content\/plugins\/facebook-button-plugin\/images\/standard-facebook-ico.png\" alt=\"Fb-Button\" \/>\n\t\t\t\t\t<\/a>\n\t\t\t\t<\/div><div class=\"fcbkbttn_like \"><fb:like href=\"https:\/\/www.en-autarcie.ch\/index.php\/evenements\/\" action=\"like\" colorscheme=\"light\" layout=\"standard\"  width=\"225px\" size=\"small\"><\/fb:like><\/div><\/div><h4>Afin de faire\u00a0conna\u00eetre les techniques de construction \u00e9cologiques, la maison autarcique de ce projet est utilis\u00e9e comme un outil p\u00e9dagogique \u00e0 travers divers \u00e9v\u00e8nements.<\/h4>\n<h4><\/h4>\n<p>S\u00e9minaires, soir\u00e9es d&rsquo;informations et workshops sont organis\u00e9s en parall\u00e8le du chantier.<\/p>\n<h5><\/h5>\n<h4>Programme des prochains \u00e9v\u00e8nements:<\/h4>\n<p>&nbsp;<\/p>\n<p><strong>Visites de chantier.<\/strong><\/p>\n<p>Vous avez la possibilit\u00e9 de venir d\u00e9couvrir la maison, ainsi que l&rsquo;avanc\u00e9e des travaux. Une introduction th\u00e9orique, suivie de la visite de chantier vous rendra familier aux constructions \u00e9cologiques.<\/p>\n<ul>\n<li><strong>Pas de date pour l&rsquo;instant, mais plusieurs chantiers participatifs en cours !<\/strong><\/li>\n<\/ul>\n<p>&nbsp;<\/p>\n<p><strong>Samedi paille-terre-bois &#8211; chantier participatif.<\/strong><\/p>\n<p>Durant ces journ\u00e9es de pratique, vous d\u00e9couvrirez le travail du bois, de la paille et de la terre crue. En mettant la main \u00e0 la patte, vous apprendrez\u00a0\u00e0\u00a0travailler ces mat\u00e9riaux naturels. Vous mettrez en forme des bottes et les placerez dans l&rsquo;ossature en bois. Vous r\u00e9aliserez \u00e9galement des cr\u00e9pis \u00e0 partir de terre crue du terrain.<\/p>\n<p>&nbsp;<\/p>\n<p>Ces journ\u00e9es sont aussi (et surtout!) de belles occasions d&rsquo;\u00e9changer entre passionn\u00e9s de maisons \u00e9cologiques.<\/p>\n<p>&nbsp;<\/p>\n<p><strong>CHANTIERS PARTICIPATIFS.\u00a0<\/strong><\/p>\n<p>Rendez-vous \u00e0 9h \u00e0 Ch\u00e2tillon pour le caf\u00e9!<\/p>\n<p>&nbsp;<\/p>\n<ul>\n<li><strong>Samedi 04 ao\u00fbt &#8211;<\/strong> Puit canadien &#8211; Afin de refroidir la maison en \u00e9t\u00e9 et pr\u00e9chauffer l&rsquo;air de\u00a0 ventilation en hiver un puit canadien sera mis en service<\/li>\n<li><strong>Vendredi 10 ao\u00fbt<\/strong>\u00a0 &#8211; R\u00e9alisation de cr\u00e9pis \u00e0 la chaux &#8211; R\u00e9alisation d\u2019un cr\u00e9pi de finition sur une isolation en\u00a0 laine de bois.<\/li>\n<li><strong>Jeudi\u00a0 16 ao\u00fbt<\/strong> &#8211;\u00a0Isolation \u00e0 la paille &#8211; Mise en place d&rsquo;une isolation en paille dans des caissons\u00a0 en bois.<\/li>\n<li><strong>Samedi 18 ao\u00fbt<\/strong> &#8211; Toiture v\u00e9g\u00e9talis\u00e9e &#8211; Mise place d&rsquo;une \u00e9tanch\u00e9it\u00e9 sur une toiture plate pour\u00a0 recevoir une toiture v\u00e9g\u00e9talis\u00e9e..<\/li>\n<li><strong>Samedi 25 ao\u00fbt<\/strong> &#8211; Toiture v\u00e9g\u00e9talis\u00e9e &#8211; Mise place d&rsquo;une \u00e9tanch\u00e9it\u00e9 sur une toiture plate pour\u00a0 recevoir une toiture v\u00e9g\u00e9talis\u00e9e.<\/li>\n<\/ul>\n<p>Merci de prendre contact par mail (marc@en-autarcie.ch) ou t\u00e9l\u00e9phone (076\/398&rsquo;90&rsquo;20) afin de vous inscrire \u00e0 l&rsquo;un de ces \u00e9v\u00e8nements.<\/p>\n<p>&nbsp;<\/p>\n<p>Si vous souhaitez visiter le chantier avec un groupe ou une classe d&rsquo;\u00e9coliers, d&rsquo;autres dates peuvent bien-s\u00fbr \u00eatre r\u00e9serv\u00e9es. Prenez contact aux\u00a0coordonn\u00e9es ci-dessus pour cela.<\/p>\n<p>&nbsp;<\/p>\n<h4>Quelques \u00e9v\u00e8nemements pass\u00e9s:<\/h4>\n<p>&nbsp;<\/p>\n<p><a href=\"http:\/\/www.en-autarcie.ch\/index.php\/carnets-de-construction\/portes-ouvertes-a-chatillon-quen-pensent-visiteurs-29-08-16\/\" rel=\"attachment wp-att-927\"><img loading=\"lazy\" class=\"alignnone wp-image-927 size-full\" src=\"http:\/\/www.en-autarcie.ch\/wp-content\/uploads\/2015\/09\/Image-portes-ouvertes-27-08-16.png\" alt=\"\" width=\"673\" height=\"151\" srcset=\"https:\/\/www.en-autarcie.ch\/wp-content\/uploads\/2015\/09\/Image-portes-ouvertes-27-08-16.png 673w, https:\/\/www.en-autarcie.ch\/wp-content\/uploads\/2015\/09\/Image-portes-ouvertes-27-08-16-300x67.png 300w\" sizes=\"(max-width: 673px) 100vw, 673px\" \/><\/a><\/p>\n<p>&nbsp;<\/p>\n<p><a href=\"http:\/\/www.en-autarcie.ch\/index.php\/carnets-de-construction\/720-2\/\" rel=\"attachment wp-att-785\"><img loading=\"lazy\" class=\"alignnone wp-image-785 size-full\" src=\"http:\/\/www.en-autarcie.ch\/wp-content\/uploads\/2015\/09\/Portes-ouvertes.png\" alt=\"Portes ouvertes\" width=\"688\" height=\"170\" srcset=\"https:\/\/www.en-autarcie.ch\/wp-content\/uploads\/2015\/09\/Portes-ouvertes.png 688w, https:\/\/www.en-autarcie.ch\/wp-content\/uploads\/2015\/09\/Portes-ouvertes-300x74.png 300w\" sizes=\"(max-width: 688px) 100vw, 688px\" \/><\/a><\/p>\n<p>&nbsp;<\/p>\n<p><a href=\"http:\/\/www.en-autarcie.ch\/index.php\/carnets-de-construction\/premier-coup-de-pelle\/\" rel=\"attachment wp-att-784\"><img loading=\"lazy\" class=\"alignnone wp-image-784 size-full\" src=\"http:\/\/www.en-autarcie.ch\/wp-content\/uploads\/2015\/09\/Coup-de-pelle.png\" alt=\"Coup de pelle\" width=\"684\" height=\"134\" srcset=\"https:\/\/www.en-autarcie.ch\/wp-content\/uploads\/2015\/09\/Coup-de-pelle.png 684w, https:\/\/www.en-autarcie.ch\/wp-content\/uploads\/2015\/09\/Coup-de-pelle-300x59.png 300w\" sizes=\"(max-width: 684px) 100vw, 684px\" \/><\/a><\/p>\n","protected":false},"excerpt":{"rendered":"<p>Afin de faire\u00a0conna\u00eetre les techniques de construction \u00e9cologiques, la maison autarcique de ce projet est utilis\u00e9e comme un outil p\u00e9dagogique \u00e0 travers divers \u00e9v\u00e8nements. S\u00e9minaires, soir\u00e9es d&rsquo;informations et workshops sont organis\u00e9s en parall\u00e8le du chantier. Programme des prochains \u00e9v\u00e8nements: &nbsp; Visites de chantier. Vous avez la possibilit\u00e9 de venir d\u00e9couvrir la maison, ainsi que l&rsquo;avanc\u00e9e [&hellip;]<\/p>\n","protected":false},"author":1,"featured_media":588,"parent":0,"menu_order":0,"comment_status":"closed","ping_status":"closed","template":"","meta":{"ngg_post_thumbnail":0},"yoast_head":"<!-- This site is optimized with the Yoast SEO plugin v20.6 - https:\/\/yoast.com\/wordpress\/plugins\/seo\/ -->\n<title>Ev\u00e8nements et workshops \u00e0 venir. - Maison Autarcique<\/title>\n<meta name=\"robots\" content=\"index, follow, max-snippet:-1, max-image-preview:large, max-video-preview:-1\" \/>\n<link rel=\"canonical\" href=\"https:\/\/www.en-autarcie.ch\/index.php\/evenements\/\" \/>\n<meta property=\"og:locale\" content=\"fr_FR\" \/>\n<meta property=\"og:type\" content=\"article\" \/>\n<meta property=\"og:title\" content=\"Ev\u00e8nements et workshops \u00e0 venir. - Maison Autarcique\" \/>\n<meta property=\"og:description\" content=\"Afin de faire\u00a0conna\u00eetre les techniques de construction \u00e9cologiques, la maison autarcique de ce projet est utilis\u00e9e comme un outil p\u00e9dagogique \u00e0 travers divers \u00e9v\u00e8nements. S\u00e9minaires, soir\u00e9es d&rsquo;informations et workshops sont organis\u00e9s en parall\u00e8le du chantier. Programme des prochains \u00e9v\u00e8nements: &nbsp; Visites de chantier. Vous avez la possibilit\u00e9 de venir d\u00e9couvrir la maison, ainsi que l&rsquo;avanc\u00e9e [&hellip;]\" \/>\n<meta property=\"og:url\" content=\"https:\/\/www.en-autarcie.ch\/index.php\/evenements\/\" \/>\n<meta property=\"og:site_name\" content=\"Maison Autarcique\" \/>\n<meta property=\"article:modified_time\" content=\"2018-08-07T14:44:40+00:00\" \/>\n<meta property=\"og:image\" content=\"https:\/\/www.en-autarcie.ch\/wp-content\/uploads\/2016\/02\/IMG_20160219_144326-1024x576.jpg\" \/>\n\t<meta property=\"og:image:width\" content=\"1024\" \/>\n\t<meta property=\"og:image:height\" content=\"576\" \/>\n\t<meta property=\"og:image:type\" content=\"image\/jpeg\" \/>\n<meta name=\"twitter:card\" content=\"summary_large_image\" \/>\n<meta name=\"twitter:label1\" content=\"Dur\u00e9e de lecture estim\u00e9e\" \/>\n\t<meta name=\"twitter:data1\" content=\"2 minutes\" \/>\n<script type=\"application\/ld+json\" class=\"yoast-schema-graph\">{\"@context\":\"https:\/\/schema.org\",\"@graph\":[{\"@type\":\"WebPage\",\"@id\":\"https:\/\/www.en-autarcie.ch\/index.php\/evenements\/\",\"url\":\"https:\/\/www.en-autarcie.ch\/index.php\/evenements\/\",\"name\":\"Ev\u00e8nements et workshops \u00e0 venir. - Maison Autarcique\",\"isPartOf\":{\"@id\":\"http:\/\/www.en-autarcie.ch\/#website\"},\"datePublished\":\"2015-09-18T17:52:40+00:00\",\"dateModified\":\"2018-08-07T14:44:40+00:00\",\"breadcrumb\":{\"@id\":\"https:\/\/www.en-autarcie.ch\/index.php\/evenements\/#breadcrumb\"},\"inLanguage\":\"fr-FR\",\"potentialAction\":[{\"@type\":\"ReadAction\",\"target\":[\"https:\/\/www.en-autarcie.ch\/index.php\/evenements\/\"]}]},{\"@type\":\"BreadcrumbList\",\"@id\":\"https:\/\/www.en-autarcie.ch\/index.php\/evenements\/#breadcrumb\",\"itemListElement\":[{\"@type\":\"ListItem\",\"position\":1,\"name\":\"Accueil\",\"item\":\"http:\/\/www.en-autarcie.ch\/\"},{\"@type\":\"ListItem\",\"position\":2,\"name\":\"Ev\u00e8nements et workshops \u00e0 venir.\"}]},{\"@type\":\"WebSite\",\"@id\":\"http:\/\/www.en-autarcie.ch\/#website\",\"url\":\"http:\/\/www.en-autarcie.ch\/\",\"name\":\"Maison Autarcique\",\"description\":\"Premi\u00e8re maison autarcique, low-tech et permaculture de Suisse.\",\"potentialAction\":[{\"@type\":\"SearchAction\",\"target\":{\"@type\":\"EntryPoint\",\"urlTemplate\":\"http:\/\/www.en-autarcie.ch\/?s={search_term_string}\"},\"query-input\":\"required name=search_term_string\"}],\"inLanguage\":\"fr-FR\"}]}<\/script>\n<!-- \/ Yoast SEO plugin. -->","yoast_head_json":{"title":"Ev\u00e8nements et workshops \u00e0 venir. - Maison Autarcique","robots":{"index":"index","follow":"follow","max-snippet":"max-snippet:-1","max-image-preview":"max-image-preview:large","max-video-preview":"max-video-preview:-1"},"canonical":"https:\/\/www.en-autarcie.ch\/index.php\/evenements\/","og_locale":"fr_FR","og_type":"article","og_title":"Ev\u00e8nements et workshops \u00e0 venir. - Maison Autarcique","og_description":"Afin de faire\u00a0conna\u00eetre les techniques de construction \u00e9cologiques, la maison autarcique de ce projet est utilis\u00e9e comme un outil p\u00e9dagogique \u00e0 travers divers \u00e9v\u00e8nements. S\u00e9minaires, soir\u00e9es d&rsquo;informations et workshops sont organis\u00e9s en parall\u00e8le du chantier. Programme des prochains \u00e9v\u00e8nements: &nbsp; Visites de chantier. Vous avez la possibilit\u00e9 de venir d\u00e9couvrir la maison, ainsi que l&rsquo;avanc\u00e9e [&hellip;]","og_url":"https:\/\/www.en-autarcie.ch\/index.php\/evenements\/","og_site_name":"Maison Autarcique","article_modified_time":"2018-08-07T14:44:40+00:00","og_image":[{"width":1024,"height":576,"url":"https:\/\/www.en-autarcie.ch\/wp-content\/uploads\/2016\/02\/IMG_20160219_144326-1024x576.jpg","type":"image\/jpeg"}],"twitter_card":"summary_large_image","twitter_misc":{"Dur\u00e9e de lecture estim\u00e9e":"2 minutes"},"schema":{"@context":"https:\/\/schema.org","@graph":[{"@type":"WebPage","@id":"https:\/\/www.en-autarcie.ch\/index.php\/evenements\/","url":"https:\/\/www.en-autarcie.ch\/index.php\/evenements\/","name":"Ev\u00e8nements et workshops \u00e0 venir. - Maison Autarcique","isPartOf":{"@id":"http:\/\/www.en-autarcie.ch\/#website"},"datePublished":"2015-09-18T17:52:40+00:00","dateModified":"2018-08-07T14:44:40+00:00","breadcrumb":{"@id":"https:\/\/www.en-autarcie.ch\/index.php\/evenements\/#breadcrumb"},"inLanguage":"fr-FR","potentialAction":[{"@type":"ReadAction","target":["https:\/\/www.en-autarcie.ch\/index.php\/evenements\/"]}]},{"@type":"BreadcrumbList","@id":"https:\/\/www.en-autarcie.ch\/index.php\/evenements\/#breadcrumb","itemListElement":[{"@type":"ListItem","position":1,"name":"Accueil","item":"http:\/\/www.en-autarcie.ch\/"},{"@type":"ListItem","position":2,"name":"Ev\u00e8nements et workshops \u00e0 venir."}]},{"@type":"WebSite","@id":"http:\/\/www.en-autarcie.ch\/#website","url":"http:\/\/www.en-autarcie.ch\/","name":"Maison Autarcique","description":"Premi\u00e8re maison autarcique, low-tech et permaculture de Suisse.","potentialAction":[{"@type":"SearchAction","target":{"@type":"EntryPoint","urlTemplate":"http:\/\/www.en-autarcie.ch\/?s={search_term_string}"},"query-input":"required name=search_term_string"}],"inLanguage":"fr-FR"}]}},"_links":{"self":[{"href":"https:\/\/www.en-autarcie.ch\/index.php\/wp-json\/wp\/v2\/pages\/20"}],"collection":[{"href":"https:\/\/www.en-autarcie.ch\/index.php\/wp-json\/wp\/v2\/pages"}],"about":[{"href":"https:\/\/www.en-autarcie.ch\/index.php\/wp-json\/wp\/v2\/types\/page"}],"author":[{"embeddable":true,"href":"https:\/\/www.en-autarcie.ch\/index.php\/wp-json\/wp\/v2\/users\/1"}],"replies":[{"embeddable":true,"href":"https:\/\/www.en-autarcie.ch\/index.php\/wp-json\/wp\/v2\/comments?post=20"}],"version-history":[{"count":65,"href":"https:\/\/www.en-autarcie.ch\/index.php\/wp-json\/wp\/v2\/pages\/20\/revisions"}],"predecessor-version":[{"id":1062,"href":"https:\/\/www.en-autarcie.ch\/index.php\/wp-json\/wp\/v2\/pages\/20\/revisions\/1062"}],"wp:featuredmedia":[{"embeddable":true,"href":"https:\/\/www.en-autarcie.ch\/index.php\/wp-json\/wp\/v2\/media\/588"}],"wp:attachment":[{"href":"https:\/\/www.en-autarcie.ch\/index.php\/wp-json\/wp\/v2\/media?parent=20"}],"curies":[{"name":"wp","href":"https:\/\/api.w.org\/{rel}","templated":true}]}}