{"id":313,"date":"2015-10-03T22:00:34","date_gmt":"2015-10-03T21:00:34","guid":{"rendered":"http:\/\/www.en-autarcie.ch\/?page_id=313"},"modified":"2016-01-31T19:07:24","modified_gmt":"2016-01-31T18:07:24","slug":"recolte-de-la-paille-juillet-2015","status":"publish","type":"page","link":"https:\/\/www.en-autarcie.ch\/index.php\/carnets-de-construction\/recolte-de-la-paille-juillet-2015\/","title":{"rendered":"R\u00e9colte de la paille &#8211; juillet 2015"},"content":{"rendered":"<div class=\"fcbkbttn_buttons_block\" id=\"fcbkbttn_left\"><div class=\"fcbkbttn_button\">\n\t\t\t\t\t<a href=\"https:\/\/www.facebook.com\/\" target=\"_blank\">\n\t\t\t\t\t\t<img src=\"https:\/\/www.en-autarcie.ch\/wp-content\/plugins\/facebook-button-plugin\/images\/standard-facebook-ico.png\" alt=\"Fb-Button\" \/>\n\t\t\t\t\t<\/a>\n\t\t\t\t<\/div><div class=\"fcbkbttn_like \"><fb:like href=\"https:\/\/www.en-autarcie.ch\/index.php\/carnets-de-construction\/recolte-de-la-paille-juillet-2015\/\" action=\"like\" colorscheme=\"light\" layout=\"standard\"  width=\"225px\" size=\"small\"><\/fb:like><\/div><\/div><h4>900 bottes de paille r\u00e9colt\u00e9es!<\/h4>\n<p>\u00ab\u00a0L\u00e0, je dois avouer que c\u2019est un peu dur\u00a0\u00bb l\u00e2che Fr\u00e9dy Anken en lan\u00e7ant une botte de paille de 25 kg sur sa charrette bond\u00e9e. La cinquantaine, mais une musculature qui laisse trahir une vie dans les champs, cet agriculteur vaudois de la commune de Molondin n\u2019a pourtant pas l\u2019air d\u2019\u00eatre du genre \u00e0 se plaindre. S&rsquo;il l\u00e2che ce petit soupire, c&rsquo;est probablement car la saison de la r\u00e9colte d\u2019orge touche \u00e0 sa fin.<\/p>\n<p><a href=\"http:\/\/www.en-autarcie.ch\/wp-content\/uploads\/2015\/10\/DSC_5012.jpg\"><img loading=\"lazy\" class=\"aligncenter size-large wp-image-320\" src=\"http:\/\/www.en-autarcie.ch\/wp-content\/uploads\/2015\/10\/DSC_5012-1024x678.jpg\" alt=\"DSC_5012\" width=\"718\" height=\"475\" srcset=\"https:\/\/www.en-autarcie.ch\/wp-content\/uploads\/2015\/10\/DSC_5012-1024x678.jpg 1024w, https:\/\/www.en-autarcie.ch\/wp-content\/uploads\/2015\/10\/DSC_5012-300x199.jpg 300w\" sizes=\"(max-width: 718px) 100vw, 718px\" \/><\/a> <a href=\"http:\/\/www.en-autarcie.ch\/wp-content\/uploads\/2015\/10\/DSC_4998.jpg\"><br \/>\n<\/a>Au milieu de la canicule de juillet &#8211; apr\u00e8s pr\u00e8s de trois semaines de s\u00e8cheresse &#8211; le balai des moissonneusses batteuses et des tracteurs offre un joli spectacle. \u00ab\u00a0C\u2019est qu\u2019avec cette temp\u00e9rature et ce soleil, le bl\u00e9\u00a0m\u00fbrit bien plus vite que d\u2019habitude\u00a0\u00bb poursuit sa compagne Marianne Jeanmonod, qui conduit le tracteur devant la botteleuse. Derri\u00e8re elle, des brumes de terre s\u00e8che soulev\u00e9es par les machines compl\u00e8tent le spectacle. Des conditions qui paraissent contraignantes pour la nature et les hommes, mais qui sont pourtant id\u00e9ales pour la r\u00e9colte de la\u00a0paille de construction. Pour jouer son r\u00f4le dans les murs d&rsquo;une maison, celle-ci doit en effet\u00a0\u00eatre s\u00e8che, fortement compact\u00e9e et tr\u00e8s propre. Cela n\u00e9cessite donc une r\u00e9colte lors de longues p\u00e9riodes sans pluie.<\/p>\n<p>En fin de journ\u00e9e, c&rsquo;est \u00e0 l&rsquo;int\u00e9rieur de la ferme que Corinne D\u00e9costerd et Marc Muller, les porteurs de projets de cette maison pilote, n\u00e9gocient le prix de la livraison. Autour de la table de la cuisine, un sirop \u00e0 la main, la vente se conclut \u00e0 5 Frs la botte pour 22 tonnes de paille. Un prix relativement faible pour la construction, mais correspondant au march\u00e9 de la paille.<\/p>\n<p>Cette\u00a0petite pause marchande termin\u00e9e, le couple d&rsquo;agriculteurs\u00a0retourne au travail pour d\u00e9charger les bottes. Celles-ci s\u00e9journeront six mois\u00a0dans la grange de Molondin, le temps de constuire les fondations de la maison. \u00ab\u00a0\u00e7a peut\u00a0rester chez moi l&rsquo;hiver au sec sans probl\u00e8me, la paille \u00e7a ne mange pas de foin\u00a0\u00bb, conclut Monsieur Anken!<\/p>\n\n\t\t<style type=\"text\/css\">\n\t\t\t#gallery-1 {\n\t\t\t\tmargin: auto;\n\t\t\t}\n\t\t\t#gallery-1 .gallery-item {\n\t\t\t\tfloat: left;\n\t\t\t\tmargin-top: 10px;\n\t\t\t\ttext-align: center;\n\t\t\t\twidth: 50%;\n\t\t\t}\n\t\t\t#gallery-1 img {\n\t\t\t\tborder: 2px solid #cfcfcf;\n\t\t\t}\n\t\t\t#gallery-1 .gallery-caption {\n\t\t\t\tmargin-left: 0;\n\t\t\t}\n\t\t\t\/* see gallery_shortcode() in wp-includes\/media.php *\/\n\t\t<\/style>\n\t\t<div id='gallery-1' class='gallery galleryid-313 gallery-columns-2 gallery-size-medium'><dl class='gallery-item'>\n\t\t\t<dt class='gallery-icon landscape'>\n\t\t\t\t<img width=\"300\" height=\"199\" src=\"https:\/\/www.en-autarcie.ch\/wp-content\/uploads\/2015\/10\/DSC_5042-300x199.jpg\" class=\"attachment-medium size-medium\" alt=\"\" loading=\"lazy\" srcset=\"https:\/\/www.en-autarcie.ch\/wp-content\/uploads\/2015\/10\/DSC_5042-300x199.jpg 300w, https:\/\/www.en-autarcie.ch\/wp-content\/uploads\/2015\/10\/DSC_5042-1024x678.jpg 1024w\" sizes=\"(max-width: 300px) 100vw, 300px\" \/>\n\t\t\t<\/dt><\/dl><dl class='gallery-item'>\n\t\t\t<dt class='gallery-icon landscape'>\n\t\t\t\t<img width=\"300\" height=\"199\" src=\"https:\/\/www.en-autarcie.ch\/wp-content\/uploads\/2015\/10\/DSC_5026-300x199.jpg\" class=\"attachment-medium size-medium\" alt=\"\" loading=\"lazy\" srcset=\"https:\/\/www.en-autarcie.ch\/wp-content\/uploads\/2015\/10\/DSC_5026-300x199.jpg 300w, https:\/\/www.en-autarcie.ch\/wp-content\/uploads\/2015\/10\/DSC_5026-1024x678.jpg 1024w\" sizes=\"(max-width: 300px) 100vw, 300px\" \/>\n\t\t\t<\/dt><\/dl><br style=\"clear: both\" \/><dl class='gallery-item'>\n\t\t\t<dt class='gallery-icon landscape'>\n\t\t\t\t<img width=\"300\" height=\"199\" src=\"https:\/\/www.en-autarcie.ch\/wp-content\/uploads\/2015\/09\/Fond-paille-300x199.jpg\" class=\"attachment-medium size-medium\" alt=\"\" loading=\"lazy\" srcset=\"https:\/\/www.en-autarcie.ch\/wp-content\/uploads\/2015\/09\/Fond-paille-300x199.jpg 300w, https:\/\/www.en-autarcie.ch\/wp-content\/uploads\/2015\/09\/Fond-paille-1024x678.jpg 1024w, https:\/\/www.en-autarcie.ch\/wp-content\/uploads\/2015\/09\/Fond-paille-e1443122865319.jpg 2000w\" sizes=\"(max-width: 300px) 100vw, 300px\" \/>\n\t\t\t<\/dt><\/dl><dl class='gallery-item'>\n\t\t\t<dt class='gallery-icon landscape'>\n\t\t\t\t<img width=\"300\" height=\"199\" src=\"https:\/\/www.en-autarcie.ch\/wp-content\/uploads\/2015\/10\/DSC_5018-300x199.jpg\" class=\"attachment-medium size-medium\" alt=\"\" loading=\"lazy\" srcset=\"https:\/\/www.en-autarcie.ch\/wp-content\/uploads\/2015\/10\/DSC_5018-300x199.jpg 300w, https:\/\/www.en-autarcie.ch\/wp-content\/uploads\/2015\/10\/DSC_5018-1024x678.jpg 1024w\" sizes=\"(max-width: 300px) 100vw, 300px\" \/>\n\t\t\t<\/dt><\/dl><br style=\"clear: both\" \/><dl class='gallery-item'>\n\t\t\t<dt class='gallery-icon landscape'>\n\t\t\t\t<img width=\"300\" height=\"199\" src=\"https:\/\/www.en-autarcie.ch\/wp-content\/uploads\/2015\/10\/DSC_4998-300x199.jpg\" class=\"attachment-medium size-medium\" alt=\"\" loading=\"lazy\" srcset=\"https:\/\/www.en-autarcie.ch\/wp-content\/uploads\/2015\/10\/DSC_4998-300x199.jpg 300w, https:\/\/www.en-autarcie.ch\/wp-content\/uploads\/2015\/10\/DSC_4998-1024x678.jpg 1024w\" sizes=\"(max-width: 300px) 100vw, 300px\" \/>\n\t\t\t<\/dt><\/dl><dl class='gallery-item'>\n\t\t\t<dt class='gallery-icon landscape'>\n\t\t\t\t<img width=\"300\" height=\"199\" src=\"https:\/\/www.en-autarcie.ch\/wp-content\/uploads\/2015\/09\/DSC_5047-300x199.jpg\" class=\"attachment-medium size-medium\" alt=\"\" loading=\"lazy\" srcset=\"https:\/\/www.en-autarcie.ch\/wp-content\/uploads\/2015\/09\/DSC_5047-300x199.jpg 300w, https:\/\/www.en-autarcie.ch\/wp-content\/uploads\/2015\/09\/DSC_5047-1024x678.jpg 1024w\" sizes=\"(max-width: 300px) 100vw, 300px\" \/>\n\t\t\t<\/dt><\/dl><br style=\"clear: both\" \/>\n\t\t<\/div>\n\n<p>&nbsp;<\/p>\n<h4>Recherche de paille pour la construction, pas si facile\u00a0:<\/h4>\n<p>&nbsp;<\/p>\n<p><strong>www.en-autarcie.ch\u00a0: Pourquoi avoir choisi de construire une maison\u00a0en paille\u00a0?<\/strong><\/p>\n<p><strong><em><a href=\"http:\/\/www.en-autarcie.ch\/wp-content\/uploads\/2015\/10\/Portrait-Marc.png\"><img loading=\"lazy\" class=\"alignleft wp-image-314 size-full\" src=\"http:\/\/www.en-autarcie.ch\/wp-content\/uploads\/2015\/10\/Portrait-Marc-e1443906001171.png\" alt=\"Portrait Marc Muller\" width=\"136\" height=\"200\" \/><\/a><\/em>Marc Muller, co-initiateur du projet<\/strong>: La paille est un super mat\u00e9riau au niveau de ses propri\u00e9t\u00e9s isolantes. Et surtout c\u2019est 100% local, 100% renouvelable et un beau produit \u00e0 travailler. C\u2019est aussi une fa\u00e7on de soutenir l\u2019agriculture qui est actuellement dans une situation difficile. Enfin, compar\u00e9 \u00e0 un autre isolant, c\u2019est presque 3x moins cher.<\/p>\n<p>&nbsp;<\/p>\n<p><strong>Est-ce facile de trouver de la paille de construction?<\/strong><\/p>\n<p><strong><em>\u00a0<\/em><\/strong>Non, c\u2019est difficile. Premi\u00e8rement car il n\u2019y a aucune fili\u00e8re professionnelle pour la construction paille en Suisse. Deuxi\u00e8mement car pour ce type de construction, il faut en g\u00e9n\u00e9ral des bottes de 40x50cm et 1m de long. Or les botteleuses actuelles \u2013 ndlr\u00a0: les machines qui fabriquent les bottes \u2013 produisent des bottes de 80x120cm ou alors des bottes rondes de 2m. C&rsquo;est nettement trop grand et trop lourd. Il faut donc trouver l\u2019agriculteur qui a encore une ancienne botteleuse dans la grange\u00a0!<\/p>\n<p>Et enfin, il est pr\u00e9f\u00e9rable de les acheter 6 mois \u00e0 l\u2019avance afin d\u2019\u00eatre certain de conna\u00eetre les dimensions exactes. Chaque botteleuse est diff\u00e9rente et produit de l\u00e9g\u00e8res variations. Une fois les dimensions des\u00a0bottes connues, il est possible d&rsquo;adapter la structure en bois de la maison&#8230; sur les plans.<\/p>\n<p>&nbsp;<\/p>\n<p><strong>De\u00a0quoi faut-il tenir compte pour choisir ses bottes\u00a0?<\/strong><\/p>\n<p>Elles doivent \u00eatre tr\u00e8s proprement compact\u00e9es, bien stock\u00e9es et tr\u00e8s s\u00e8ches. S\u2019il reste quelques graines dedans, ce n\u2019est pas tr\u00e8s grave. L\u2019essentiel, c\u2019est qu\u2019elles aient une belle forme rectangulaire afin que leur mise en place sur le chantier soit simple et rapide.<\/p>\n<p>Vu que pratiquement aucune information n\u2019est disponible en Suisse \u00e0 ce sujet, c\u2019est gr\u00e2ce au r\u00e9seau des constructeurs en paille de France que nous avons pu acqu\u00e9rir les connaissances\u00a0nous permettant de choisir de bonnes bottes.<\/p>\n<p>&nbsp;<\/p>\n<h4>Liens utiles pour la construction paille:<\/h4>\n<ul>\n<li>Vid\u00e9o de la r\u00e9gion Rh\u00f4ne-Alpes sur la construction paille:\u00a0<a href=\"https:\/\/www.youtube.com\/watch?v=FCD9wWh8-C4\">https:\/\/www.youtube.com\/watch?v=FCD9wWh8-C4\u00a0<\/a><\/li>\n<li>Schmidt Architektur, sp\u00e9cialiste de la construction paille dans les grisons:\u00a0<a href=\"http:\/\/www.atelierwernerschmidt.ch\">www.atelierwernerschmidt.ch<\/a><\/li>\n<li>R\u00e9seau fran\u00e7ais de la construction paille:\u00a0<a href=\"http:\/\/www.rfcp.fr\">www.rfcp.fr<\/a><\/li>\n<\/ul>\n<p>&nbsp;<\/p>\n<p>&nbsp;<\/p>\n","protected":false},"excerpt":{"rendered":"<p>900 bottes de paille r\u00e9colt\u00e9es! \u00ab\u00a0L\u00e0, je dois avouer que c\u2019est un peu dur\u00a0\u00bb l\u00e2che Fr\u00e9dy Anken en lan\u00e7ant une botte de paille de 25 kg sur sa charrette bond\u00e9e. La cinquantaine, mais une musculature qui laisse trahir une vie dans les champs, cet agriculteur vaudois de la commune de Molondin n\u2019a pourtant pas l\u2019air [&hellip;]<\/p>\n","protected":false},"author":2,"featured_media":321,"parent":16,"menu_order":96,"comment_status":"open","ping_status":"closed","template":"","meta":{"ngg_post_thumbnail":0},"yoast_head":"<!-- This site is optimized with the Yoast SEO plugin v20.6 - https:\/\/yoast.com\/wordpress\/plugins\/seo\/ -->\n<title>R\u00e9colte de la paille - juillet 2015 - Maison Autarcique<\/title>\n<meta name=\"description\" content=\"900 bottes de paille r\u00e9colt\u00e9es pour la maison autarcique.\" \/>\n<meta name=\"robots\" content=\"index, follow, max-snippet:-1, max-image-preview:large, max-video-preview:-1\" \/>\n<link rel=\"canonical\" href=\"https:\/\/www.en-autarcie.ch\/index.php\/carnets-de-construction\/recolte-de-la-paille-juillet-2015\/\" \/>\n<meta property=\"og:locale\" content=\"fr_FR\" \/>\n<meta property=\"og:type\" content=\"article\" \/>\n<meta property=\"og:title\" content=\"R\u00e9colte de la paille - juillet 2015 - Maison Autarcique\" \/>\n<meta property=\"og:description\" content=\"900 bottes de paille r\u00e9colt\u00e9es pour la maison autarcique.\" \/>\n<meta property=\"og:url\" content=\"https:\/\/www.en-autarcie.ch\/index.php\/carnets-de-construction\/recolte-de-la-paille-juillet-2015\/\" \/>\n<meta property=\"og:site_name\" content=\"Maison Autarcique\" \/>\n<meta property=\"article:modified_time\" content=\"2016-01-31T18:07:24+00:00\" \/>\n<meta property=\"og:image\" content=\"https:\/\/www.en-autarcie.ch\/wp-content\/uploads\/2015\/10\/DSC_4998.jpg\" \/>\n\t<meta property=\"og:image:width\" content=\"2464\" \/>\n\t<meta property=\"og:image:height\" content=\"1632\" \/>\n\t<meta property=\"og:image:type\" content=\"image\/jpeg\" \/>\n<meta name=\"twitter:card\" content=\"summary_large_image\" \/>\n<meta name=\"twitter:label1\" content=\"Dur\u00e9e de lecture estim\u00e9e\" \/>\n\t<meta name=\"twitter:data1\" content=\"4 minutes\" \/>\n<script type=\"application\/ld+json\" class=\"yoast-schema-graph\">{\"@context\":\"https:\/\/schema.org\",\"@graph\":[{\"@type\":\"WebPage\",\"@id\":\"https:\/\/www.en-autarcie.ch\/index.php\/carnets-de-construction\/recolte-de-la-paille-juillet-2015\/\",\"url\":\"https:\/\/www.en-autarcie.ch\/index.php\/carnets-de-construction\/recolte-de-la-paille-juillet-2015\/\",\"name\":\"R\u00e9colte de la paille - juillet 2015 - Maison Autarcique\",\"isPartOf\":{\"@id\":\"http:\/\/www.en-autarcie.ch\/#website\"},\"datePublished\":\"2015-10-03T21:00:34+00:00\",\"dateModified\":\"2016-01-31T18:07:24+00:00\",\"description\":\"900 bottes de paille r\u00e9colt\u00e9es pour la maison autarcique.\",\"breadcrumb\":{\"@id\":\"https:\/\/www.en-autarcie.ch\/index.php\/carnets-de-construction\/recolte-de-la-paille-juillet-2015\/#breadcrumb\"},\"inLanguage\":\"fr-FR\",\"potentialAction\":[{\"@type\":\"ReadAction\",\"target\":[\"https:\/\/www.en-autarcie.ch\/index.php\/carnets-de-construction\/recolte-de-la-paille-juillet-2015\/\"]}]},{\"@type\":\"BreadcrumbList\",\"@id\":\"https:\/\/www.en-autarcie.ch\/index.php\/carnets-de-construction\/recolte-de-la-paille-juillet-2015\/#breadcrumb\",\"itemListElement\":[{\"@type\":\"ListItem\",\"position\":1,\"name\":\"Accueil\",\"item\":\"http:\/\/www.en-autarcie.ch\/\"},{\"@type\":\"ListItem\",\"position\":2,\"name\":\"Carnets de construction\",\"item\":\"http:\/\/www.en-autarcie.ch\/index.php\/carnets-de-construction\/\"},{\"@type\":\"ListItem\",\"position\":3,\"name\":\"R\u00e9colte de la paille &#8211; juillet 2015\"}]},{\"@type\":\"WebSite\",\"@id\":\"http:\/\/www.en-autarcie.ch\/#website\",\"url\":\"http:\/\/www.en-autarcie.ch\/\",\"name\":\"Maison Autarcique\",\"description\":\"Premi\u00e8re maison autarcique, low-tech et permaculture de Suisse.\",\"potentialAction\":[{\"@type\":\"SearchAction\",\"target\":{\"@type\":\"EntryPoint\",\"urlTemplate\":\"http:\/\/www.en-autarcie.ch\/?s={search_term_string}\"},\"query-input\":\"required name=search_term_string\"}],\"inLanguage\":\"fr-FR\"}]}<\/script>\n<!-- \/ Yoast SEO plugin. -->","yoast_head_json":{"title":"R\u00e9colte de la paille - juillet 2015 - Maison Autarcique","description":"900 bottes de paille r\u00e9colt\u00e9es pour la maison autarcique.","robots":{"index":"index","follow":"follow","max-snippet":"max-snippet:-1","max-image-preview":"max-image-preview:large","max-video-preview":"max-video-preview:-1"},"canonical":"https:\/\/www.en-autarcie.ch\/index.php\/carnets-de-construction\/recolte-de-la-paille-juillet-2015\/","og_locale":"fr_FR","og_type":"article","og_title":"R\u00e9colte de la paille - juillet 2015 - Maison Autarcique","og_description":"900 bottes de paille r\u00e9colt\u00e9es pour la maison autarcique.","og_url":"https:\/\/www.en-autarcie.ch\/index.php\/carnets-de-construction\/recolte-de-la-paille-juillet-2015\/","og_site_name":"Maison Autarcique","article_modified_time":"2016-01-31T18:07:24+00:00","og_image":[{"width":2464,"height":1632,"url":"https:\/\/www.en-autarcie.ch\/wp-content\/uploads\/2015\/10\/DSC_4998.jpg","type":"image\/jpeg"}],"twitter_card":"summary_large_image","twitter_misc":{"Dur\u00e9e de lecture estim\u00e9e":"4 minutes"},"schema":{"@context":"https:\/\/schema.org","@graph":[{"@type":"WebPage","@id":"https:\/\/www.en-autarcie.ch\/index.php\/carnets-de-construction\/recolte-de-la-paille-juillet-2015\/","url":"https:\/\/www.en-autarcie.ch\/index.php\/carnets-de-construction\/recolte-de-la-paille-juillet-2015\/","name":"R\u00e9colte de la paille - juillet 2015 - Maison Autarcique","isPartOf":{"@id":"http:\/\/www.en-autarcie.ch\/#website"},"datePublished":"2015-10-03T21:00:34+00:00","dateModified":"2016-01-31T18:07:24+00:00","description":"900 bottes de paille r\u00e9colt\u00e9es pour la maison autarcique.","breadcrumb":{"@id":"https:\/\/www.en-autarcie.ch\/index.php\/carnets-de-construction\/recolte-de-la-paille-juillet-2015\/#breadcrumb"},"inLanguage":"fr-FR","potentialAction":[{"@type":"ReadAction","target":["https:\/\/www.en-autarcie.ch\/index.php\/carnets-de-construction\/recolte-de-la-paille-juillet-2015\/"]}]},{"@type":"BreadcrumbList","@id":"https:\/\/www.en-autarcie.ch\/index.php\/carnets-de-construction\/recolte-de-la-paille-juillet-2015\/#breadcrumb","itemListElement":[{"@type":"ListItem","position":1,"name":"Accueil","item":"http:\/\/www.en-autarcie.ch\/"},{"@type":"ListItem","position":2,"name":"Carnets de construction","item":"http:\/\/www.en-autarcie.ch\/index.php\/carnets-de-construction\/"},{"@type":"ListItem","position":3,"name":"R\u00e9colte de la paille &#8211; juillet 2015"}]},{"@type":"WebSite","@id":"http:\/\/www.en-autarcie.ch\/#website","url":"http:\/\/www.en-autarcie.ch\/","name":"Maison Autarcique","description":"Premi\u00e8re maison autarcique, low-tech et permaculture de Suisse.","potentialAction":[{"@type":"SearchAction","target":{"@type":"EntryPoint","urlTemplate":"http:\/\/www.en-autarcie.ch\/?s={search_term_string}"},"query-input":"required name=search_term_string"}],"inLanguage":"fr-FR"}]}},"_links":{"self":[{"href":"https:\/\/www.en-autarcie.ch\/index.php\/wp-json\/wp\/v2\/pages\/313"}],"collection":[{"href":"https:\/\/www.en-autarcie.ch\/index.php\/wp-json\/wp\/v2\/pages"}],"about":[{"href":"https:\/\/www.en-autarcie.ch\/index.php\/wp-json\/wp\/v2\/types\/page"}],"author":[{"embeddable":true,"href":"https:\/\/www.en-autarcie.ch\/index.php\/wp-json\/wp\/v2\/users\/2"}],"replies":[{"embeddable":true,"href":"https:\/\/www.en-autarcie.ch\/index.php\/wp-json\/wp\/v2\/comments?post=313"}],"version-history":[{"count":16,"href":"https:\/\/www.en-autarcie.ch\/index.php\/wp-json\/wp\/v2\/pages\/313\/revisions"}],"predecessor-version":[{"id":507,"href":"https:\/\/www.en-autarcie.ch\/index.php\/wp-json\/wp\/v2\/pages\/313\/revisions\/507"}],"up":[{"embeddable":true,"href":"https:\/\/www.en-autarcie.ch\/index.php\/wp-json\/wp\/v2\/pages\/16"}],"wp:featuredmedia":[{"embeddable":true,"href":"https:\/\/www.en-autarcie.ch\/index.php\/wp-json\/wp\/v2\/media\/321"}],"wp:attachment":[{"href":"https:\/\/www.en-autarcie.ch\/index.php\/wp-json\/wp\/v2\/media?parent=313"}],"curies":[{"name":"wp","href":"https:\/\/api.w.org\/{rel}","templated":true}]}}