{"id":612,"date":"2016-02-29T18:36:27","date_gmt":"2016-02-29T17:36:27","guid":{"rendered":"http:\/\/www.en-autarcie.ch\/?page_id=612"},"modified":"2017-02-12T20:28:04","modified_gmt":"2017-02-12T19:28:04","slug":"medias-et-publications-mediatiques","status":"publish","type":"page","link":"https:\/\/www.en-autarcie.ch\/index.php\/medias-et-publications-mediatiques\/","title":{"rendered":"M\u00e9dias et parutions m\u00e9diatiques"},"content":{"rendered":"<div class=\"fcbkbttn_buttons_block\" id=\"fcbkbttn_left\"><div class=\"fcbkbttn_button\">\n\t\t\t\t\t<a href=\"https:\/\/www.facebook.com\/\" target=\"_blank\">\n\t\t\t\t\t\t<img src=\"https:\/\/www.en-autarcie.ch\/wp-content\/plugins\/facebook-button-plugin\/images\/standard-facebook-ico.png\" alt=\"Fb-Button\" \/>\n\t\t\t\t\t<\/a>\n\t\t\t\t<\/div><div class=\"fcbkbttn_like \"><fb:like href=\"https:\/\/www.en-autarcie.ch\/index.php\/medias-et-publications-mediatiques\/\" action=\"like\" colorscheme=\"light\" layout=\"standard\"  width=\"225px\" size=\"small\"><\/fb:like><\/div><\/div><h4>Bienvenue sur l&rsquo;espace m\u00e9dia du projet En Autarcie.<\/h4>\n<p>Sur cette page vous trouvez les derniers articles de presses parus ou diffus\u00e9s concernant le projet En Autarcie.<\/p>\n<p><a href=\"http:\/\/www.en-autarcie.ch\/wp-content\/uploads\/2016\/02\/Interview-RTS.png\"><img loading=\"lazy\" class=\"size-full wp-image-630 alignnone\" src=\"http:\/\/www.en-autarcie.ch\/wp-content\/uploads\/2016\/02\/Interview-RTS.png\" alt=\"Interview RTS\" width=\"958\" height=\"718\" srcset=\"https:\/\/www.en-autarcie.ch\/wp-content\/uploads\/2016\/02\/Interview-RTS.png 958w, https:\/\/www.en-autarcie.ch\/wp-content\/uploads\/2016\/02\/Interview-RTS-300x225.png 300w\" sizes=\"(max-width: 958px) 100vw, 958px\" \/><\/a><\/p>\n<p><em>Interview de la RTS au 1er \u00e9tage de la maison autarcique. De gauche \u00e0 droite: Marc Muller, Corinne D\u00e9costerd, Carole Pontet, Nathaniel Michel.<\/em><\/p>\n<p>&nbsp;<\/p>\n<h4>Article de m\u00e9dias parus r\u00e9cemment:<\/h4>\n<h4 style=\"text-align: left;\"><\/h4>\n<h4 style=\"text-align: left;\"><a href=\"http:\/\/www.en-autarcie.ch\/index.php\/carnets-de-construction\/reportage-tv-marc-muller-vit-maison-autarcique-rts-10-02-17\/\" rel=\"attachment wp-att-1012\"><img loading=\"lazy\" class=\"alignnone wp-image-1012 size-full\" src=\"http:\/\/www.en-autarcie.ch\/wp-content\/uploads\/2016\/02\/Image-RTS-10-02-17.png\" alt=\"Image RTS 10 02 17\" width=\"677\" height=\"127\" srcset=\"https:\/\/www.en-autarcie.ch\/wp-content\/uploads\/2016\/02\/Image-RTS-10-02-17.png 677w, https:\/\/www.en-autarcie.ch\/wp-content\/uploads\/2016\/02\/Image-RTS-10-02-17-300x56.png 300w\" sizes=\"(max-width: 677px) 100vw, 677px\" \/><\/a><\/h4>\n<h4 style=\"text-align: left;\"><\/h4>\n<h4 style=\"text-align: left;\"><a href=\"http:\/\/www.en-autarcie.ch\/index.php\/carnets-de-construction\/article-de-presse-maison-autarcique-passe-reve-a-realite-24-heures-10-01-17\/\"><img loading=\"lazy\" class=\"alignnone wp-image-1011 size-full\" src=\"http:\/\/www.en-autarcie.ch\/wp-content\/uploads\/2016\/02\/Image-24heures-10-01-17.png\" alt=\"Image 24heures 10 01 17\" width=\"672\" height=\"135\" srcset=\"https:\/\/www.en-autarcie.ch\/wp-content\/uploads\/2016\/02\/Image-24heures-10-01-17.png 672w, https:\/\/www.en-autarcie.ch\/wp-content\/uploads\/2016\/02\/Image-24heures-10-01-17-300x60.png 300w\" sizes=\"(max-width: 672px) 100vw, 672px\" \/><\/a><\/h4>\n<h4><\/h4>\n<h4><a href=\"http:\/\/www.en-autarcie.ch\/index.php\/carnets-de-construction\/reportage-rts-10-04-16\/\" rel=\"attachment wp-att-756\"><img loading=\"lazy\" class=\"alignnone wp-image-756 size-full\" src=\"http:\/\/www.en-autarcie.ch\/wp-content\/uploads\/2016\/02\/Image-carnet-TV.png\" alt=\"Image carnet TV\" width=\"676\" height=\"138\" srcset=\"https:\/\/www.en-autarcie.ch\/wp-content\/uploads\/2016\/02\/Image-carnet-TV.png 676w, https:\/\/www.en-autarcie.ch\/wp-content\/uploads\/2016\/02\/Image-carnet-TV-300x61.png 300w\" sizes=\"(max-width: 676px) 100vw, 676px\" \/><\/a><\/h4>\n<p>&nbsp;<\/p>\n<p><a href=\"http:\/\/www.en-autarcie.ch\/index.php\/carnets-de-construction\/reportage-tv-les-maisons-autonomes-sur-le-plan-de-lenergie-se-multiplient-rts-26-02-16\/\"><img loading=\"lazy\" class=\"alignnone wp-image-645 size-full\" src=\"http:\/\/www.en-autarcie.ch\/wp-content\/uploads\/2016\/02\/Reportage-RTS-m\u00e9dias-pt.png\" alt=\"Reportage RTS - m\u00e9dias pt\" width=\"672\" height=\"137\" srcset=\"https:\/\/www.en-autarcie.ch\/wp-content\/uploads\/2016\/02\/Reportage-RTS-m\u00e9dias-pt.png 672w, https:\/\/www.en-autarcie.ch\/wp-content\/uploads\/2016\/02\/Reportage-RTS-m\u00e9dias-pt-300x61.png 300w\" sizes=\"(max-width: 672px) 100vw, 672px\" \/><\/a><\/p>\n<p>&nbsp;<\/p>\n<p><a href=\"http:\/\/www.en-autarcie.ch\/index.php\/carnets-de-construction\/article-de-presse-maison-autarcique-dans-la-broye-efficience21-decembre-2015\/\"><img loading=\"lazy\" class=\"wp-image-621 size-full alignnone\" src=\"http:\/\/www.en-autarcie.ch\/wp-content\/uploads\/2016\/02\/Article-Efficience21-m\u00e9dias-pt.png\" alt=\"Article Efficience21 - m\u00e9dias pt\" width=\"664\" height=\"150\" srcset=\"https:\/\/www.en-autarcie.ch\/wp-content\/uploads\/2016\/02\/Article-Efficience21-m\u00e9dias-pt.png 664w, https:\/\/www.en-autarcie.ch\/wp-content\/uploads\/2016\/02\/Article-Efficience21-m\u00e9dias-pt-300x68.png 300w\" sizes=\"(max-width: 664px) 100vw, 664px\" \/><\/a><\/p>\n<p>&nbsp;<\/p>\n<p><a href=\"http:\/\/www.en-autarcie.ch\/index.php\/carnets-de-construction\/article-de-presse-la-maison-autarcique-sort-de-terre-24-heures-26-octobre-2015\/\"><img loading=\"lazy\" class=\"wp-image-613 size-full alignnone\" src=\"http:\/\/www.en-autarcie.ch\/wp-content\/uploads\/2016\/02\/Article-24-heures-m\u00e9dias.png\" alt=\"Article 24 heures - m\u00e9dias\" width=\"645\" height=\"131\" srcset=\"https:\/\/www.en-autarcie.ch\/wp-content\/uploads\/2016\/02\/Article-24-heures-m\u00e9dias.png 645w, https:\/\/www.en-autarcie.ch\/wp-content\/uploads\/2016\/02\/Article-24-heures-m\u00e9dias-300x61.png 300w\" sizes=\"(max-width: 645px) 100vw, 645px\" \/><\/a><\/p>\n<p>&nbsp;<\/p>\n<p><a href=\"http:\/\/www.en-autarcie.ch\/index.php\/carnets-de-construction\/29-09-15-article-de-presse-du-developpement-durable-maison-laliberte\/\"><img loading=\"lazy\" class=\"wp-image-614 size-full alignnone\" src=\"http:\/\/www.en-autarcie.ch\/wp-content\/uploads\/2016\/02\/Article-La-Libert\u00e9-m\u00e9dias.png\" alt=\"Article La Libert\u00e9 - m\u00e9dias\" width=\"685\" height=\"123\" srcset=\"https:\/\/www.en-autarcie.ch\/wp-content\/uploads\/2016\/02\/Article-La-Libert\u00e9-m\u00e9dias.png 685w, https:\/\/www.en-autarcie.ch\/wp-content\/uploads\/2016\/02\/Article-La-Libert\u00e9-m\u00e9dias-300x54.png 300w\" sizes=\"(max-width: 685px) 100vw, 685px\" \/><\/a><\/p>\n<h2><\/h2>\n<h2>Etes-vous un m\u00e9dia, un journaliste?<\/h2>\n<p>Vous \u00eates un m\u00e9dia et souhaitez diffuser un article sur\u00a0ce projet pilote? Super!\u00a0Merci de prendre contact avec nous\u00a0<a href=\"http:\/\/www.en-autarcie.ch\/index.php\/contactez-nous\/\">ici<\/a> et nous vous fournirons tout ce dont vous avez besoin (photos, vid\u00e9os, donn\u00e9es techniques,&#8230;).<\/p>\n","protected":false},"excerpt":{"rendered":"<p>Bienvenue sur l&rsquo;espace m\u00e9dia du projet En Autarcie. Sur cette page vous trouvez les derniers articles de presses parus ou diffus\u00e9s concernant le projet En Autarcie. Interview de la RTS au 1er \u00e9tage de la maison autarcique. De gauche \u00e0 droite: Marc Muller, Corinne D\u00e9costerd, Carole Pontet, Nathaniel Michel. &nbsp; Article de m\u00e9dias parus r\u00e9cemment: [&hellip;]<\/p>\n","protected":false},"author":2,"featured_media":0,"parent":0,"menu_order":0,"comment_status":"closed","ping_status":"closed","template":"","meta":{"ngg_post_thumbnail":0},"yoast_head":"<!-- This site is optimized with the Yoast SEO plugin v20.6 - https:\/\/yoast.com\/wordpress\/plugins\/seo\/ -->\n<title>M\u00e9dias et parutions m\u00e9diatiques - Maison Autarcique<\/title>\n<meta name=\"robots\" content=\"index, follow, max-snippet:-1, max-image-preview:large, max-video-preview:-1\" \/>\n<link rel=\"canonical\" href=\"http:\/\/www.en-autarcie.ch\/index.php\/medias-et-publications-mediatiques\/\" \/>\n<meta property=\"og:locale\" content=\"fr_FR\" \/>\n<meta property=\"og:type\" content=\"article\" \/>\n<meta property=\"og:title\" content=\"M\u00e9dias et parutions m\u00e9diatiques - Maison Autarcique\" \/>\n<meta property=\"og:description\" content=\"Bienvenue sur l&rsquo;espace m\u00e9dia du projet En Autarcie. Sur cette page vous trouvez les derniers articles de presses parus ou diffus\u00e9s concernant le projet En Autarcie. Interview de la RTS au 1er \u00e9tage de la maison autarcique. De gauche \u00e0 droite: Marc Muller, Corinne D\u00e9costerd, Carole Pontet, Nathaniel Michel. &nbsp; Article de m\u00e9dias parus r\u00e9cemment: [&hellip;]\" \/>\n<meta property=\"og:url\" content=\"http:\/\/www.en-autarcie.ch\/index.php\/medias-et-publications-mediatiques\/\" \/>\n<meta property=\"og:site_name\" content=\"Maison Autarcique\" \/>\n<meta property=\"article:modified_time\" content=\"2017-02-12T19:28:04+00:00\" \/>\n<meta property=\"og:image\" content=\"http:\/\/www.en-autarcie.ch\/wp-content\/uploads\/2016\/02\/Interview-RTS.png\" \/>\n<meta name=\"twitter:card\" content=\"summary_large_image\" \/>\n<meta name=\"twitter:label1\" content=\"Dur\u00e9e de lecture estim\u00e9e\" \/>\n\t<meta name=\"twitter:data1\" content=\"1 minute\" \/>\n<script type=\"application\/ld+json\" class=\"yoast-schema-graph\">{\"@context\":\"https:\/\/schema.org\",\"@graph\":[{\"@type\":\"WebPage\",\"@id\":\"http:\/\/www.en-autarcie.ch\/index.php\/medias-et-publications-mediatiques\/\",\"url\":\"http:\/\/www.en-autarcie.ch\/index.php\/medias-et-publications-mediatiques\/\",\"name\":\"M\u00e9dias et parutions m\u00e9diatiques - Maison Autarcique\",\"isPartOf\":{\"@id\":\"https:\/\/www.en-autarcie.ch\/#website\"},\"datePublished\":\"2016-02-29T17:36:27+00:00\",\"dateModified\":\"2017-02-12T19:28:04+00:00\",\"breadcrumb\":{\"@id\":\"http:\/\/www.en-autarcie.ch\/index.php\/medias-et-publications-mediatiques\/#breadcrumb\"},\"inLanguage\":\"fr-FR\",\"potentialAction\":[{\"@type\":\"ReadAction\",\"target\":[\"http:\/\/www.en-autarcie.ch\/index.php\/medias-et-publications-mediatiques\/\"]}]},{\"@type\":\"BreadcrumbList\",\"@id\":\"http:\/\/www.en-autarcie.ch\/index.php\/medias-et-publications-mediatiques\/#breadcrumb\",\"itemListElement\":[{\"@type\":\"ListItem\",\"position\":1,\"name\":\"Accueil\",\"item\":\"https:\/\/www.en-autarcie.ch\/\"},{\"@type\":\"ListItem\",\"position\":2,\"name\":\"M\u00e9dias et parutions m\u00e9diatiques\"}]},{\"@type\":\"WebSite\",\"@id\":\"https:\/\/www.en-autarcie.ch\/#website\",\"url\":\"https:\/\/www.en-autarcie.ch\/\",\"name\":\"Maison Autarcique\",\"description\":\"Premi\u00e8re maison autarcique, low-tech et permaculture de Suisse.\",\"potentialAction\":[{\"@type\":\"SearchAction\",\"target\":{\"@type\":\"EntryPoint\",\"urlTemplate\":\"https:\/\/www.en-autarcie.ch\/?s={search_term_string}\"},\"query-input\":\"required name=search_term_string\"}],\"inLanguage\":\"fr-FR\"}]}<\/script>\n<!-- \/ Yoast SEO plugin. -->","yoast_head_json":{"title":"M\u00e9dias et parutions m\u00e9diatiques - Maison Autarcique","robots":{"index":"index","follow":"follow","max-snippet":"max-snippet:-1","max-image-preview":"max-image-preview:large","max-video-preview":"max-video-preview:-1"},"canonical":"http:\/\/www.en-autarcie.ch\/index.php\/medias-et-publications-mediatiques\/","og_locale":"fr_FR","og_type":"article","og_title":"M\u00e9dias et parutions m\u00e9diatiques - Maison Autarcique","og_description":"Bienvenue sur l&rsquo;espace m\u00e9dia du projet En Autarcie. Sur cette page vous trouvez les derniers articles de presses parus ou diffus\u00e9s concernant le projet En Autarcie. Interview de la RTS au 1er \u00e9tage de la maison autarcique. De gauche \u00e0 droite: Marc Muller, Corinne D\u00e9costerd, Carole Pontet, Nathaniel Michel. &nbsp; Article de m\u00e9dias parus r\u00e9cemment: [&hellip;]","og_url":"http:\/\/www.en-autarcie.ch\/index.php\/medias-et-publications-mediatiques\/","og_site_name":"Maison Autarcique","article_modified_time":"2017-02-12T19:28:04+00:00","og_image":[{"url":"http:\/\/www.en-autarcie.ch\/wp-content\/uploads\/2016\/02\/Interview-RTS.png"}],"twitter_card":"summary_large_image","twitter_misc":{"Dur\u00e9e de lecture estim\u00e9e":"1 minute"},"schema":{"@context":"https:\/\/schema.org","@graph":[{"@type":"WebPage","@id":"http:\/\/www.en-autarcie.ch\/index.php\/medias-et-publications-mediatiques\/","url":"http:\/\/www.en-autarcie.ch\/index.php\/medias-et-publications-mediatiques\/","name":"M\u00e9dias et parutions m\u00e9diatiques - Maison Autarcique","isPartOf":{"@id":"https:\/\/www.en-autarcie.ch\/#website"},"datePublished":"2016-02-29T17:36:27+00:00","dateModified":"2017-02-12T19:28:04+00:00","breadcrumb":{"@id":"http:\/\/www.en-autarcie.ch\/index.php\/medias-et-publications-mediatiques\/#breadcrumb"},"inLanguage":"fr-FR","potentialAction":[{"@type":"ReadAction","target":["http:\/\/www.en-autarcie.ch\/index.php\/medias-et-publications-mediatiques\/"]}]},{"@type":"BreadcrumbList","@id":"http:\/\/www.en-autarcie.ch\/index.php\/medias-et-publications-mediatiques\/#breadcrumb","itemListElement":[{"@type":"ListItem","position":1,"name":"Accueil","item":"https:\/\/www.en-autarcie.ch\/"},{"@type":"ListItem","position":2,"name":"M\u00e9dias et parutions m\u00e9diatiques"}]},{"@type":"WebSite","@id":"https:\/\/www.en-autarcie.ch\/#website","url":"https:\/\/www.en-autarcie.ch\/","name":"Maison Autarcique","description":"Premi\u00e8re maison autarcique, low-tech et permaculture de Suisse.","potentialAction":[{"@type":"SearchAction","target":{"@type":"EntryPoint","urlTemplate":"https:\/\/www.en-autarcie.ch\/?s={search_term_string}"},"query-input":"required name=search_term_string"}],"inLanguage":"fr-FR"}]}},"_links":{"self":[{"href":"https:\/\/www.en-autarcie.ch\/index.php\/wp-json\/wp\/v2\/pages\/612"}],"collection":[{"href":"https:\/\/www.en-autarcie.ch\/index.php\/wp-json\/wp\/v2\/pages"}],"about":[{"href":"https:\/\/www.en-autarcie.ch\/index.php\/wp-json\/wp\/v2\/types\/page"}],"author":[{"embeddable":true,"href":"https:\/\/www.en-autarcie.ch\/index.php\/wp-json\/wp\/v2\/users\/2"}],"replies":[{"embeddable":true,"href":"https:\/\/www.en-autarcie.ch\/index.php\/wp-json\/wp\/v2\/comments?post=612"}],"version-history":[{"count":24,"href":"https:\/\/www.en-autarcie.ch\/index.php\/wp-json\/wp\/v2\/pages\/612\/revisions"}],"predecessor-version":[{"id":626,"href":"https:\/\/www.en-autarcie.ch\/index.php\/wp-json\/wp\/v2\/pages\/612\/revisions\/626"}],"wp:attachment":[{"href":"https:\/\/www.en-autarcie.ch\/index.php\/wp-json\/wp\/v2\/media?parent=612"}],"curies":[{"name":"wp","href":"https:\/\/api.w.org\/{rel}","templated":true}]}}