{"id":978,"date":"2017-01-03T21:30:05","date_gmt":"2017-01-03T20:30:05","guid":{"rendered":"http:\/\/www.en-autarcie.ch\/?page_id=978"},"modified":"2017-01-04T20:42:47","modified_gmt":"2017-01-04T19:42:47","slug":"se-passe-journee-plus-courte-de-lannee-brouillard-maison-autarcique-21-12-16","status":"publish","type":"page","link":"https:\/\/www.en-autarcie.ch\/index.php\/carnets-de-construction\/se-passe-journee-plus-courte-de-lannee-brouillard-maison-autarcique-21-12-16\/","title":{"rendered":"Comment se passe la journ\u00e9e la plus courte de l&rsquo;ann\u00e9e sous le brouillard dans une maison autarcique? 21.12.16"},"content":{"rendered":"<div class=\"fcbkbttn_buttons_block\" id=\"fcbkbttn_left\"><div class=\"fcbkbttn_button\">\n\t\t\t\t\t<a href=\"https:\/\/www.facebook.com\/\" target=\"_blank\">\n\t\t\t\t\t\t<img src=\"https:\/\/www.en-autarcie.ch\/wp-content\/plugins\/facebook-button-plugin\/images\/standard-facebook-ico.png\" alt=\"Fb-Button\" \/>\n\t\t\t\t\t<\/a>\n\t\t\t\t<\/div><div class=\"fcbkbttn_like \"><fb:like href=\"https:\/\/www.en-autarcie.ch\/index.php\/carnets-de-construction\/se-passe-journee-plus-courte-de-lannee-brouillard-maison-autarcique-21-12-16\/\" action=\"like\" colorscheme=\"light\" layout=\"standard\"  width=\"225px\" size=\"small\"><\/fb:like><\/div><\/div><h4>Le mois de d\u00e9cembre 2016 aura \u00e9t\u00e9 un vrai calvaire pour tout amateur de maison solaire&#8230; 30 jours d&rsquo;affil\u00e9e de\u00a0brouillard \u00e0 couper au couteau. Mais alors comment vit-on dans une maison autarcique solaire \u00e0 cette p\u00e9riode de l&rsquo;ann\u00e9e?<\/h4>\n<p>&nbsp;<\/p>\n<p>Il faut mentionner que tous les syst\u00e8mes techniques ne sont pas encore termin\u00e9s sur le chantier. Mais l\u2019alimentation en \u00e9lectricit\u00e9 est op\u00e9rationnelle. Petit tour d\u2019horizon avec Marc Muller, initiateur du projet EnAutarcie, d\u2019une maison qui ne fonctionne sans aucune autre ressource que le soleil et quelques b\u00fbches de bois, apr\u00e8s quatre semaines de brouillard\u00a0!<\/p>\n<p>&nbsp;<\/p>\n<p><strong>EnAutarcie\u00a0: Pourriez-vous nous rappeler comment fonctionne le syst\u00e8me \u00e9lectrique de la maison\u00a0?<\/strong><\/p>\n<p><a href=\"http:\/\/www.en-autarcie.ch\/wp-content\/uploads\/2015\/10\/Portrait-Marc-e1443906001171.png\" rel=\"attachment wp-att-314\"><img loading=\"lazy\" class=\"wp-image-314 alignleft\" src=\"http:\/\/www.en-autarcie.ch\/wp-content\/uploads\/2015\/10\/Portrait-Marc-698x1024.png\" alt=\"Portrait Marc Muller\" width=\"94\" height=\"138\" \/><\/a>Marc Muller, initiateur du projet\u00a0:<\/p>\n<p>Des panneaux solaires photovolta\u00efques d\u2019une puissance de 15kW produisent de l\u2019\u00e9lectricit\u00e9. Celle-ci alimente des batteries 48V. Ensuite un onduleur produit du 230V pour le r\u00e9seau de la maison. Dans les prises \u00e9lectriques, il n&rsquo;y a aucune diff\u00e9rence avec une autre maison.<\/p>\n<p>&nbsp;<\/p>\n<p><strong>EA\u00a0: Mais alors pour que cela fonctionne, les jours de brouillard d&rsquo;hiver, vous devez vous priver d&rsquo;\u00e9lectricit\u00e9 ? Sinon ce n\u2019est pas possible\u00a0?<\/strong><\/p>\n<p><a href=\"http:\/\/www.en-autarcie.ch\/wp-content\/uploads\/2017\/01\/16-12-21-nuit.png\" rel=\"attachment wp-att-982\"><img loading=\"lazy\" class=\"wp-image-982 alignleft\" src=\"http:\/\/www.en-autarcie.ch\/wp-content\/uploads\/2017\/01\/16-12-21-nuit-1024x679.png\" alt=\"16-12-21-nuit\" width=\"419\" height=\"278\" srcset=\"https:\/\/www.en-autarcie.ch\/wp-content\/uploads\/2017\/01\/16-12-21-nuit-1024x679.png 1024w, https:\/\/www.en-autarcie.ch\/wp-content\/uploads\/2017\/01\/16-12-21-nuit-300x199.png 300w, https:\/\/www.en-autarcie.ch\/wp-content\/uploads\/2017\/01\/16-12-21-nuit-768x509.png 768w, https:\/\/www.en-autarcie.ch\/wp-content\/uploads\/2017\/01\/16-12-21-nuit.png 1500w\" sizes=\"(max-width: 419px) 100vw, 419px\" \/><\/a>MM\u00a0: Nous \u00e9conomisons l\u2019\u00e9lectricit\u00e9 en utilisant des appareils efficaces. Ces derniers sont des mod\u00e8les A+++ et sont incroyablement \u00e9conomes en \u00e9nergie. Pour \u00e9clairer toute la maison (int\u00e9rieur et ext\u00e9rieur) durant la nuit, une puissance de 30W suffit gr\u00e2ce aux LED. 30W c\u2019est l\u2019\u00e9quivalent d\u2019une seule ampoule traditionnelle. Les nouveaux syst\u00e8mes d\u2019\u00e9clairage sont 10-20x plus efficaces\u00a0! C\u2019est la m\u00eame chose pour le frigo, la machine \u00e0 laver, le s\u00e8che-linge,\u2026 Nous \u00e9conomisons l\u2019\u00e9lectricit\u00e9 uniquement gr\u00e2ce \u00e0 la technologie, il n\u2019y aucune diff\u00e9rence avec une autre maison. Le but n\u2019est pas de se priver de quoi que ce soit.<\/p>\n<p>Mais il faut aussi dire que toute la maison a \u00e9t\u00e9 pens\u00e9e autour du concept d&rsquo;ind\u00e9pendance \u00e9nerg\u00e9tique. Ainsi, il n&rsquo;y a aucun appareil avec des stand-by dans la maison et l&rsquo;\u00e9lectronique solaire est vraiment tr\u00e8s performante.<\/p>\n<p>&nbsp;<\/p>\n<p><strong>EA\u00a0: Concr\u00e8tement, y\u2019a-t-il des limites \u00e0 ce genre de syst\u00e8me\u00a0?<\/strong><\/p>\n<p>MM\u00a0: Oui. C\u2019est quand m\u00eame important d\u2019avoir conscience qu\u2019il s\u2019agit d\u2019une maison autarcique. On ne peut pas consommer plus que ce que la nature ne nous donne. Si le m\u00eame soir (de d\u00e9cembre) on veut faire l\u2019aspirateur, laver 20 kg de linge et accueillir 10 personnes pour une raclette, l\u00e0 on atteindra les limites du syst\u00e8me. Il faut \u00eatre honn\u00eate, dans une pareille situation il faudra plut\u00f4t faire les lessives le lendemain\u00a0!<\/p>\n<p>A l&rsquo;inverse durant pr\u00e8s de 9-10 mois de l&rsquo;ann\u00e9e, il y a un immense surplus d&rsquo;\u00e9lectricit\u00e9 solaire. C&rsquo;est cocace de dire ici que la majorit\u00e9 de l&rsquo;ann\u00e9e on peut compl\u00e8tement gaspiller l&rsquo;\u00e9nergie, cela n&rsquo;a aucune importante. Il faut juste faire un peu attention de novembre \u00e0 janvier.<\/p>\n<p>&nbsp;<\/p>\n<p><strong>EA\u00a0: Combien produit votre installation solaire par jour\u00a0?<\/strong><\/p>\n<p>MM\u00a0: C\u2019est passionnant \u00e0 d\u00e9couvrir. Le besoin de la maison est d\u2019environ 3-5 kWh par jour. Or l\u2019installation solaire produit 5-9 kWh par jour en d\u00e9cembre les jours de brouillard\u00a0! C\u2019est vraiment la classe. Ca fonctionne tous les jours m\u00eame avec des toutes petites batteries.<\/p>\n<p>Le surplus d\u2019\u00e9lectricit\u00e9 est ensuite transform\u00e9 en chaleur dans les boilers pour la douche. Rien ne se perd\u00a0!<\/p>\n<p>&nbsp;<\/p>\n<p><strong>EA\u00a0: Ah justement, et l\u2019eau chaude pour la douche \u00e7a se passe comment\u00a0?<\/strong><\/p>\n<p>MM\u00a0: Il y a deux pompes-a-chaleur boilers de 600 litres. C\u2019est-\u00e0-dire qu\u2019on utilise l\u2019\u00e9nergie contenue dans l\u2019air pour chauffer l\u2019eau de la douche. Et la pompe-\u00e0-chaleur tourne avec le surplus d\u2019\u00e9lectricit\u00e9. Mais ici il faut avouer que c\u2019est un poil juste. Par exemple si on a envie de prendre deux bains de suite une semaine de brouillard, on n\u2019y arrive pas. D\u2019ici f\u00e9vrier arrivera encore un po\u00eale \u00e0 bois qui permettra \u00e9galement de chauffer l\u2019eau de la douche. Et l\u00e0, la maison sera 100% op\u00e9rationnelle.<\/p>\n","protected":false},"excerpt":{"rendered":"<p>Le mois de d\u00e9cembre 2016 aura \u00e9t\u00e9 un vrai calvaire pour tout amateur de maison solaire&#8230; 30 jours d&rsquo;affil\u00e9e de\u00a0brouillard \u00e0 couper au couteau. Mais alors comment vit-on dans une maison autarcique solaire \u00e0 cette p\u00e9riode de l&rsquo;ann\u00e9e? &nbsp; Il faut mentionner que tous les syst\u00e8mes techniques ne sont pas encore termin\u00e9s sur le chantier. [&hellip;]<\/p>\n","protected":false},"author":2,"featured_media":982,"parent":16,"menu_order":85,"comment_status":"closed","ping_status":"closed","template":"","meta":{"ngg_post_thumbnail":0},"yoast_head":"<!-- This site is optimized with the Yoast SEO plugin v20.6 - https:\/\/yoast.com\/wordpress\/plugins\/seo\/ -->\n<title>Comment se passe la journ\u00e9e la plus courte de l&#039;ann\u00e9e sous le brouillard dans une maison autarcique? 21.12.16 - Maison Autarcique<\/title>\n<meta name=\"robots\" content=\"index, follow, max-snippet:-1, max-image-preview:large, max-video-preview:-1\" \/>\n<link rel=\"canonical\" href=\"http:\/\/www.en-autarcie.ch\/index.php\/carnets-de-construction\/se-passe-journee-plus-courte-de-lannee-brouillard-maison-autarcique-21-12-16\/\" \/>\n<meta property=\"og:locale\" content=\"fr_FR\" \/>\n<meta property=\"og:type\" content=\"article\" \/>\n<meta property=\"og:title\" content=\"Comment se passe la journ\u00e9e la plus courte de l&#039;ann\u00e9e sous le brouillard dans une maison autarcique? 21.12.16 - Maison Autarcique\" \/>\n<meta property=\"og:description\" content=\"Le mois de d\u00e9cembre 2016 aura \u00e9t\u00e9 un vrai calvaire pour tout amateur de maison solaire&#8230; 30 jours d&rsquo;affil\u00e9e de\u00a0brouillard \u00e0 couper au couteau. Mais alors comment vit-on dans une maison autarcique solaire \u00e0 cette p\u00e9riode de l&rsquo;ann\u00e9e? &nbsp; Il faut mentionner que tous les syst\u00e8mes techniques ne sont pas encore termin\u00e9s sur le chantier. [&hellip;]\" \/>\n<meta property=\"og:url\" content=\"http:\/\/www.en-autarcie.ch\/index.php\/carnets-de-construction\/se-passe-journee-plus-courte-de-lannee-brouillard-maison-autarcique-21-12-16\/\" \/>\n<meta property=\"og:site_name\" content=\"Maison Autarcique\" \/>\n<meta property=\"article:modified_time\" content=\"2017-01-04T19:42:47+00:00\" \/>\n<meta property=\"og:image\" content=\"http:\/\/www.en-autarcie.ch\/wp-content\/uploads\/2017\/01\/16-12-21-nuit-1024x679.png\" \/>\n\t<meta property=\"og:image:width\" content=\"1024\" \/>\n\t<meta property=\"og:image:height\" content=\"679\" \/>\n\t<meta property=\"og:image:type\" content=\"image\/png\" \/>\n<meta name=\"twitter:card\" content=\"summary_large_image\" \/>\n<meta name=\"twitter:label1\" content=\"Dur\u00e9e de lecture estim\u00e9e\" \/>\n\t<meta name=\"twitter:data1\" content=\"3 minutes\" \/>\n<script type=\"application\/ld+json\" class=\"yoast-schema-graph\">{\"@context\":\"https:\/\/schema.org\",\"@graph\":[{\"@type\":\"WebPage\",\"@id\":\"http:\/\/www.en-autarcie.ch\/index.php\/carnets-de-construction\/se-passe-journee-plus-courte-de-lannee-brouillard-maison-autarcique-21-12-16\/\",\"url\":\"http:\/\/www.en-autarcie.ch\/index.php\/carnets-de-construction\/se-passe-journee-plus-courte-de-lannee-brouillard-maison-autarcique-21-12-16\/\",\"name\":\"Comment se passe la journ\u00e9e la plus courte de l'ann\u00e9e sous le brouillard dans une maison autarcique? 21.12.16 - Maison Autarcique\",\"isPartOf\":{\"@id\":\"http:\/\/www.en-autarcie.ch\/#website\"},\"datePublished\":\"2017-01-03T20:30:05+00:00\",\"dateModified\":\"2017-01-04T19:42:47+00:00\",\"breadcrumb\":{\"@id\":\"http:\/\/www.en-autarcie.ch\/index.php\/carnets-de-construction\/se-passe-journee-plus-courte-de-lannee-brouillard-maison-autarcique-21-12-16\/#breadcrumb\"},\"inLanguage\":\"fr-FR\",\"potentialAction\":[{\"@type\":\"ReadAction\",\"target\":[\"http:\/\/www.en-autarcie.ch\/index.php\/carnets-de-construction\/se-passe-journee-plus-courte-de-lannee-brouillard-maison-autarcique-21-12-16\/\"]}]},{\"@type\":\"BreadcrumbList\",\"@id\":\"http:\/\/www.en-autarcie.ch\/index.php\/carnets-de-construction\/se-passe-journee-plus-courte-de-lannee-brouillard-maison-autarcique-21-12-16\/#breadcrumb\",\"itemListElement\":[{\"@type\":\"ListItem\",\"position\":1,\"name\":\"Accueil\",\"item\":\"http:\/\/www.en-autarcie.ch\/\"},{\"@type\":\"ListItem\",\"position\":2,\"name\":\"Carnets de construction\",\"item\":\"http:\/\/www.en-autarcie.ch\/index.php\/carnets-de-construction\/\"},{\"@type\":\"ListItem\",\"position\":3,\"name\":\"Comment se passe la journ\u00e9e la plus courte de l&rsquo;ann\u00e9e sous le brouillard dans une maison autarcique? 21.12.16\"}]},{\"@type\":\"WebSite\",\"@id\":\"http:\/\/www.en-autarcie.ch\/#website\",\"url\":\"http:\/\/www.en-autarcie.ch\/\",\"name\":\"Maison Autarcique\",\"description\":\"Premi\u00e8re maison autarcique, low-tech et permaculture de Suisse.\",\"potentialAction\":[{\"@type\":\"SearchAction\",\"target\":{\"@type\":\"EntryPoint\",\"urlTemplate\":\"http:\/\/www.en-autarcie.ch\/?s={search_term_string}\"},\"query-input\":\"required name=search_term_string\"}],\"inLanguage\":\"fr-FR\"}]}<\/script>\n<!-- \/ Yoast SEO plugin. -->","yoast_head_json":{"title":"Comment se passe la journ\u00e9e la plus courte de l'ann\u00e9e sous le brouillard dans une maison autarcique? 21.12.16 - Maison Autarcique","robots":{"index":"index","follow":"follow","max-snippet":"max-snippet:-1","max-image-preview":"max-image-preview:large","max-video-preview":"max-video-preview:-1"},"canonical":"http:\/\/www.en-autarcie.ch\/index.php\/carnets-de-construction\/se-passe-journee-plus-courte-de-lannee-brouillard-maison-autarcique-21-12-16\/","og_locale":"fr_FR","og_type":"article","og_title":"Comment se passe la journ\u00e9e la plus courte de l'ann\u00e9e sous le brouillard dans une maison autarcique? 21.12.16 - Maison Autarcique","og_description":"Le mois de d\u00e9cembre 2016 aura \u00e9t\u00e9 un vrai calvaire pour tout amateur de maison solaire&#8230; 30 jours d&rsquo;affil\u00e9e de\u00a0brouillard \u00e0 couper au couteau. Mais alors comment vit-on dans une maison autarcique solaire \u00e0 cette p\u00e9riode de l&rsquo;ann\u00e9e? &nbsp; Il faut mentionner que tous les syst\u00e8mes techniques ne sont pas encore termin\u00e9s sur le chantier. [&hellip;]","og_url":"http:\/\/www.en-autarcie.ch\/index.php\/carnets-de-construction\/se-passe-journee-plus-courte-de-lannee-brouillard-maison-autarcique-21-12-16\/","og_site_name":"Maison Autarcique","article_modified_time":"2017-01-04T19:42:47+00:00","og_image":[{"width":1024,"height":679,"url":"http:\/\/www.en-autarcie.ch\/wp-content\/uploads\/2017\/01\/16-12-21-nuit-1024x679.png","type":"image\/png"}],"twitter_card":"summary_large_image","twitter_misc":{"Dur\u00e9e de lecture estim\u00e9e":"3 minutes"},"schema":{"@context":"https:\/\/schema.org","@graph":[{"@type":"WebPage","@id":"http:\/\/www.en-autarcie.ch\/index.php\/carnets-de-construction\/se-passe-journee-plus-courte-de-lannee-brouillard-maison-autarcique-21-12-16\/","url":"http:\/\/www.en-autarcie.ch\/index.php\/carnets-de-construction\/se-passe-journee-plus-courte-de-lannee-brouillard-maison-autarcique-21-12-16\/","name":"Comment se passe la journ\u00e9e la plus courte de l'ann\u00e9e sous le brouillard dans une maison autarcique? 21.12.16 - Maison Autarcique","isPartOf":{"@id":"http:\/\/www.en-autarcie.ch\/#website"},"datePublished":"2017-01-03T20:30:05+00:00","dateModified":"2017-01-04T19:42:47+00:00","breadcrumb":{"@id":"http:\/\/www.en-autarcie.ch\/index.php\/carnets-de-construction\/se-passe-journee-plus-courte-de-lannee-brouillard-maison-autarcique-21-12-16\/#breadcrumb"},"inLanguage":"fr-FR","potentialAction":[{"@type":"ReadAction","target":["http:\/\/www.en-autarcie.ch\/index.php\/carnets-de-construction\/se-passe-journee-plus-courte-de-lannee-brouillard-maison-autarcique-21-12-16\/"]}]},{"@type":"BreadcrumbList","@id":"http:\/\/www.en-autarcie.ch\/index.php\/carnets-de-construction\/se-passe-journee-plus-courte-de-lannee-brouillard-maison-autarcique-21-12-16\/#breadcrumb","itemListElement":[{"@type":"ListItem","position":1,"name":"Accueil","item":"http:\/\/www.en-autarcie.ch\/"},{"@type":"ListItem","position":2,"name":"Carnets de construction","item":"http:\/\/www.en-autarcie.ch\/index.php\/carnets-de-construction\/"},{"@type":"ListItem","position":3,"name":"Comment se passe la journ\u00e9e la plus courte de l&rsquo;ann\u00e9e sous le brouillard dans une maison autarcique? 21.12.16"}]},{"@type":"WebSite","@id":"http:\/\/www.en-autarcie.ch\/#website","url":"http:\/\/www.en-autarcie.ch\/","name":"Maison Autarcique","description":"Premi\u00e8re maison autarcique, low-tech et permaculture de Suisse.","potentialAction":[{"@type":"SearchAction","target":{"@type":"EntryPoint","urlTemplate":"http:\/\/www.en-autarcie.ch\/?s={search_term_string}"},"query-input":"required name=search_term_string"}],"inLanguage":"fr-FR"}]}},"_links":{"self":[{"href":"https:\/\/www.en-autarcie.ch\/index.php\/wp-json\/wp\/v2\/pages\/978"}],"collection":[{"href":"https:\/\/www.en-autarcie.ch\/index.php\/wp-json\/wp\/v2\/pages"}],"about":[{"href":"https:\/\/www.en-autarcie.ch\/index.php\/wp-json\/wp\/v2\/types\/page"}],"author":[{"embeddable":true,"href":"https:\/\/www.en-autarcie.ch\/index.php\/wp-json\/wp\/v2\/users\/2"}],"replies":[{"embeddable":true,"href":"https:\/\/www.en-autarcie.ch\/index.php\/wp-json\/wp\/v2\/comments?post=978"}],"version-history":[{"count":5,"href":"https:\/\/www.en-autarcie.ch\/index.php\/wp-json\/wp\/v2\/pages\/978\/revisions"}],"predecessor-version":[{"id":996,"href":"https:\/\/www.en-autarcie.ch\/index.php\/wp-json\/wp\/v2\/pages\/978\/revisions\/996"}],"up":[{"embeddable":true,"href":"https:\/\/www.en-autarcie.ch\/index.php\/wp-json\/wp\/v2\/pages\/16"}],"wp:featuredmedia":[{"embeddable":true,"href":"https:\/\/www.en-autarcie.ch\/index.php\/wp-json\/wp\/v2\/media\/982"}],"wp:attachment":[{"href":"https:\/\/www.en-autarcie.ch\/index.php\/wp-json\/wp\/v2\/media?parent=978"}],"curies":[{"name":"wp","href":"https:\/\/api.w.org\/{rel}","templated":true}]}}